{"id":2580,"date":"2021-10-25T08:49:21","date_gmt":"2021-10-25T08:49:21","guid":{"rendered":"https:\/\/protect-lawyers.org\/publicaciones\/"},"modified":"2025-03-12T12:38:58","modified_gmt":"2025-03-12T12:38:58","slug":"veroeffentlichungen","status":"publish","type":"page","link":"https:\/\/protect-lawyers.org\/de\/veroeffentlichungen\/","title":{"rendered":"Ver\u00f6ffentlichungen"},"content":{"rendered":"\t\t<div data-elementor-type=\"wp-page\" data-elementor-id=\"2580\" class=\"elementor elementor-2580 elementor-1262\">\n\t\t\t\t\t\t<section class=\"elementor-section elementor-top-section elementor-element elementor-element-4a250f62 elementor-section-full_width elementor-section-height-default elementor-section-height-default\" data-id=\"4a250f62\" data-element_type=\"section\" data-e-type=\"section\">\n\t\t\t\t\t\t<div class=\"elementor-container elementor-column-gap-default\">\n\t\t\t\t\t<div class=\"elementor-column elementor-col-100 elementor-top-column elementor-element elementor-element-575b1e32\" data-id=\"575b1e32\" data-element_type=\"column\" data-e-type=\"column\">\n\t\t\t<div class=\"elementor-widget-wrap elementor-element-populated\">\n\t\t\t\t\t\t<div class=\"elementor-element elementor-element-44d8ecaf premium-blog-align-left elementor-widget elementor-widget-premium-addon-blog\" data-id=\"44d8ecaf\" data-element_type=\"widget\" data-e-type=\"widget\" data-settings=\"{&quot;force_height&quot;:&quot;true&quot;,&quot;premium_blog_columns_number&quot;:&quot;25%&quot;,&quot;premium_blog_grid&quot;:&quot;yes&quot;,&quot;premium_blog_layout&quot;:&quot;even&quot;,&quot;premium_blog_columns_number_tablet&quot;:&quot;50%&quot;,&quot;premium_blog_columns_number_mobile&quot;:&quot;100%&quot;,&quot;scroll_to_offset&quot;:&quot;yes&quot;}\" data-widget_type=\"premium-addon-blog.default\">\n\t\t\t\t<div class=\"elementor-widget-container\">\n\t\t\t\t\t\n\t\t\n\n\t\t\t\t<div class=\"premium-blog-wrap  premium-blog-even\" data-page=\"2580\" data-pagination=\"true\">\n\t\t\t\t\t\t\t\t\t<div class=\"premium-blog-post-outer-container\" data-total=\"5\">\n\t\t\t<div class=\"premium-blog-post-container premium-blog-skin-classic\">\n\t\t\t\t\t\t\t\t\t<div class=\"premium-blog-thumb-effect-wrapper\">\n\t\t\t\t\t\t<div class=\"premium-blog-thumbnail-container premium-blog-zoomin-effect\">\n\t\t\t\t\t\t\t<img fetchpriority=\"high\" decoding=\"async\" width=\"520\" height=\"327\" src=\"https:\/\/protect-lawyers.org\/wp-content\/uploads\/Bandera-de-Tunez-520x327.jpg\" class=\"attachment-listeo-listing-grid size-listeo-listing-grid wp-image-16121\" alt=\"\" \/>\t\t\t\t\t\t<\/div>\n\t\t\t\t\t\t\t\t\t\t\t\t\t<div class=\"premium-blog-thumbnail-overlay\">\n\t\t\t\t\t\t\t\t<a class=\"elementor-icon\" href=\"https:\/\/protect-lawyers.org\/de\/justizbeobachtungsmission-prozess-gegen-ahmed-souab\/\" target=\"_self\"><\/a>\n\t\t\t\t\t\t\t<\/div>\n\n\t\t\t\t\t\t\t\t\t\t\t\t\t\t\t\t\t\t<\/div>\n\t\t\t\t\t\t\t\t\t\t\t\t<div class=\"premium-blog-content-wrapper \">\n\n\t\t\t\t\t<div class=\"premium-blog-inner-container\">\n\n\t\t\t\t\t\t\t\t\t\t\t\t\t\t<h2 class=\"premium-blog-entry-title\">\n\t\t\t<a href=\"https:\/\/protect-lawyers.org\/de\/justizbeobachtungsmission-prozess-gegen-ahmed-souab\/\" target=\"_self\">\n\t\t\t\tJustizbeobachtungsmission \u2013 Prozess gegen Ahmed Souab\t\t\t<\/a>\n\t\t<\/h2>\n\t\t\t\t<div class=\"premium-blog-entry-meta\">\n\t\t\t\n\t\t\t\n\t\t\t\n\t\t\t\t\t<\/div>\n\t\t\n\t\t\t\t\t<\/div>\n\n\t\t\t\t\t\t\t<div class=\"premium-blog-content-inner-wrapper\">\n\t\t<p class=\"premium-blog-post-content\">Beobachtung des Prozesses gegen: Ahmed Souab Datum der Verhandlung: 23. Februar 2026 Datum des Berichts: M\u00e4rz 2026 Beschreibung: Alessandro Magoni \u2026<\/p>\t\t<\/div>\n\t\t\t\t\t\t\t\n\t\t\t\t<\/div>\n\t\t\t<\/div>\n\t\t<\/div>\n\n\t\t\t\t<div class=\"premium-blog-post-outer-container\" data-total=\"5\">\n\t\t\t<div class=\"premium-blog-post-container premium-blog-skin-classic\">\n\t\t\t\t\t\t\t\t\t<div class=\"premium-blog-thumb-effect-wrapper\">\n\t\t\t\t\t\t<div class=\"premium-blog-thumbnail-container premium-blog-zoomin-effect\">\n\t\t\t\t\t\t\t<img decoding=\"async\" width=\"520\" height=\"397\" src=\"https:\/\/protect-lawyers.org\/wp-content\/uploads\/GUATEMALA-Rapport-de-la-Mission-internationale-520x397.png\" class=\"attachment-listeo-listing-grid size-listeo-listing-grid wp-image-25274\" alt=\"\" \/>\t\t\t\t\t\t<\/div>\n\t\t\t\t\t\t\t\t\t\t\t\t\t<div class=\"premium-blog-thumbnail-overlay\">\n\t\t\t\t\t\t\t\t<a class=\"elementor-icon\" href=\"https:\/\/protect-lawyers.org\/de\/guatemala-bericht-der-internationalen-juristenmission-fuer-guatemala\/\" target=\"_self\"><\/a>\n\t\t\t\t\t\t\t<\/div>\n\n\t\t\t\t\t\t\t\t\t\t\t\t\t\t\t\t\t\t<\/div>\n\t\t\t\t\t\t\t\t\t\t\t\t<div class=\"premium-blog-content-wrapper \">\n\n\t\t\t\t\t<div class=\"premium-blog-inner-container\">\n\n\t\t\t\t\t\t\t\t\t\t\t\t\t\t<h2 class=\"premium-blog-entry-title\">\n\t\t\t<a href=\"https:\/\/protect-lawyers.org\/de\/guatemala-bericht-der-internationalen-juristenmission-fuer-guatemala\/\" target=\"_self\">\n\t\t\t\tGUATEMALA \/ Bericht der Internationalen Juristenmission f\u00fcr Guatemala\t\t\t<\/a>\n\t\t<\/h2>\n\t\t\t\t<div class=\"premium-blog-entry-meta\">\n\t\t\t\n\t\t\t\n\t\t\t\n\t\t\t\t\t<\/div>\n\t\t\n\t\t\t\t\t<\/div>\n\n\t\t\t\t\t\t\t<div class=\"premium-blog-content-inner-wrapper\">\n\t\t<p class=\"premium-blog-post-content\">Titel des Berichts: Klima der Angst: die Anwaltschaft und die Unabh\u00e4ngigkeit der Justiz in Gefahr Datum des Berichts: M\u00e4rz 2026 \u2026<\/p>\t\t<\/div>\n\t\t\t\t\t\t\t\n\t\t\t\t<\/div>\n\t\t\t<\/div>\n\t\t<\/div>\n\n\t\t\t\t<div class=\"premium-blog-post-outer-container\" data-total=\"5\">\n\t\t\t<div class=\"premium-blog-post-container premium-blog-skin-classic\">\n\t\t\t\t\t\t\t\t\t<div class=\"premium-blog-thumb-effect-wrapper\">\n\t\t\t\t\t\t<div class=\"premium-blog-thumbnail-container premium-blog-zoomin-effect\">\n\t\t\t\t\t\t\t<img fetchpriority=\"high\" decoding=\"async\" width=\"520\" height=\"327\" src=\"https:\/\/protect-lawyers.org\/wp-content\/uploads\/Bandera-de-Tunez-520x327.jpg\" class=\"attachment-listeo-listing-grid size-listeo-listing-grid wp-image-16121\" alt=\"\" \/>\t\t\t\t\t\t<\/div>\n\t\t\t\t\t\t\t\t\t\t\t\t\t<div class=\"premium-blog-thumbnail-overlay\">\n\t\t\t\t\t\t\t\t<a class=\"elementor-icon\" href=\"https:\/\/protect-lawyers.org\/de\/tunesien-justizbeobachtungsmission-prozess-von-sonia-dahmani\/\" target=\"_self\"><\/a>\n\t\t\t\t\t\t\t<\/div>\n\n\t\t\t\t\t\t\t\t\t\t\t\t\t\t\t\t\t\t<\/div>\n\t\t\t\t\t\t\t\t\t\t\t\t<div class=\"premium-blog-content-wrapper \">\n\n\t\t\t\t\t<div class=\"premium-blog-inner-container\">\n\n\t\t\t\t\t\t\t\t\t\t\t\t\t\t<h2 class=\"premium-blog-entry-title\">\n\t\t\t<a href=\"https:\/\/protect-lawyers.org\/de\/tunesien-justizbeobachtungsmission-prozess-von-sonia-dahmani\/\" target=\"_self\">\n\t\t\t\tTUNESIEN Justizbeobachtungsmission \u2013 Prozess von Sonia Dahmani\t\t\t<\/a>\n\t\t<\/h2>\n\t\t\t\t<div class=\"premium-blog-entry-meta\">\n\t\t\t\n\t\t\t\n\t\t\t\n\t\t\t\t\t<\/div>\n\t\t\n\t\t\t\t\t<\/div>\n\n\t\t\t\t\t\t\t<div class=\"premium-blog-content-inner-wrapper\">\n\t\t<p class=\"premium-blog-post-content\">Prozessbeobachtung des Verfahrens von: Sonia Dahmani Datum der Verhandlung: 6. Februar 2026 Datum des Berichts: 11. M\u00e4rz 2026 Beschreibung: Dieser \u2026<\/p>\t\t<\/div>\n\t\t\t\t\t\t\t\n\t\t\t\t<\/div>\n\t\t\t<\/div>\n\t\t<\/div>\n\n\t\t\t\t<div class=\"premium-blog-post-outer-container\" data-total=\"5\">\n\t\t\t<div class=\"premium-blog-post-container premium-blog-skin-classic\">\n\t\t\t\t\t\t\t\t\t<div class=\"premium-blog-thumb-effect-wrapper\">\n\t\t\t\t\t\t<div class=\"premium-blog-thumbnail-container premium-blog-zoomin-effect\">\n\t\t\t\t\t\t\t<img decoding=\"async\" width=\"520\" height=\"397\" src=\"https:\/\/protect-lawyers.org\/wp-content\/uploads\/ebru-520x397.jpg\" class=\"attachment-listeo-listing-grid size-listeo-listing-grid wp-image-25165\" alt=\"\" \/>\t\t\t\t\t\t<\/div>\n\t\t\t\t\t\t\t\t\t\t\t\t\t<div class=\"premium-blog-thumbnail-overlay\">\n\t\t\t\t\t\t\t\t<a class=\"elementor-icon\" href=\"https:\/\/protect-lawyers.org\/de\/bericht-ueber-den-internationalen-tag-des-fairen-verfahrens-2025-und-den-ebru-timtik-preis\/\" target=\"_self\"><\/a>\n\t\t\t\t\t\t\t<\/div>\n\n\t\t\t\t\t\t\t\t\t\t\t\t\t\t\t\t\t\t<\/div>\n\t\t\t\t\t\t\t\t\t\t\t\t<div class=\"premium-blog-content-wrapper \">\n\n\t\t\t\t\t<div class=\"premium-blog-inner-container\">\n\n\t\t\t\t\t\t\t\t\t\t\t\t\t\t<h2 class=\"premium-blog-entry-title\">\n\t\t\t<a href=\"https:\/\/protect-lawyers.org\/de\/bericht-ueber-den-internationalen-tag-des-fairen-verfahrens-2025-und-den-ebru-timtik-preis\/\" target=\"_self\">\n\t\t\t\tBericht \u00fcber den Internationalen Tag des fairen Verfahrens 2025 und den Ebru-Timtik-Preis\t\t\t<\/a>\n\t\t<\/h2>\n\t\t\t\t<div class=\"premium-blog-entry-meta\">\n\t\t\t\n\t\t\t\n\t\t\t\n\t\t\t\t\t<\/div>\n\t\t\n\t\t\t\t\t<\/div>\n\n\t\t\t\t\t\t\t<div class=\"premium-blog-content-inner-wrapper\">\n\t\t<p class=\"premium-blog-post-content\">Datum des Berichts: Februar 2026 Beschreibung: Der vorliegende Bericht fasst die Schlussfolgerungen des Internationalen Tages des fairen Verfahrens zusammen, der \u2026<\/p>\t\t<\/div>\n\t\t\t\t\t\t\t\n\t\t\t\t<\/div>\n\t\t\t<\/div>\n\t\t<\/div>\n\n\t\t\t\t<div class=\"premium-blog-post-outer-container\" data-total=\"5\">\n\t\t\t<div class=\"premium-blog-post-container premium-blog-skin-classic\">\n\t\t\t\t\t\t\t\t\t<div class=\"premium-blog-thumb-effect-wrapper\">\n\t\t\t\t\t\t<div class=\"premium-blog-thumbnail-container premium-blog-zoomin-effect\">\n\t\t\t\t\t\t\t<img loading=\"lazy\" decoding=\"async\" width=\"520\" height=\"397\" src=\"https:\/\/protect-lawyers.org\/wp-content\/uploads\/Turquia-post-II-520x397.jpg\" class=\"attachment-listeo-listing-grid size-listeo-listing-grid wp-image-17128\" alt=\"\" \/>\t\t\t\t\t\t<\/div>\n\t\t\t\t\t\t\t\t\t\t\t\t\t<div class=\"premium-blog-thumbnail-overlay\">\n\t\t\t\t\t\t\t\t<a class=\"elementor-icon\" href=\"https:\/\/protect-lawyers.org\/de\/tuerkei-schwere-haftstrafen-fuer-anwaelte-der-oehd-und-mitglieder-der-tuad-wegen-ihrer-beruflichen-taetigkeit-und-ihres-engagements-fuer-die-menschenrechte\/\" target=\"_self\"><\/a>\n\t\t\t\t\t\t\t<\/div>\n\n\t\t\t\t\t\t\t\t\t\t\t\t\t\t\t\t\t\t<\/div>\n\t\t\t\t\t\t\t\t\t\t\t\t<div class=\"premium-blog-content-wrapper \">\n\n\t\t\t\t\t<div class=\"premium-blog-inner-container\">\n\n\t\t\t\t\t\t\t\t\t\t\t\t\t\t<h2 class=\"premium-blog-entry-title\">\n\t\t\t<a href=\"https:\/\/protect-lawyers.org\/de\/tuerkei-schwere-haftstrafen-fuer-anwaelte-der-oehd-und-mitglieder-der-tuad-wegen-ihrer-beruflichen-taetigkeit-und-ihres-engagements-fuer-die-menschenrechte\/\" target=\"_self\">\n\t\t\t\tT\u00fcrkei: Schwere Haftstrafen f\u00fcr Anw\u00e4lte der \u00d6HD und Mitglieder der TUAD wegen ihrer beruflichen T\u00e4tigkeit und ihres Engagements f\u00fcr die Menschenrechte\t\t\t<\/a>\n\t\t<\/h2>\n\t\t\t\t<div class=\"premium-blog-entry-meta\">\n\t\t\t\n\t\t\t\n\t\t\t\n\t\t\t\t\t<\/div>\n\t\t\n\t\t\t\t\t<\/div>\n\n\t\t\t\t\t\t\t<div class=\"premium-blog-content-inner-wrapper\">\n\t\t<p class=\"premium-blog-post-content\">Das OIAD hat sich mit 33 Organisationen und Anwaltskammern zusammengetan, um die langen Haftstrafen zu verurteilen, die gegen Anw\u00e4lte der \u2026<\/p>\t\t<\/div>\n\t\t\t\t\t\t\t\n\t\t\t\t<\/div>\n\t\t\t<\/div>\n\t\t<\/div>\n\n\t\t\t\t<div class=\"premium-blog-post-outer-container\" data-total=\"5\">\n\t\t\t<div class=\"premium-blog-post-container premium-blog-skin-classic\">\n\t\t\t\t\t\t\t\t\t<div class=\"premium-blog-thumb-effect-wrapper\">\n\t\t\t\t\t\t<div class=\"premium-blog-thumbnail-container premium-blog-zoomin-effect\">\n\t\t\t\t\t\t\t<img loading=\"lazy\" decoding=\"async\" width=\"520\" height=\"397\" src=\"https:\/\/protect-lawyers.org\/wp-content\/uploads\/2026_02_Ficha-Pais-El-Salvador-OIAD-foto-520x397.jpg\" class=\"attachment-listeo-listing-grid size-listeo-listing-grid wp-image-25103\" alt=\"\" \/>\t\t\t\t\t\t<\/div>\n\t\t\t\t\t\t\t\t\t\t\t\t\t<div class=\"premium-blog-thumbnail-overlay\">\n\t\t\t\t\t\t\t\t<a class=\"elementor-icon\" href=\"https:\/\/protect-lawyers.org\/de\/el-salvador-der-anwaltsberuf-unter-scharfer-kritik-im-kontext-der-erosion-des-rechtsstaats\/\" target=\"_self\"><\/a>\n\t\t\t\t\t\t\t<\/div>\n\n\t\t\t\t\t\t\t\t\t\t\t\t\t\t\t\t\t\t<\/div>\n\t\t\t\t\t\t\t\t\t\t\t\t<div class=\"premium-blog-content-wrapper \">\n\n\t\t\t\t\t<div class=\"premium-blog-inner-container\">\n\n\t\t\t\t\t\t\t\t\t\t\t\t\t\t<h2 class=\"premium-blog-entry-title\">\n\t\t\t<a href=\"https:\/\/protect-lawyers.org\/de\/el-salvador-der-anwaltsberuf-unter-scharfer-kritik-im-kontext-der-erosion-des-rechtsstaats\/\" target=\"_self\">\n\t\t\t\tEl Salvador: Der Anwaltsberuf unter scharfer Kritik im Kontext der Erosion des Rechtsstaats\t\t\t<\/a>\n\t\t<\/h2>\n\t\t\t\t<div class=\"premium-blog-entry-meta\">\n\t\t\t\n\t\t\t\n\t\t\t\n\t\t\t\t\t<\/div>\n\t\t\n\t\t\t\t\t<\/div>\n\n\t\t\t\t\t\t\t<div class=\"premium-blog-content-inner-wrapper\">\n\t\t<p class=\"premium-blog-post-content\">Datum des Berichts: Februar 2026 Beschreibung: Der vorliegende Bericht, erstellt vom OIAD und Lawyers for Lawyers (L4L), analysiert die schwerwiegende \u2026<\/p>\t\t<\/div>\n\t\t\t\t\t\t\t\n\t\t\t\t<\/div>\n\t\t\t<\/div>\n\t\t<\/div>\n\n\t\t\t\t<div class=\"premium-blog-post-outer-container\" data-total=\"5\">\n\t\t\t<div class=\"premium-blog-post-container premium-blog-skin-classic\">\n\t\t\t\t\t\t\t\t\t<div class=\"premium-blog-thumb-effect-wrapper\">\n\t\t\t\t\t\t<div class=\"premium-blog-thumbnail-container premium-blog-zoomin-effect\">\n\t\t\t\t\t\t\t<img loading=\"lazy\" decoding=\"async\" width=\"520\" height=\"397\" src=\"https:\/\/protect-lawyers.org\/wp-content\/uploads\/flag_filipinas-520x397.jpg\" class=\"attachment-listeo-listing-grid size-listeo-listing-grid wp-image-17103\" alt=\"\" \/>\t\t\t\t\t\t<\/div>\n\t\t\t\t\t\t\t\t\t\t\t\t\t<div class=\"premium-blog-thumbnail-overlay\">\n\t\t\t\t\t\t\t\t<a class=\"elementor-icon\" href=\"https:\/\/protect-lawyers.org\/de\/philippinen-zwischenbericht-zur-upr-der-philippinen\/\" target=\"_self\"><\/a>\n\t\t\t\t\t\t\t<\/div>\n\n\t\t\t\t\t\t\t\t\t\t\t\t\t\t\t\t\t\t<\/div>\n\t\t\t\t\t\t\t\t\t\t\t\t<div class=\"premium-blog-content-wrapper \">\n\n\t\t\t\t\t<div class=\"premium-blog-inner-container\">\n\n\t\t\t\t\t\t\t\t\t\t\t\t\t\t<h2 class=\"premium-blog-entry-title\">\n\t\t\t<a href=\"https:\/\/protect-lawyers.org\/de\/philippinen-zwischenbericht-zur-upr-der-philippinen\/\" target=\"_self\">\n\t\t\t\tPHILIPPINEN: Zwischenbericht zur UPR der Philippinen\t\t\t<\/a>\n\t\t<\/h2>\n\t\t\t\t<div class=\"premium-blog-entry-meta\">\n\t\t\t\n\t\t\t\n\t\t\t\n\t\t\t\t\t<\/div>\n\t\t\n\t\t\t\t\t<\/div>\n\n\t\t\t\t\t\t\t<div class=\"premium-blog-content-inner-wrapper\">\n\t\t<p class=\"premium-blog-post-content\">Datum des Berichts: Februar 2026 Beschreibung: Das Internationale Observatorium f\u00fcr bedrohte Anw\u00e4lte (OIAD) hat in Zusammenarbeit mit Lawyers for Lawyers, \u2026<\/p>\t\t<\/div>\n\t\t\t\t\t\t\t\n\t\t\t\t<\/div>\n\t\t\t<\/div>\n\t\t<\/div>\n\n\t\t\t\t<div class=\"premium-blog-post-outer-container\" data-total=\"5\">\n\t\t\t<div class=\"premium-blog-post-container premium-blog-skin-classic\">\n\t\t\t\t\t\t\t\t\t<div class=\"premium-blog-thumb-effect-wrapper\">\n\t\t\t\t\t\t<div class=\"premium-blog-thumbnail-container premium-blog-zoomin-effect\">\n\t\t\t\t\t\t\t<img fetchpriority=\"high\" decoding=\"async\" width=\"520\" height=\"327\" src=\"https:\/\/protect-lawyers.org\/wp-content\/uploads\/Bandera-de-Tunez-520x327.jpg\" class=\"attachment-listeo-listing-grid size-listeo-listing-grid wp-image-16121\" alt=\"\" \/>\t\t\t\t\t\t<\/div>\n\t\t\t\t\t\t\t\t\t\t\t\t\t<div class=\"premium-blog-thumbnail-overlay\">\n\t\t\t\t\t\t\t\t<a class=\"elementor-icon\" href=\"https:\/\/protect-lawyers.org\/de\/justizbeobachtungsmission-prozess-gegen-sonia-dahmani\/\" target=\"_self\"><\/a>\n\t\t\t\t\t\t\t<\/div>\n\n\t\t\t\t\t\t\t\t\t\t\t\t\t\t\t\t\t\t<\/div>\n\t\t\t\t\t\t\t\t\t\t\t\t<div class=\"premium-blog-content-wrapper \">\n\n\t\t\t\t\t<div class=\"premium-blog-inner-container\">\n\n\t\t\t\t\t\t\t\t\t\t\t\t\t\t<h2 class=\"premium-blog-entry-title\">\n\t\t\t<a href=\"https:\/\/protect-lawyers.org\/de\/justizbeobachtungsmission-prozess-gegen-sonia-dahmani\/\" target=\"_self\">\n\t\t\t\tJustizbeobachtungsmission \u2013 Prozess gegen Sonia Dahmani\t\t\t<\/a>\n\t\t<\/h2>\n\t\t\t\t<div class=\"premium-blog-entry-meta\">\n\t\t\t\n\t\t\t\n\t\t\t\n\t\t\t\t\t<\/div>\n\t\t\n\t\t\t\t\t<\/div>\n\n\t\t\t\t\t\t\t<div class=\"premium-blog-content-inner-wrapper\">\n\t\t<p class=\"premium-blog-post-content\">Beobachtung des Prozesses gegen: Sonia Dahmani (Strafverhandlung bez\u00fcglich Aussagen zu Haftbedingungen) Datum der Gerichtsverhandlung: 26. Dezember 2025 Datum des Berichts: \u2026<\/p>\t\t<\/div>\n\t\t\t\t\t\t\t\n\t\t\t\t<\/div>\n\t\t\t<\/div>\n\t\t<\/div>\n\n\t\t\t\t<div class=\"premium-blog-post-outer-container\" data-total=\"5\">\n\t\t\t<div class=\"premium-blog-post-container premium-blog-skin-classic\">\n\t\t\t\t\t\t\t\t\t<div class=\"premium-blog-thumb-effect-wrapper\">\n\t\t\t\t\t\t<div class=\"premium-blog-thumbnail-container premium-blog-zoomin-effect\">\n\t\t\t\t\t\t\t<img loading=\"lazy\" decoding=\"async\" width=\"520\" height=\"397\" src=\"https:\/\/protect-lawyers.org\/wp-content\/uploads\/Turquia-post-II-520x397.jpg\" class=\"attachment-listeo-listing-grid size-listeo-listing-grid wp-image-17128\" alt=\"\" \/>\t\t\t\t\t\t<\/div>\n\t\t\t\t\t\t\t\t\t\t\t\t\t<div class=\"premium-blog-thumbnail-overlay\">\n\t\t\t\t\t\t\t\t<a class=\"elementor-icon\" href=\"https:\/\/protect-lawyers.org\/de\/gerichtliche-beobachtungsmission-strafprozess-gegen-den-praesidenten-der-anwaltskammer-istanbul-und-den-vorstand-der-anwaltskammer-2\/\" target=\"_self\"><\/a>\n\t\t\t\t\t\t\t<\/div>\n\n\t\t\t\t\t\t\t\t\t\t\t\t\t\t\t\t\t\t<\/div>\n\t\t\t\t\t\t\t\t\t\t\t\t<div class=\"premium-blog-content-wrapper \">\n\n\t\t\t\t\t<div class=\"premium-blog-inner-container\">\n\n\t\t\t\t\t\t\t\t\t\t\t\t\t\t<h2 class=\"premium-blog-entry-title\">\n\t\t\t<a href=\"https:\/\/protect-lawyers.org\/de\/gerichtliche-beobachtungsmission-strafprozess-gegen-den-praesidenten-der-anwaltskammer-istanbul-und-den-vorstand-der-anwaltskammer-2\/\" target=\"_self\">\n\t\t\t\tGerichtliche Beobachtungsmission \u2013 Strafprozess gegen den Pr\u00e4sidenten der Anwaltskammer Istanbul und den Vorstand der Anwaltskammer\t\t\t<\/a>\n\t\t<\/h2>\n\t\t\t\t<div class=\"premium-blog-entry-meta\">\n\t\t\t\n\t\t\t\n\t\t\t\n\t\t\t\t\t<\/div>\n\t\t\n\t\t\t\t\t<\/div>\n\n\t\t\t\t\t\t\t<div class=\"premium-blog-content-inner-wrapper\">\n\t\t<p class=\"premium-blog-post-content\">Beobachtung des Prozesses gegen:\u00a0Pr\u00e4sident der Anwaltskammer Istanbul und Rat der Anwaltskammer (Strafprozess) Datum der Mission: 5. bis 9. Januar 2026 \u2026<\/p>\t\t<\/div>\n\t\t\t\t\t\t\t\n\t\t\t\t<\/div>\n\t\t\t<\/div>\n\t\t<\/div>\n\n\t\t\t\t<div class=\"premium-blog-post-outer-container\" data-total=\"5\">\n\t\t\t<div class=\"premium-blog-post-container premium-blog-skin-classic\">\n\t\t\t\t\t\t\t\t\t<div class=\"premium-blog-thumb-effect-wrapper\">\n\t\t\t\t\t\t<div class=\"premium-blog-thumbnail-container premium-blog-zoomin-effect\">\n\t\t\t\t\t\t\t<img loading=\"lazy\" decoding=\"async\" width=\"520\" height=\"397\" src=\"https:\/\/protect-lawyers.org\/wp-content\/uploads\/Bandera_Guatemala-520x397.jpeg\" class=\"attachment-listeo-listing-grid size-listeo-listing-grid wp-image-19498\" alt=\"\" \/>\t\t\t\t\t\t<\/div>\n\t\t\t\t\t\t\t\t\t\t\t\t\t<div class=\"premium-blog-thumbnail-overlay\">\n\t\t\t\t\t\t\t\t<a class=\"elementor-icon\" href=\"https:\/\/protect-lawyers.org\/de\/guatemala-zwischenbericht-zur-upr-guatemalas\/\" target=\"_self\"><\/a>\n\t\t\t\t\t\t\t<\/div>\n\n\t\t\t\t\t\t\t\t\t\t\t\t\t\t\t\t\t\t<\/div>\n\t\t\t\t\t\t\t\t\t\t\t\t<div class=\"premium-blog-content-wrapper \">\n\n\t\t\t\t\t<div class=\"premium-blog-inner-container\">\n\n\t\t\t\t\t\t\t\t\t\t\t\t\t\t<h2 class=\"premium-blog-entry-title\">\n\t\t\t<a href=\"https:\/\/protect-lawyers.org\/de\/guatemala-zwischenbericht-zur-upr-guatemalas\/\" target=\"_self\">\n\t\t\t\tGUATEMALA: Zwischenbericht zur UPR Guatemalas\t\t\t<\/a>\n\t\t<\/h2>\n\t\t\t\t<div class=\"premium-blog-entry-meta\">\n\t\t\t\n\t\t\t\n\t\t\t\n\t\t\t\t\t<\/div>\n\t\t\n\t\t\t\t\t<\/div>\n\n\t\t\t\t\t\t\t<div class=\"premium-blog-content-inner-wrapper\">\n\t\t<p class=\"premium-blog-post-content\">Datum des Berichts: Januar 2026 Beschreibung: Das Internationale Observatorium f\u00fcr bedrohte Anw\u00e4lte (OIAD) hat in Zusammenarbeit mit Lawyers for Lawyers \u2026<\/p>\t\t<\/div>\n\t\t\t\t\t\t\t\n\t\t\t\t<\/div>\n\t\t\t<\/div>\n\t\t<\/div>\n\n\t\t\t\t<div class=\"premium-blog-post-outer-container\" data-total=\"5\">\n\t\t\t<div class=\"premium-blog-post-container premium-blog-skin-classic\">\n\t\t\t\t\t\t\t\t\t<div class=\"premium-blog-thumb-effect-wrapper\">\n\t\t\t\t\t\t<div class=\"premium-blog-thumbnail-container premium-blog-zoomin-effect\">\n\t\t\t\t\t\t\t<img fetchpriority=\"high\" decoding=\"async\" width=\"520\" height=\"327\" src=\"https:\/\/protect-lawyers.org\/wp-content\/uploads\/Bandera-de-Tunez-520x327.jpg\" class=\"attachment-listeo-listing-grid size-listeo-listing-grid wp-image-16121\" alt=\"\" \/>\t\t\t\t\t\t<\/div>\n\t\t\t\t\t\t\t\t\t\t\t\t\t<div class=\"premium-blog-thumbnail-overlay\">\n\t\t\t\t\t\t\t\t<a class=\"elementor-icon\" href=\"https:\/\/protect-lawyers.org\/de\/beobachtungsmission-prozess-gegen-sonia-dahmani\/\" target=\"_self\"><\/a>\n\t\t\t\t\t\t\t<\/div>\n\n\t\t\t\t\t\t\t\t\t\t\t\t\t\t\t\t\t\t<\/div>\n\t\t\t\t\t\t\t\t\t\t\t\t<div class=\"premium-blog-content-wrapper \">\n\n\t\t\t\t\t<div class=\"premium-blog-inner-container\">\n\n\t\t\t\t\t\t\t\t\t\t\t\t\t\t<h2 class=\"premium-blog-entry-title\">\n\t\t\t<a href=\"https:\/\/protect-lawyers.org\/de\/beobachtungsmission-prozess-gegen-sonia-dahmani\/\" target=\"_self\">\n\t\t\t\tBeobachtungsmission \u2013 Prozess gegen Sonia Dahmani\t\t\t<\/a>\n\t\t<\/h2>\n\t\t\t\t<div class=\"premium-blog-entry-meta\">\n\t\t\t\n\t\t\t\n\t\t\t\n\t\t\t\t\t<\/div>\n\t\t\n\t\t\t\t\t<\/div>\n\n\t\t\t\t\t\t\t<div class=\"premium-blog-content-inner-wrapper\">\n\t\t<p class=\"premium-blog-post-content\">Beobachtung des Prozesses gegen: Sonia Dahmani: Berufungsverhandlung im Fall \u201eRassismus II\u201c Datum der Verhandlung: 28. November 2025 Datum des Berichts: \u2026<\/p>\t\t<\/div>\n\t\t\t\t\t\t\t\n\t\t\t\t<\/div>\n\t\t\t<\/div>\n\t\t<\/div>\n\n\t\t\t\t<div class=\"premium-blog-post-outer-container\" data-total=\"5\">\n\t\t\t<div class=\"premium-blog-post-container premium-blog-skin-classic\">\n\t\t\t\t\t\t\t\t\t<div class=\"premium-blog-thumb-effect-wrapper\">\n\t\t\t\t\t\t<div class=\"premium-blog-thumbnail-container premium-blog-zoomin-effect\">\n\t\t\t\t\t\t\t<img fetchpriority=\"high\" decoding=\"async\" width=\"520\" height=\"327\" src=\"https:\/\/protect-lawyers.org\/wp-content\/uploads\/Bandera-de-Tunez-520x327.jpg\" class=\"attachment-listeo-listing-grid size-listeo-listing-grid wp-image-16121\" alt=\"\" \/>\t\t\t\t\t\t<\/div>\n\t\t\t\t\t\t\t\t\t\t\t\t\t<div class=\"premium-blog-thumbnail-overlay\">\n\t\t\t\t\t\t\t\t<a class=\"elementor-icon\" href=\"https:\/\/protect-lawyers.org\/de\/mission-dobservation-judiciaire-audience-dahmed-souab-tunisie\/\" target=\"_self\"><\/a>\n\t\t\t\t\t\t\t<\/div>\n\n\t\t\t\t\t\t\t\t\t\t\t\t\t\t\t\t\t\t<\/div>\n\t\t\t\t\t\t\t\t\t\t\t\t<div class=\"premium-blog-content-wrapper \">\n\n\t\t\t\t\t<div class=\"premium-blog-inner-container\">\n\n\t\t\t\t\t\t\t\t\t\t\t\t\t\t<h2 class=\"premium-blog-entry-title\">\n\t\t\t<a href=\"https:\/\/protect-lawyers.org\/de\/mission-dobservation-judiciaire-audience-dahmed-souab-tunisie\/\" target=\"_self\">\n\t\t\t\tMission d\u2019observation judiciaire \u2013 audience d\u2019Ahmed Souab (Tunisie)\t\t\t<\/a>\n\t\t<\/h2>\n\t\t\t\t<div class=\"premium-blog-entry-meta\">\n\t\t\t\n\t\t\t\n\t\t\t\n\t\t\t\t\t<\/div>\n\t\t\n\t\t\t\t\t<\/div>\n\n\t\t\t\t\t\t\t<div class=\"premium-blog-content-inner-wrapper\">\n\t\t<p class=\"premium-blog-post-content\">Observation du proc\u00e8s de\u00a0: Ahmed Souab Date de la mission\u00a0: 30 octobre \u2013 1er novembre 2025 Date du rapport\u00a0: novembre \u2026<\/p>\t\t<\/div>\n\t\t\t\t\t\t\t\n\t\t\t\t<\/div>\n\t\t\t<\/div>\n\t\t<\/div>\n\n\t\t\t\t\t\t\t<\/div>\n\n\t\t\t\t\t<div class=\"premium-blog-footer\">\n\t\t\t\t\t\t\t<nav class=\"premium-blog-pagination-container\" role=\"navigation\" aria-label=\"Paginierung\">\n\t\t\t\t<span aria-current=\"page\" class=\"page-numbers current\">1<\/span>\n<a class=\"page-numbers\" href=\"https:\/\/protect-lawyers.org\/de\/wp-json\/wp\/v2\/pages\/2580\/page\/2\/\">2<\/a>\n<a class=\"page-numbers\" href=\"https:\/\/protect-lawyers.org\/de\/wp-json\/wp\/v2\/pages\/2580\/page\/3\/\">3<\/a>\n<span class=\"page-numbers dots\">&hellip;<\/span>\n<a class=\"page-numbers\" href=\"https:\/\/protect-lawyers.org\/de\/wp-json\/wp\/v2\/pages\/2580\/page\/5\/\">5<\/a>\n<a class=\"next page-numbers\" href=\"https:\/\/protect-lawyers.org\/de\/wp-json\/wp\/v2\/pages\/2580\/page\/2\/\">N\u00e4chste \u00bb<\/a>\t\t\t<\/nav>\n\t\t\t\t\t\t<\/div>\n\t\t\n\t\t\n\t\t\t\t\t\t<\/div>\n\t\t\t\t<\/div>\n\t\t\t\t\t<\/div>\n\t\t<\/div>\n\t\t\t\t\t<\/div>\n\t\t<\/section>\n\t\t\t\t<\/div>\n\t\t","protected":false},"excerpt":{"rendered":"<p>Mission d\u2019observation judiciaire \u2013 proc\u00e8s de Bet\u00fcl Vang\u00f6l\u00fc Koza\u011fa\u00e7l\u0131 (Istanbul, 6 d\u00e9cembre 2024) Mission d\u2019observation judiciaire \u2013 proc\u00e8s de Bet\u00fcl Vang\u00f6l\u00fc Koza\u011fa\u00e7l\u0131 (Istanbul, 6 d\u00e9cembre 2024) Date du rapport\u00a0: janvier 2025 En d\u00e9cembre 2024, Me Helin K\u00f6se, Secr\u00e9taire de la Conf\u00e9rence des Avocats du Barreau de \u2026 TURQUIE : Observation des audiences de Bet\u00fcl Vang\u00f6l\u00fc [&hellip;]<\/p>\n","protected":false},"author":1,"featured_media":0,"parent":0,"menu_order":0,"comment_status":"closed","ping_status":"closed","template":"","meta":{"footnotes":""},"class_list":["post-2580","page","type-page","status-publish","hentry"],"_links":{"self":[{"href":"https:\/\/protect-lawyers.org\/de\/wp-json\/wp\/v2\/pages\/2580","targetHints":{"allow":["GET"]}}],"collection":[{"href":"https:\/\/protect-lawyers.org\/de\/wp-json\/wp\/v2\/pages"}],"about":[{"href":"https:\/\/protect-lawyers.org\/de\/wp-json\/wp\/v2\/types\/page"}],"author":[{"embeddable":true,"href":"https:\/\/protect-lawyers.org\/de\/wp-json\/wp\/v2\/users\/1"}],"replies":[{"embeddable":true,"href":"https:\/\/protect-lawyers.org\/de\/wp-json\/wp\/v2\/comments?post=2580"}],"version-history":[{"count":13,"href":"https:\/\/protect-lawyers.org\/de\/wp-json\/wp\/v2\/pages\/2580\/revisions"}],"predecessor-version":[{"id":21135,"href":"https:\/\/protect-lawyers.org\/de\/wp-json\/wp\/v2\/pages\/2580\/revisions\/21135"}],"wp:attachment":[{"href":"https:\/\/protect-lawyers.org\/de\/wp-json\/wp\/v2\/media?parent=2580"}],"curies":[{"name":"wp","href":"https:\/\/api.w.org\/{rel}","templated":true}]}}