{"id":4527,"date":"2021-10-25T08:47:44","date_gmt":"2021-10-25T08:47:44","guid":{"rendered":"https:\/\/protect-lawyers.org\/materiales-de-formacion\/"},"modified":"2024-02-29T11:15:50","modified_gmt":"2024-02-29T11:15:50","slug":"schulungswerkzeuge","status":"publish","type":"page","link":"https:\/\/protect-lawyers.org\/de\/schulungswerkzeuge\/","title":{"rendered":"Schulungswerkzeuge"},"content":{"rendered":"\t\t<div data-elementor-type=\"wp-page\" data-elementor-id=\"4527\" class=\"elementor elementor-4527 elementor-1252\">\n\t\t\t\t\t\t<section class=\"elementor-section elementor-top-section elementor-element elementor-element-603d10ef elementor-section-boxed elementor-section-height-default elementor-section-height-default\" data-id=\"603d10ef\" data-element_type=\"section\" data-e-type=\"section\">\n\t\t\t\t\t\t<div class=\"elementor-container elementor-column-gap-default\">\n\t\t\t\t\t<div class=\"elementor-column elementor-col-100 elementor-top-column elementor-element elementor-element-348158d6\" data-id=\"348158d6\" data-element_type=\"column\" data-e-type=\"column\">\n\t\t\t<div class=\"elementor-widget-wrap elementor-element-populated\">\n\t\t\t\t\t\t<div class=\"elementor-element elementor-element-3b779f3e elementor-widget elementor-widget-accordion\" data-id=\"3b779f3e\" data-element_type=\"widget\" data-e-type=\"widget\" data-widget_type=\"accordion.default\">\n\t\t\t\t<div class=\"elementor-widget-container\">\n\t\t\t\t\t\t\t<div class=\"elementor-accordion\">\n\t\t\t\t\t\t\t<div class=\"elementor-accordion-item\">\n\t\t\t\t\t<div id=\"elementor-tab-title-9971\" class=\"elementor-tab-title\" data-tab=\"1\" role=\"button\" aria-controls=\"elementor-tab-content-9971\" aria-expanded=\"false\">\n\t\t\t\t\t\t\t\t\t\t\t\t\t<span class=\"elementor-accordion-icon elementor-accordion-icon-left\" aria-hidden=\"true\">\n\t\t\t\t\t\t\t\t\t\t\t\t\t\t\t<span class=\"elementor-accordion-icon-closed\"><i class=\"fas fa-plus\"><\/i><\/span>\n\t\t\t\t\t\t\t\t<span class=\"elementor-accordion-icon-opened\"><i class=\"fas fa-minus\"><\/i><\/span>\n\t\t\t\t\t\t\t\t\t\t\t\t\t\t<\/span>\n\t\t\t\t\t\t\t\t\t\t\t\t<a class=\"elementor-accordion-title\" tabindex=\"0\">LES CRIMES INTERNATIONAUX<\/a>\n\t\t\t\t\t<\/div>\n\t\t\t\t\t<div id=\"elementor-tab-content-9971\" class=\"elementor-tab-content elementor-clearfix\" data-tab=\"1\" role=\"region\" aria-labelledby=\"elementor-tab-title-9971\"><ul><li><a href=\"https:\/\/protect-lawyers.org\/wp-content\/uploads\/fiche_17_crime_d_agression.pdf\">Fiche 17 Crime d\u2019agression<\/a><\/li><li><a href=\"https:\/\/protect-lawyers.org\/wp-content\/uploads\/fiche_16_crime_contre_lhumanite.pdf\">Fiche 16 Crime contre l\u2019Humanit\u00e9<\/a><\/li><li><a href=\"https:\/\/protect-lawyers.org\/wp-content\/uploads\/fiche_15_crime_de_guerre.pdf\">Fiche 15 Crime de guerre<\/a><\/li><li><a href=\"https:\/\/protect-lawyers.org\/wp-content\/uploads\/fiche_14_genocide.pdf\">Fiche 14 G\u00e9nocide <\/a><\/li><\/ul><\/div>\n\t\t\t\t<\/div>\n\t\t\t\t\t\t\t<div class=\"elementor-accordion-item\">\n\t\t\t\t\t<div id=\"elementor-tab-title-9972\" class=\"elementor-tab-title\" data-tab=\"2\" role=\"button\" aria-controls=\"elementor-tab-content-9972\" aria-expanded=\"false\">\n\t\t\t\t\t\t\t\t\t\t\t\t\t<span class=\"elementor-accordion-icon elementor-accordion-icon-left\" aria-hidden=\"true\">\n\t\t\t\t\t\t\t\t\t\t\t\t\t\t\t<span class=\"elementor-accordion-icon-closed\"><i class=\"fas fa-plus\"><\/i><\/span>\n\t\t\t\t\t\t\t\t<span class=\"elementor-accordion-icon-opened\"><i class=\"fas fa-minus\"><\/i><\/span>\n\t\t\t\t\t\t\t\t\t\t\t\t\t\t<\/span>\n\t\t\t\t\t\t\t\t\t\t\t\t<a class=\"elementor-accordion-title\" tabindex=\"0\">LE PROC\u00c8S \u00c9QUITABLE<\/a>\n\t\t\t\t\t<\/div>\n\t\t\t\t\t<div id=\"elementor-tab-content-9972\" class=\"elementor-tab-content elementor-clearfix\" data-tab=\"2\" role=\"region\" aria-labelledby=\"elementor-tab-title-9972\"><ul class=\"ait-sc-lists line style1 layout-full\"><li class=\"resource\"><a href=\"https:\/\/protect-lawyers.org\/wp-content\/uploads\/fiche_21_proces_equitable_apres_le_proces.pdf\">Fiche 21 Proc\u00e8s \u00e9quitable \u2013 Apr\u00e8s le proc\u00e8s<\/a><\/li><li class=\"resource\"><a href=\"https:\/\/protect-lawyers.org\/wp-content\/uploads\/fiche_20_proces_equitable_pendant_le_proces.pdf\">Fiche 20 Le proc\u00e8s \u00e9quitable pendant le proc\u00e8s\u00a0<\/a><\/li><li><a href=\"https:\/\/protect-lawyers.org\/wp-content\/uploads\/fiche_19_proces_equitable_avant_le_proces.pdf\">Fiche 19 Proc\u00e8s \u00e9quitable \u2013 Avant le proc\u00e8s\u00a0<\/a><\/li><li><a href=\"https:\/\/protect-lawyers.org\/wp-content\/uploads\/fiche_18_proces_equitable_presentation_generale.pdf\">Fiche 18 Proc\u00e8s \u00e9quitable \u2013 Pr\u00e9sentation g\u00e9n\u00e9rale\u00a0<\/a><\/li><\/ul><\/div>\n\t\t\t\t<\/div>\n\t\t\t\t\t\t\t<div class=\"elementor-accordion-item\">\n\t\t\t\t\t<div id=\"elementor-tab-title-9973\" class=\"elementor-tab-title\" data-tab=\"3\" role=\"button\" aria-controls=\"elementor-tab-content-9973\" aria-expanded=\"false\">\n\t\t\t\t\t\t\t\t\t\t\t\t\t<span class=\"elementor-accordion-icon elementor-accordion-icon-left\" aria-hidden=\"true\">\n\t\t\t\t\t\t\t\t\t\t\t\t\t\t\t<span class=\"elementor-accordion-icon-closed\"><i class=\"fas fa-plus\"><\/i><\/span>\n\t\t\t\t\t\t\t\t<span class=\"elementor-accordion-icon-opened\"><i class=\"fas fa-minus\"><\/i><\/span>\n\t\t\t\t\t\t\t\t\t\t\t\t\t\t<\/span>\n\t\t\t\t\t\t\t\t\t\t\t\t<a class=\"elementor-accordion-title\" tabindex=\"0\">LES D\u00c9FENSEURS DES DROITS DE L\u2019HOMME<\/a>\n\t\t\t\t\t<\/div>\n\t\t\t\t\t<div id=\"elementor-tab-content-9973\" class=\"elementor-tab-content elementor-clearfix\" data-tab=\"3\" role=\"region\" aria-labelledby=\"elementor-tab-title-9973\"><ul class=\"ait-sc-lists line style1 layout-full\">\n \t<li class=\"resource\"><a href=\"https:\/\/protect-lawyers.org\/wp-content\/uploads\/fiche_29_defenseurs_des_droits_de_l_homme_et_leur_protection.pdf\">Fiche 29 D\u00e9fenseurs des droits de l\u2019Homme et leur protection\u00a0<\/a><\/li>\n<\/ul><\/div>\n\t\t\t\t<\/div>\n\t\t\t\t\t\t\t<div class=\"elementor-accordion-item\">\n\t\t\t\t\t<div id=\"elementor-tab-title-9974\" class=\"elementor-tab-title\" data-tab=\"4\" role=\"button\" aria-controls=\"elementor-tab-content-9974\" aria-expanded=\"false\">\n\t\t\t\t\t\t\t\t\t\t\t\t\t<span class=\"elementor-accordion-icon elementor-accordion-icon-left\" aria-hidden=\"true\">\n\t\t\t\t\t\t\t\t\t\t\t\t\t\t\t<span class=\"elementor-accordion-icon-closed\"><i class=\"fas fa-plus\"><\/i><\/span>\n\t\t\t\t\t\t\t\t<span class=\"elementor-accordion-icon-opened\"><i class=\"fas fa-minus\"><\/i><\/span>\n\t\t\t\t\t\t\t\t\t\t\t\t\t\t<\/span>\n\t\t\t\t\t\t\t\t\t\t\t\t<a class=\"elementor-accordion-title\" tabindex=\"0\">LE R\u00d4LE DES AVOCATS ET DES BARREAUX ET LEUR PROTECTION<\/a>\n\t\t\t\t\t<\/div>\n\t\t\t\t\t<div id=\"elementor-tab-content-9974\" class=\"elementor-tab-content elementor-clearfix\" data-tab=\"4\" role=\"region\" aria-labelledby=\"elementor-tab-title-9974\"><ul class=\"ait-sc-lists line style1 layout-full\"><li class=\"resource\"><a href=\"https:\/\/protect-lawyers.org\/wp-content\/uploads\/fiche_30_role_des_avocats_et_des_barreaux_et_leur_protection.pdf\">Fiche 30 R\u00f4le des avocats et des barreaux et leur protection<\/a><\/li><\/ul><\/div>\n\t\t\t\t<\/div>\n\t\t\t\t\t\t\t<div class=\"elementor-accordion-item\">\n\t\t\t\t\t<div id=\"elementor-tab-title-9975\" class=\"elementor-tab-title\" data-tab=\"5\" role=\"button\" aria-controls=\"elementor-tab-content-9975\" aria-expanded=\"false\">\n\t\t\t\t\t\t\t\t\t\t\t\t\t<span class=\"elementor-accordion-icon elementor-accordion-icon-left\" aria-hidden=\"true\">\n\t\t\t\t\t\t\t\t\t\t\t\t\t\t\t<span class=\"elementor-accordion-icon-closed\"><i class=\"fas fa-plus\"><\/i><\/span>\n\t\t\t\t\t\t\t\t<span class=\"elementor-accordion-icon-opened\"><i class=\"fas fa-minus\"><\/i><\/span>\n\t\t\t\t\t\t\t\t\t\t\t\t\t\t<\/span>\n\t\t\t\t\t\t\t\t\t\t\t\t<a class=\"elementor-accordion-title\" tabindex=\"0\">GLOSSAIRE<\/a>\n\t\t\t\t\t<\/div>\n\t\t\t\t\t<div id=\"elementor-tab-content-9975\" class=\"elementor-tab-content elementor-clearfix\" data-tab=\"5\" role=\"region\" aria-labelledby=\"elementor-tab-title-9975\"><ul><li><a href=\"https:\/\/protect-lawyers.org\/wp-content\/uploads\/glossaire_des_sigles.pdf\">Glossaire des sigles<\/a><\/li><\/ul><\/div>\n\t\t\t\t<\/div>\n\t\t\t\t\t\t\t<div class=\"elementor-accordion-item\">\n\t\t\t\t\t<div id=\"elementor-tab-title-9976\" class=\"elementor-tab-title\" data-tab=\"6\" role=\"button\" aria-controls=\"elementor-tab-content-9976\" aria-expanded=\"false\">\n\t\t\t\t\t\t\t\t\t\t\t\t\t<span class=\"elementor-accordion-icon elementor-accordion-icon-left\" aria-hidden=\"true\">\n\t\t\t\t\t\t\t\t\t\t\t\t\t\t\t<span class=\"elementor-accordion-icon-closed\"><i class=\"fas fa-plus\"><\/i><\/span>\n\t\t\t\t\t\t\t\t<span class=\"elementor-accordion-icon-opened\"><i class=\"fas fa-minus\"><\/i><\/span>\n\t\t\t\t\t\t\t\t\t\t\t\t\t\t<\/span>\n\t\t\t\t\t\t\t\t\t\t\t\t<a class=\"elementor-accordion-title\" tabindex=\"0\">INTRODUCTION AUX DROITS DE L\u2019HOMME ET DROIT APPLICABLE<\/a>\n\t\t\t\t\t<\/div>\n\t\t\t\t\t<div id=\"elementor-tab-content-9976\" class=\"elementor-tab-content elementor-clearfix\" data-tab=\"6\" role=\"region\" aria-labelledby=\"elementor-tab-title-9976\"><ul class=\"ait-sc-lists line style1 layout-full\">\n \t<li><a href=\"https:\/\/protect-lawyers.org\/wp-content\/uploads\/fiche_6_application_du_droit_international_des_droits_de_l_homme_en_droit_interne.pdf\">Fiche 6 Application du droit international des droits de l\u2019Homme en droit interne<\/a><\/li>\n \t<li><a href=\"https:\/\/protect-lawyers.org\/wp-content\/uploads\/fiche_5_droit_penal_international.pdf\">Fiche 5 Qu\u2019est-ce que le droit p\u00e9nal international ?\u00a0<\/a><\/li>\n \t<li><a href=\"https:\/\/protect-lawyers.org\/wp-content\/uploads\/fiche_4_droit_international_humanitaire.pdf\">Fiche 4 Droit international humanitaire\u00a0<\/a><\/li>\n \t<li><a href=\"https:\/\/protect-lawyers.org\/wp-content\/uploads\/fiche_3_droit_international_des_droits_de_l_homme.pdf\">Fiche 3 Droit international des droits de l\u2019Homme\u00a0<\/a><\/li>\n \t<li><a href=\"https:\/\/protect-lawyers.org\/wp-content\/uploads\/fiche_2_droit_international_public_sources_et_principes.pdf\">Fiche 2 Droit international public \u2013 sources et principes\u00a0<\/a><\/li>\n \t<li><a href=\"https:\/\/protect-lawyers.org\/wp-content\/uploads\/fiche_1_point_sur_la_notion_de_droits_de_l_homme.pdf\">Fiche 1 Point sur la notion de droits de l\u2019Homme\u00a0<\/a><\/li>\n<\/ul><\/div>\n\t\t\t\t<\/div>\n\t\t\t\t\t\t\t<div class=\"elementor-accordion-item\">\n\t\t\t\t\t<div id=\"elementor-tab-title-9977\" class=\"elementor-tab-title\" data-tab=\"7\" role=\"button\" aria-controls=\"elementor-tab-content-9977\" aria-expanded=\"false\">\n\t\t\t\t\t\t\t\t\t\t\t\t\t<span class=\"elementor-accordion-icon elementor-accordion-icon-left\" aria-hidden=\"true\">\n\t\t\t\t\t\t\t\t\t\t\t\t\t\t\t<span class=\"elementor-accordion-icon-closed\"><i class=\"fas fa-plus\"><\/i><\/span>\n\t\t\t\t\t\t\t\t<span class=\"elementor-accordion-icon-opened\"><i class=\"fas fa-minus\"><\/i><\/span>\n\t\t\t\t\t\t\t\t\t\t\t\t\t\t<\/span>\n\t\t\t\t\t\t\t\t\t\t\t\t<a class=\"elementor-accordion-title\" tabindex=\"0\">LA TORTURE ET LES TRAITEMENTS INHUMAINS OU D\u00c9GRADANTS<\/a>\n\t\t\t\t\t<\/div>\n\t\t\t\t\t<div id=\"elementor-tab-content-9977\" class=\"elementor-tab-content elementor-clearfix\" data-tab=\"7\" role=\"region\" aria-labelledby=\"elementor-tab-title-9977\"><ul class=\"ait-sc-lists line style1 layout-full\">\n \t<li class=\"resource\"><a href=\"https:\/\/protect-lawyers.org\/wp-content\/uploads\/fiche_13_torture_et_traitements_inhumains_et_degradants.pdf\">Fiche 13 Torture et traitements inhumains et d\u00e9gradants\u00a0<\/a><\/li>\n<\/ul><\/div>\n\t\t\t\t<\/div>\n\t\t\t\t\t\t\t<div class=\"elementor-accordion-item\">\n\t\t\t\t\t<div id=\"elementor-tab-title-9978\" class=\"elementor-tab-title\" data-tab=\"8\" role=\"button\" aria-controls=\"elementor-tab-content-9978\" aria-expanded=\"false\">\n\t\t\t\t\t\t\t\t\t\t\t\t\t<span class=\"elementor-accordion-icon elementor-accordion-icon-left\" aria-hidden=\"true\">\n\t\t\t\t\t\t\t\t\t\t\t\t\t\t\t<span class=\"elementor-accordion-icon-closed\"><i class=\"fas fa-plus\"><\/i><\/span>\n\t\t\t\t\t\t\t\t<span class=\"elementor-accordion-icon-opened\"><i class=\"fas fa-minus\"><\/i><\/span>\n\t\t\t\t\t\t\t\t\t\t\t\t\t\t<\/span>\n\t\t\t\t\t\t\t\t\t\t\t\t<a class=\"elementor-accordion-title\" tabindex=\"0\">LA LUTTE CONTRE LES DISCRIMINATIONS<\/a>\n\t\t\t\t\t<\/div>\n\t\t\t\t\t<div id=\"elementor-tab-content-9978\" class=\"elementor-tab-content elementor-clearfix\" data-tab=\"8\" role=\"region\" aria-labelledby=\"elementor-tab-title-9978\"><ul>\n \t<li><a href=\"https:\/\/protect-lawyers.org\/wp-content\/uploads\/fiche_33_discriminations.pdf\">Fiche 33 Discriminatoire<\/a><\/li>\n<\/ul><\/div>\n\t\t\t\t<\/div>\n\t\t\t\t\t\t\t<div class=\"elementor-accordion-item\">\n\t\t\t\t\t<div id=\"elementor-tab-title-9979\" class=\"elementor-tab-title\" data-tab=\"9\" role=\"button\" aria-controls=\"elementor-tab-content-9979\" aria-expanded=\"false\">\n\t\t\t\t\t\t\t\t\t\t\t\t\t<span class=\"elementor-accordion-icon elementor-accordion-icon-left\" aria-hidden=\"true\">\n\t\t\t\t\t\t\t\t\t\t\t\t\t\t\t<span class=\"elementor-accordion-icon-closed\"><i class=\"fas fa-plus\"><\/i><\/span>\n\t\t\t\t\t\t\t\t<span class=\"elementor-accordion-icon-opened\"><i class=\"fas fa-minus\"><\/i><\/span>\n\t\t\t\t\t\t\t\t\t\t\t\t\t\t<\/span>\n\t\t\t\t\t\t\t\t\t\t\t\t<a class=\"elementor-accordion-title\" tabindex=\"0\">LES JURIDICTIONS INTERNATIONALES<\/a>\n\t\t\t\t\t<\/div>\n\t\t\t\t\t<div id=\"elementor-tab-content-9979\" class=\"elementor-tab-content elementor-clearfix\" data-tab=\"9\" role=\"region\" aria-labelledby=\"elementor-tab-title-9979\"><ul class=\"ait-sc-lists line style1 layout-full\"><li><a href=\"https:\/\/protect-lawyers.org\/wp-content\/uploads\/fiche_28_statut_des_victimes_dans_les_juridictions_internationales_et_regionales.pdf\">Fiche 28 Statut des victimes dans les juridictions internationales et r\u00e9gionales\u00a0<\/a><\/li><li><a href=\"https:\/\/protect-lawyers.org\/wp-content\/uploads\/fiche_27_immunites_en_droit_international.pdf\">Fiche 27 Immunit\u00e9s en droit international\u00a0<\/a><\/li><li><a href=\"https:\/\/protect-lawyers.org\/wp-content\/uploads\/fiche_26_competence_universelle.pdf\">Fiche 26 Le principe de comp\u00e9tence universelle<\/a><\/li><li><a href=\"https:\/\/protect-lawyers.org\/wp-content\/uploads\/fiche_25_regles_de_competence_et_droit_applicable_en_droit_international_penal.pdf\">Fiche 25 R\u00e8gles de comp\u00e9tence et droit applicable en droit international p\u00e9nal<\/a><\/li><li><a href=\"https:\/\/protect-lawyers.org\/wp-content\/uploads\/fiche_24_cour_penale_internationale.pdf\">Fiche 24 Cour p\u00e9nale internationale\u00a0<\/a><\/li><li><a href=\"https:\/\/protect-lawyers.org\/wp-content\/uploads\/fiche_23_juridictions_penales_internationales_presentation_generale.pdf\">Fiche 23 Juridictions p\u00e9nales internationales \u2013 pr\u00e9sentation g\u00e9n\u00e9rale<\/a><\/li><li><a href=\"https:\/\/protect-lawyers.org\/wp-content\/uploads\/fiche_22_qu_est_ce_que_la_cour_internationale_de_justice.pdf\">Fiche 22 Qu\u2019est-ce que la Cour internationale de justice?\u00a0<\/a><\/li><\/ul><\/div>\n\t\t\t\t<\/div>\n\t\t\t\t\t\t\t<div class=\"elementor-accordion-item\">\n\t\t\t\t\t<div id=\"elementor-tab-title-99710\" class=\"elementor-tab-title\" data-tab=\"10\" role=\"button\" aria-controls=\"elementor-tab-content-99710\" aria-expanded=\"false\">\n\t\t\t\t\t\t\t\t\t\t\t\t\t<span class=\"elementor-accordion-icon elementor-accordion-icon-left\" aria-hidden=\"true\">\n\t\t\t\t\t\t\t\t\t\t\t\t\t\t\t<span class=\"elementor-accordion-icon-closed\"><i class=\"fas fa-plus\"><\/i><\/span>\n\t\t\t\t\t\t\t\t<span class=\"elementor-accordion-icon-opened\"><i class=\"fas fa-minus\"><\/i><\/span>\n\t\t\t\t\t\t\t\t\t\t\t\t\t\t<\/span>\n\t\t\t\t\t\t\t\t\t\t\t\t<a class=\"elementor-accordion-title\" tabindex=\"0\">LES M\u00c9CANISMES NON JURIDICTIONNELS DE PROTECTION ET DE D\u00c9FENSE DES DROITS DE L\u2019HOMME<\/a>\n\t\t\t\t\t<\/div>\n\t\t\t\t\t<div id=\"elementor-tab-content-99710\" class=\"elementor-tab-content elementor-clearfix\" data-tab=\"10\" role=\"region\" aria-labelledby=\"elementor-tab-title-99710\"><ul class=\"ait-sc-lists line style1 layout-full\"><li><a href=\"https:\/\/protect-lawyers.org\/wp-content\/uploads\/fiche_32_autorites_autonomes_nationales_de_defense_des_droits_de_l_homme.pdf\">Fiche 32 Autorit\u00e9s autonomes nationales de d\u00e9fense des droits de l\u2019Homme\u00a0<\/a><\/li><li><a href=\"https:\/\/protect-lawyers.org\/wp-content\/uploads\/fiche_31_rapporteurs_speciaux_en_lien_avec_les_droits_de_l_homme.pdf\">Fiche 31 Les rapporteurs sp\u00e9ciaux internationaux et r\u00e9gionaux en relation avec les droits de l\u2019Homme\u00a0<\/a><\/li><\/ul><\/div>\n\t\t\t\t<\/div>\n\t\t\t\t\t\t\t<div class=\"elementor-accordion-item\">\n\t\t\t\t\t<div id=\"elementor-tab-title-99711\" class=\"elementor-tab-title\" data-tab=\"11\" role=\"button\" aria-controls=\"elementor-tab-content-99711\" aria-expanded=\"false\">\n\t\t\t\t\t\t\t\t\t\t\t\t\t<span class=\"elementor-accordion-icon elementor-accordion-icon-left\" aria-hidden=\"true\">\n\t\t\t\t\t\t\t\t\t\t\t\t\t\t\t<span class=\"elementor-accordion-icon-closed\"><i class=\"fas fa-plus\"><\/i><\/span>\n\t\t\t\t\t\t\t\t<span class=\"elementor-accordion-icon-opened\"><i class=\"fas fa-minus\"><\/i><\/span>\n\t\t\t\t\t\t\t\t\t\t\t\t\t\t<\/span>\n\t\t\t\t\t\t\t\t\t\t\t\t<a class=\"elementor-accordion-title\" tabindex=\"0\">LES SYST\u00c8MES R\u00c9GIONAUX DE PROTECTION DES DROITS DE L\u2019HOMME<\/a>\n\t\t\t\t\t<\/div>\n\t\t\t\t\t<div id=\"elementor-tab-content-99711\" class=\"elementor-tab-content elementor-clearfix\" data-tab=\"11\" role=\"region\" aria-labelledby=\"elementor-tab-title-99711\"><ul class=\"ait-sc-lists line style1 layout-full\">\n \t<li><a href=\"https:\/\/protect-lawyers.org\/wp-content\/uploads\/fiche_12_charte_arabe_des_droits_de_l_homme.pdf\">Fiche 12 Charte arabe des droits de l\u2019Homme<\/a><\/li>\n \t<li><a href=\"https:\/\/protect-lawyers.org\/wp-content\/uploads\/fiche_11_charte_africaine_des_droits_de_l_homme.pdf\">Fiche 11 La Charte africaine des droits de l\u2019Homme et des Peuples<\/a><\/li>\n \t<li><a href=\"https:\/\/protect-lawyers.org\/wp-content\/uploads\/fiche_10_systeme_africain_de_protection_des_droits_de_l_homme.pdf\">Fiche 10 Syst\u00e8me africain de protection des droits de l\u2019Homme<\/a><\/li>\n \t<li><a href=\"https:\/\/protect-lawyers.org\/wp-content\/uploads\/fiche_9_systeme_interamericain_de_protection_des_droits_de_l_homme.pdf\">Fiche 9 Syst\u00e8me interam\u00e9ricain de protection des droits de l\u2019Homme<\/a><\/li>\n \t<li><a href=\"https:\/\/protect-lawyers.org\/wp-content\/uploads\/fiche_8_protection_des_droits_de_l_homme_dans_le_cadre_de_l_union_europeenne.pdf\">Fiche 8 Protection des droits de l\u2019Homme dans le cadre de l\u2019Union europ\u00e9enne<\/a><\/li>\n \t<li><a href=\"https:\/\/protect-lawyers.org\/wp-content\/uploads\/fiche_7_systeme_europeen_de_protection_des_droits_de_l_homme.pdf\">Fiche 7 Syst\u00e8me europ\u00e9en de protection des droits de l\u2019Homme dans le cadre du Conseil de l\u2019Europe<\/a><\/li>\n<\/ul><\/div>\n\t\t\t\t<\/div>\n\t\t\t\t\t\t\t\t<\/div>\n\t\t\t\t\t\t<\/div>\n\t\t\t\t<\/div>\n\t\t\t\t\t<\/div>\n\t\t<\/div>\n\t\t\t\t\t<\/div>\n\t\t<\/section>\n\t\t\t\t<\/div>\n\t\t","protected":false},"excerpt":{"rendered":"<p>LES CRIMES INTERNATIONAUX Fiche 17 Crime d\u2019agression Fiche 16 Crime contre l\u2019Humanit\u00e9 Fiche 15 Crime de guerre Fiche 14 G\u00e9nocide LE PROC\u00c8S \u00c9QUITABLE Fiche 21 Proc\u00e8s \u00e9quitable \u2013 Apr\u00e8s le proc\u00e8s Fiche 20 Le proc\u00e8s \u00e9quitable pendant le proc\u00e8s\u00a0 Fiche 19 Proc\u00e8s \u00e9quitable \u2013 Avant le proc\u00e8s\u00a0 Fiche 18 Proc\u00e8s \u00e9quitable \u2013 Pr\u00e9sentation g\u00e9n\u00e9rale\u00a0 LES [&hellip;]<\/p>\n","protected":false},"author":1,"featured_media":0,"parent":0,"menu_order":0,"comment_status":"closed","ping_status":"closed","template":"","meta":{"footnotes":""},"class_list":["post-4527","page","type-page","status-publish","hentry"],"_links":{"self":[{"href":"https:\/\/protect-lawyers.org\/de\/wp-json\/wp\/v2\/pages\/4527","targetHints":{"allow":["GET"]}}],"collection":[{"href":"https:\/\/protect-lawyers.org\/de\/wp-json\/wp\/v2\/pages"}],"about":[{"href":"https:\/\/protect-lawyers.org\/de\/wp-json\/wp\/v2\/types\/page"}],"author":[{"embeddable":true,"href":"https:\/\/protect-lawyers.org\/de\/wp-json\/wp\/v2\/users\/1"}],"replies":[{"embeddable":true,"href":"https:\/\/protect-lawyers.org\/de\/wp-json\/wp\/v2\/comments?post=4527"}],"version-history":[{"count":3,"href":"https:\/\/protect-lawyers.org\/de\/wp-json\/wp\/v2\/pages\/4527\/revisions"}],"predecessor-version":[{"id":15901,"href":"https:\/\/protect-lawyers.org\/de\/wp-json\/wp\/v2\/pages\/4527\/revisions\/15901"}],"wp:attachment":[{"href":"https:\/\/protect-lawyers.org\/de\/wp-json\/wp\/v2\/media?parent=4527"}],"curies":[{"name":"wp","href":"https:\/\/api.w.org\/{rel}","templated":true}]}}