{"id":11720,"date":"2022-09-07T07:48:08","date_gmt":"2022-09-07T07:48:08","guid":{"rendered":"https:\/\/protect-lawyers.org\/mentions-legales\/"},"modified":"2022-09-07T07:53:39","modified_gmt":"2022-09-07T07:53:39","slug":"notas-legales","status":"publish","type":"page","link":"https:\/\/protect-lawyers.org\/es\/notas-legales\/","title":{"rendered":"Notas Legales"},"content":{"rendered":"\t\t<div data-elementor-type=\"wp-page\" data-elementor-id=\"11720\" class=\"elementor elementor-11720 elementor-11711\">\n\t\t\t\t\t\t<section class=\"elementor-section elementor-top-section elementor-element elementor-element-5b21607 elementor-section-boxed elementor-section-height-default elementor-section-height-default\" data-id=\"5b21607\" data-element_type=\"section\" data-e-type=\"section\">\n\t\t\t\t\t\t<div class=\"elementor-container elementor-column-gap-default\">\n\t\t\t\t\t<div class=\"elementor-column elementor-col-100 elementor-top-column elementor-element elementor-element-b8e2002\" data-id=\"b8e2002\" data-element_type=\"column\" data-e-type=\"column\">\n\t\t\t<div class=\"elementor-widget-wrap elementor-element-populated\">\n\t\t\t\t\t\t<div class=\"elementor-element elementor-element-916fb14 elementor-widget elementor-widget-text-editor\" data-id=\"916fb14\" data-element_type=\"widget\" data-e-type=\"widget\" data-widget_type=\"text-editor.default\">\n\t\t\t\t<div class=\"elementor-widget-container\">\n\t\t\t\t\t\t\t\t\t<h2>1: Editeur de la Plateforme.<\/h2><p>Le site internet \u00ab protect-lawyers \u00bb est la propri\u00e9t\u00e9 l\u2019Observatoire international des avocats en Danger (\u00ab OIAD \u00bb), association \u00e0 but non lucratif dont le si\u00e8ge est situ\u00e9 : 11 place Dauphine 75053 Paris.<\/p><p>L\u2019utilisation du site internet, par tout internaute, est soumise au strict respect des conditions g\u00e9n\u00e9rales d\u2019utilisation qui constituent un contrat entre l\u2019Utilisateur et l\u2019OIAD, disponibles ici:<\/p><p>\u00a0<\/p><h2>2: Contact de l\u2019Observatoire.<\/h2><p>Adresse postale : Observatoire international des avocats en danger\u2013 2, rue de Harlay \u2013 75001 Paris.<\/p><p>T\u00e9l\u00e9phone : 0144324943<\/p><p>Adresse \u00e9lectronique : asouleliac@avocatparis.org ou j.legrand@cnb.avocat.fr<\/p><p>\u00a0<\/p><h2>3: H\u00e9bergement de la Plateforme.<\/h2><p>Le Fournisseur assurant l\u2019h\u00e9bergement du site internet est la soci\u00e9t\u00e9 Hostinger,<\/p><p>T\u00e9l\u00e9phone:<\/p><p>\u00a0<\/p><h2>4: Directeur de la publication.<\/h2><p>Le Directeur et responsable de la r\u00e9daction et de la publication de la Plateforme est Monsieur Basile Ader, en sa qualit\u00e9 de Pr\u00e9sident de l\u2019OIAD.<\/p><p>\u00a0<\/p><h2>5: Protection des donn\u00e9es \u00e0 caract\u00e8re personnel.<\/h2><p>L\u2019OIAD est responsable de traitement des donn\u00e9es des Utilisateurs collect\u00e9es sur la site Internet au sens de la Loi n\u00b0 78-17 du 6 janvier 1978 modifi\u00e9e relative \u00e0 l\u2019informatique, aux fichiers et aux libert\u00e9s.<\/p><p>L\u2019Utilisateur du site est invit\u00e9 \u00e0 prendre connaissance et accepter, s\u2019il souhaite acc\u00e9der au Service, les conditions g\u00e9n\u00e9rales d\u2019utilisation applicables pr\u00e9cisant notamment les modalit\u00e9s selon lesquelles l\u2019OIAD r\u00e9alise le traitement de ses donn\u00e9es personnelles et assure la protection de ses droits :<\/p><p>Il est pr\u00e9cis\u00e9 que ces conditions g\u00e9n\u00e9rales d\u2019utilisation sont consultables \u00e0 tout moment sur le site.<\/p><p>Afin d\u2019am\u00e9liorer la qualit\u00e9 de son service et de mieux r\u00e9pondre aux attentes de ses Utilisateurs, l\u2019OIAD pourra \u00eatre amen\u00e9 \u00e0 collecter des donn\u00e9es nominatives sur l\u2019Utilisateur, notamment par l\u2019utilisation de marqueurs (\u00ab cookies \u00bb) conform\u00e9ment \u00e0 la section suivante.<\/p><p>\u00a0<\/p><h2>6: Cr\u00e9dits photos.<\/h2><p>Toute utilisation par une personne non express\u00e9ment habilit\u00e9e par les fournisseurs d\u2019images constitue une violation de leurs droits de propri\u00e9t\u00e9 intellectuelle et peut donner lieu notamment \u00e0 des poursuites civiles ou p\u00e9nales au titre de la contrefa\u00e7on.<\/p><p>\u00a0<\/p><h2>7: Mise en garde technique.<\/h2><p>Il appartient \u00e0 chaque Utilisateur d\u2019Internet de prendre toutes les mesures appropri\u00e9es de fa\u00e7on \u00e0 prot\u00e9ger ses propres donn\u00e9es et\/ou logiciels de la contamination d\u2019\u00e9ventuels virus circulant sur Internet.<\/p><p>L\u2019Utilisateur du site Internet reconna\u00eet \u00e9galement disposer de la comp\u00e9tence et des moyens n\u00e9cessaires pour acc\u00e9der et utiliser le site Internet. Il reconna\u00eet \u00e0 cet \u00e9gard avoir v\u00e9rifi\u00e9 que la configuration informatique utilis\u00e9e respecte les pr\u00e9requis techniques communiqu\u00e9s par l\u2019OIAD dans ses conditions g\u00e9n\u00e9rales, ne contient aucun virus et qu\u2019elle est en parfait \u00e9tat de fonctionnement.<\/p><p>L\u2019OIAD met tout en \u0153uvre pour offrir aux Utilisateurs des informations et\/ou outils disponibles et v\u00e9rifi\u00e9s, mais ne saurait \u00eatre tenu pour responsable des erreurs, d\u2019une absence de disponibilit\u00e9 des informations et\/ou de la pr\u00e9sence de virus sur son site Internet.<\/p><p>Le site Internet est accessible 24 heures sur 24 et 7 jours sur 7.<\/p><p>L\u2019OIAD ne saurait toutefois \u00eatre tenu pour responsable des discontinuit\u00e9s du site Internet et de ses services, qu\u2019elles soient volontaires ou non.<\/p><p>\u00a0<\/p><h2>8: Liens hypertextes.<\/h2><p>La cr\u00e9ation de liens hypertextes vers le site Internet est soumise \u00e0 l\u2019accord pr\u00e9alable du Directeur de la publication.<\/p><p>En toute hypoth\u00e8se, les liens renvoyant au site Internet devront \u00eatre retir\u00e9s \u00e0 premi\u00e8re demande de la part du Conseil national des barreaux.<\/p><p>Le site Internet se r\u00e9serve la possibilit\u00e9 de mettre en place des liens sur les sites Internet donnant acc\u00e8s \u00e0 des pages web autres que celles de son site.<\/p><p>L\u2019OIAD ne saurait \u00eatre responsable de l\u2019acc\u00e8s par les Utilisateurs via les liens mis en place dans le cadre du site Internent en direction d\u2019autres ressources pr\u00e9sentes sur le r\u00e9seau internet, ni du contenu des informations fournies sur ces sites au titre de l\u2019activation du lien.<\/p><p>\u00a0<\/p><h2>9: Modification des mentions l\u00e9gales.<\/h2><p>L\u2019Utilisateur du site Internet est express\u00e9ment inform\u00e9 que la version des mentions l\u00e9gales qui fait foi est celle accessible en ligne au moment o\u00f9 il se connecte sur le site internet.<\/p><p>L\u2019OIAD se r\u00e9serve le droit de modifier et d\u2019actualiser les pr\u00e9sentes mentions l\u00e9gales \u00e0 tout moment et sans pr\u00e9avis.<\/p><p>L\u2019utilisateur est donc invit\u00e9 \u00e0 la consulter r\u00e9guli\u00e8rement.<\/p><p>Date de la derni\u00e8re mise \u00e0 jour : 26\/03\/2021<\/p>\t\t\t\t\t\t\t\t<\/div>\n\t\t\t\t<\/div>\n\t\t\t\t\t<\/div>\n\t\t<\/div>\n\t\t\t\t\t<\/div>\n\t\t<\/section>\n\t\t\t\t<\/div>\n\t\t","protected":false},"excerpt":{"rendered":"<p>1: Editeur de la Plateforme. Le site internet \u00ab protect-lawyers \u00bb est la propri\u00e9t\u00e9 l\u2019Observatoire international des avocats en Danger (\u00ab OIAD \u00bb), association \u00e0 but non lucratif dont le si\u00e8ge est situ\u00e9 : 11 place Dauphine 75053 Paris. L\u2019utilisation du site internet, par tout internaute, est soumise au strict respect des conditions g\u00e9n\u00e9rales d\u2019utilisation [&hellip;]<\/p>\n","protected":false},"author":1,"featured_media":0,"parent":0,"menu_order":0,"comment_status":"closed","ping_status":"closed","template":"","meta":{"footnotes":""},"class_list":["post-11720","page","type-page","status-publish","hentry"],"_links":{"self":[{"href":"https:\/\/protect-lawyers.org\/es\/wp-json\/wp\/v2\/pages\/11720","targetHints":{"allow":["GET"]}}],"collection":[{"href":"https:\/\/protect-lawyers.org\/es\/wp-json\/wp\/v2\/pages"}],"about":[{"href":"https:\/\/protect-lawyers.org\/es\/wp-json\/wp\/v2\/types\/page"}],"author":[{"embeddable":true,"href":"https:\/\/protect-lawyers.org\/es\/wp-json\/wp\/v2\/users\/1"}],"replies":[{"embeddable":true,"href":"https:\/\/protect-lawyers.org\/es\/wp-json\/wp\/v2\/comments?post=11720"}],"version-history":[{"count":0,"href":"https:\/\/protect-lawyers.org\/es\/wp-json\/wp\/v2\/pages\/11720\/revisions"}],"wp:attachment":[{"href":"https:\/\/protect-lawyers.org\/es\/wp-json\/wp\/v2\/media?parent=11720"}],"curies":[{"name":"wp","href":"https:\/\/api.w.org\/{rel}","templated":true}]}}