{"id":1248,"date":"2021-10-25T08:46:54","date_gmt":"2021-10-25T08:46:54","guid":{"rendered":"https:\/\/protect-lawyers.org\/?page_id=1248"},"modified":"2024-02-29T11:04:14","modified_gmt":"2024-02-29T11:04:14","slug":"marcos-legales","status":"publish","type":"page","link":"https:\/\/protect-lawyers.org\/es\/marcos-legales\/","title":{"rendered":"Marcos Legales"},"content":{"rendered":"\t\t<div data-elementor-type=\"wp-page\" data-elementor-id=\"1248\" class=\"elementor elementor-1248\">\n\t\t\t\t\t\t<section class=\"elementor-section elementor-top-section elementor-element elementor-element-1ab8b224 elementor-section-boxed elementor-section-height-default elementor-section-height-default\" data-id=\"1ab8b224\" data-element_type=\"section\" data-e-type=\"section\">\n\t\t\t\t\t\t<div class=\"elementor-container elementor-column-gap-default\">\n\t\t\t\t\t<div class=\"elementor-column elementor-col-100 elementor-top-column elementor-element elementor-element-4db69fe9\" data-id=\"4db69fe9\" data-element_type=\"column\" data-e-type=\"column\">\n\t\t\t<div class=\"elementor-widget-wrap elementor-element-populated\">\n\t\t\t\t\t\t<div class=\"elementor-element elementor-element-4dccad14 elementor-widget elementor-widget-accordion\" data-id=\"4dccad14\" data-element_type=\"widget\" data-e-type=\"widget\" data-widget_type=\"accordion.default\">\n\t\t\t\t<div class=\"elementor-widget-container\">\n\t\t\t\t\t\t\t<div class=\"elementor-accordion\">\n\t\t\t\t\t\t\t<div class=\"elementor-accordion-item\">\n\t\t\t\t\t<div id=\"elementor-tab-title-1301\" class=\"elementor-tab-title\" data-tab=\"1\" role=\"button\" aria-controls=\"elementor-tab-content-1301\" aria-expanded=\"false\">\n\t\t\t\t\t\t\t\t\t\t\t\t\t<span class=\"elementor-accordion-icon elementor-accordion-icon-left\" aria-hidden=\"true\">\n\t\t\t\t\t\t\t\t\t\t\t\t\t\t\t<span class=\"elementor-accordion-icon-closed\"><i class=\"fas fa-plus\"><\/i><\/span>\n\t\t\t\t\t\t\t\t<span class=\"elementor-accordion-icon-opened\"><i class=\"fas fa-minus\"><\/i><\/span>\n\t\t\t\t\t\t\t\t\t\t\t\t\t\t<\/span>\n\t\t\t\t\t\t\t\t\t\t\t\t<a class=\"elementor-accordion-title\" tabindex=\"0\">ADMINISTRACI\u00d3N DE JUSTICIA<\/a>\n\t\t\t\t\t<\/div>\n\t\t\t\t\t<div id=\"elementor-tab-content-1301\" class=\"elementor-tab-content elementor-clearfix\" data-tab=\"1\" role=\"region\" aria-labelledby=\"elementor-tab-title-1301\"><ul><li><a href=\"https:\/\/protect-lawyers.org\/wp-content\/uploads\/reglas_naciones_unidas_para_proteccion_de_menores_privados_de_libertad-1.pdf\">Reglas Naciones Unidas para protecci\u00f3n de menores privados de libertad<\/a><\/li><li><a href=\"https:\/\/protect-lawyers.org\/wp-content\/uploads\/reglas_minimas_para_tratamiento_reclusos.pdf\">Reglas m\u00ednimas para el tratamiento de los reclusos<\/a><\/li><li><a href=\"https:\/\/protect-lawyers.org\/wp-content\/uploads\/reglas_de_beijing.pdf\">Reglas m\u00ednimas de las Naciones Unidas para la administraci\u00f3n de la justicia de menores (\u00abReglas de Beijing\u00bb) <\/a><\/li><\/ul><\/div>\n\t\t\t\t<\/div>\n\t\t\t\t\t\t\t<div class=\"elementor-accordion-item\">\n\t\t\t\t\t<div id=\"elementor-tab-title-1302\" class=\"elementor-tab-title\" data-tab=\"2\" role=\"button\" aria-controls=\"elementor-tab-content-1302\" aria-expanded=\"false\">\n\t\t\t\t\t\t\t\t\t\t\t\t\t<span class=\"elementor-accordion-icon elementor-accordion-icon-left\" aria-hidden=\"true\">\n\t\t\t\t\t\t\t\t\t\t\t\t\t\t\t<span class=\"elementor-accordion-icon-closed\"><i class=\"fas fa-plus\"><\/i><\/span>\n\t\t\t\t\t\t\t\t<span class=\"elementor-accordion-icon-opened\"><i class=\"fas fa-minus\"><\/i><\/span>\n\t\t\t\t\t\t\t\t\t\t\t\t\t\t<\/span>\n\t\t\t\t\t\t\t\t\t\t\t\t<a class=\"elementor-accordion-title\" tabindex=\"0\">DEBIDO PROCESO<\/a>\n\t\t\t\t\t<\/div>\n\t\t\t\t\t<div id=\"elementor-tab-content-1302\" class=\"elementor-tab-content elementor-clearfix\" data-tab=\"2\" role=\"region\" aria-labelledby=\"elementor-tab-title-1302\"><h4>Normas de derecho penal internacional<\/h4><ul><li><a href=\"https:\/\/protect-lawyers.org\/wp-content\/uploads\/estatuto_tribunal_penal_internacional_para_ex_yugoslavia_articulos_20_y_21.doc\">Estatuto Tribunal Penal Internacional para ex Yugoslavia art\u00edculos 20 y 21<\/a><\/li><li><a href=\"https:\/\/protect-lawyers.org\/wp-content\/uploads\/estatuto_tribunal_penal_internacional_para_ruanda_articulos_19_y_20.doc.pdf\">Estatuto Tribunal Penal Internacional para Ruanda articulos 19 y 20<\/a><\/li><li><a href=\"https:\/\/protect-lawyers.org\/wp-content\/uploads\/estatuto_corte_penal_international_articulos_55_66_y_67.pdf\">Estatuto de Roma \u2013 Corte Penal Internacional 55,66 y 67<\/a><\/li><\/ul><h4>\u00a0<\/h4><h4>Sistema internacional de protecci\u00f3n de los derechos humanos<\/h4><p><span style=\"color: #0272bb;\"><strong>Instrumentos de car\u00e1cter general<\/strong><\/span><\/p><ul><li><a href=\"https:\/\/protect-lawyers.org\/wp-content\/uploads\/convencion_contra_tortura_y_otros_tratos_penas_crueles_inhumanos_o_degradantes_articulos_14_y_15.pdf\">Convenci\u00f3n Contra la Tortura y Otros Tratos o Penas Crueles, Inhumanos o Degradantes<\/a><\/li><li><a href=\"https:\/\/protect-lawyers.org\/wp-content\/uploads\/pacto_internacional_derechos_civiles_y_politicos_articulos_9_10_14_15.pdf\">Pacto Internacional Derechos Civiles y Pol\u00edticos art\u00edculos 9 10 14 15<\/a><\/li><li><a href=\"https:\/\/protect-lawyers.org\/wp-content\/uploads\/declaracion_universal_derechos_humanos_articulos_8_a_11.pdf\">Declaraci\u00f3n Universal de Derechos Humanos 8\/11<\/a> <\/li><\/ul><p><span style=\"color: #0272bb;\"><strong>Procedimientos espec\u00edficos<\/strong><\/span><\/p><ul><li><a href=\"https:\/\/protect-lawyers.org\/wp-content\/uploads\/declaracion_sobre_principios_fundamentales_justicia_para_victimas_delitos_y_abuso_poder.pdf\">Declaraci\u00f3n sobre los principios fundamentales de justicia para las v\u00edctimas de delitos y del abuso de poder<\/a><\/li><li><a href=\"https:\/\/protect-lawyers.org\/wp-content\/uploads\/convenio_ginebra_iv_proteccion_debida_a_personas_civiles_en_tiempo_guerra_articulos_64_a_78.pdf\">Convenio Ginebra IV protecci\u00f3n debida a personas civiles en tiempo guerra art\u00edculos 64 a 78<\/a><\/li><li><a href=\"https:\/\/protect-lawyers.org\/wp-content\/uploads\/convenio_ginebra_iii_trato_debido_a_prisioneros_guerra_articulos_99_a_108.pdf\">Convenio Ginebra III trato debido a prisioneros guerra art\u00edculos 99 a 108<\/a><\/li><li><a href=\"https:\/\/protect-lawyers.org\/wp-content\/uploads\/reglas_de_tokio.pdf\">Reglas m\u00ednimas de las Naciones Unidas sobre las medidas no privativas de la libertad (Reglas de Tokio)<\/a><\/li><\/ul><h4>\u00a0<\/h4><h4>Sistema regional para la protecci\u00f3n de los derechos humanos<\/h4><p><span style=\"color: #0272bb;\"><strong>Sistema Europeo<\/strong><\/span><\/p><ul><li><a href=\"https:\/\/protect-lawyers.org\/wp-content\/uploads\/convenio_europeo_derechos_humanos_articulos_5_a_7.pdf\">Convenio Europeo de Derechos Humanos Art\u00edculo 5\/7<\/a><\/li><li><a href=\"https:\/\/protect-lawyers.org\/wp-content\/uploads\/protocolo_adicional_7_articulos_2_a_4.pdf\">Protocolo adicional n\u00b07 al Convenio Europeo de Derechos Humanos <\/a><\/li><\/ul><p><strong><span style=\"color: #0272bb;\">Sistema Interamericano<\/span><\/strong><\/p><ul><li><a href=\"https:\/\/protect-lawyers.org\/wp-content\/uploads\/convencion_americana_sobre_derechos_humanos_articulos_7_a_10.pdf\">Convenci\u00f3n Americana sobre Derechos Humanos art\u00edculos 7 a 10<\/a><\/li><li><a href=\"https:\/\/protect-lawyers.org\/wp-content\/uploads\/declaracion_americana_derechos_y_deberes_hombre_articulos_18_25_y_26.pdf\">Declaraci\u00f3n Americana Derechos y Deberes Hombre art\u00edculos 18 25 y 26<\/a><\/li><\/ul><\/div>\n\t\t\t\t<\/div>\n\t\t\t\t\t\t\t<div class=\"elementor-accordion-item\">\n\t\t\t\t\t<div id=\"elementor-tab-title-1303\" class=\"elementor-tab-title\" data-tab=\"3\" role=\"button\" aria-controls=\"elementor-tab-content-1303\" aria-expanded=\"false\">\n\t\t\t\t\t\t\t\t\t\t\t\t\t<span class=\"elementor-accordion-icon elementor-accordion-icon-left\" aria-hidden=\"true\">\n\t\t\t\t\t\t\t\t\t\t\t\t\t\t\t<span class=\"elementor-accordion-icon-closed\"><i class=\"fas fa-plus\"><\/i><\/span>\n\t\t\t\t\t\t\t\t<span class=\"elementor-accordion-icon-opened\"><i class=\"fas fa-minus\"><\/i><\/span>\n\t\t\t\t\t\t\t\t\t\t\t\t\t\t<\/span>\n\t\t\t\t\t\t\t\t\t\t\t\t<a class=\"elementor-accordion-title\" tabindex=\"0\">DERECHO P\u00daBLICO INTERNACIONAL<\/a>\n\t\t\t\t\t<\/div>\n\t\t\t\t\t<div id=\"elementor-tab-content-1303\" class=\"elementor-tab-content elementor-clearfix\" data-tab=\"3\" role=\"region\" aria-labelledby=\"elementor-tab-title-1303\"><ul><li><a href=\"https:\/\/protect-lawyers.org\/wp-content\/uploads\/carta_naciones_unidas.pdf\">Carta Naciones Unidas <\/a><\/li><\/ul><\/div>\n\t\t\t\t<\/div>\n\t\t\t\t\t\t\t<div class=\"elementor-accordion-item\">\n\t\t\t\t\t<div id=\"elementor-tab-title-1304\" class=\"elementor-tab-title\" data-tab=\"4\" role=\"button\" aria-controls=\"elementor-tab-content-1304\" aria-expanded=\"false\">\n\t\t\t\t\t\t\t\t\t\t\t\t\t<span class=\"elementor-accordion-icon elementor-accordion-icon-left\" aria-hidden=\"true\">\n\t\t\t\t\t\t\t\t\t\t\t\t\t\t\t<span class=\"elementor-accordion-icon-closed\"><i class=\"fas fa-plus\"><\/i><\/span>\n\t\t\t\t\t\t\t\t<span class=\"elementor-accordion-icon-opened\"><i class=\"fas fa-minus\"><\/i><\/span>\n\t\t\t\t\t\t\t\t\t\t\t\t\t\t<\/span>\n\t\t\t\t\t\t\t\t\t\t\t\t<a class=\"elementor-accordion-title\" tabindex=\"0\">DERECHO INTERNACIONAL EN DERECHOS HUMANOS<\/a>\n\t\t\t\t\t<\/div>\n\t\t\t\t\t<div id=\"elementor-tab-content-1304\" class=\"elementor-tab-content elementor-clearfix\" data-tab=\"4\" role=\"region\" aria-labelledby=\"elementor-tab-title-1304\"><h4>Instrumentos regionales<\/h4><p><span style=\"color: #0272bb;\"><strong>Especializado<\/strong><\/span><\/p><p><em><strong>Europeo<\/strong><\/em><\/p><ul><li><a href=\"https:\/\/protect-lawyers.org\/wp-content\/uploads\/convencion_europea_prevencion_tortura_y_penas_o_tratos_inhumanos_o_degradantes.pdf\">Convenio Europeo para la Prevenci\u00f3n de la Tortura y de las Penas o Tratos Inhumanos o Degradantes<\/a><\/li><\/ul><p><span style=\"color: #0272bb;\"><strong>General<\/strong><\/span><\/p><p><em><strong>Europa<\/strong><\/em><\/p><ul><li><a href=\"https:\/\/protect-lawyers.org\/wp-content\/uploads\/carta_de_derechos_fundamentales_union_europea.pdf\">Carta de Derechos Fundamentales Uni\u00f3n Europea<\/a><\/li><li><a href=\"https:\/\/protect-lawyers.org\/wp-content\/uploads\/convenio_para_proteccion_derechos_humanos_y_libertades_fundamentales.pdf\">Convenio europeo para la protecci\u00f3n de los derechos humanos y las libertades fundamentales<\/a><\/li><\/ul><h4>\u00a0<\/h4><h4>Instrumentos universales<\/h4><p><span style=\"color: #0272bb;\"><strong>Especializado<\/strong><\/span><\/p><ul><li><a href=\"https:\/\/protect-lawyers.org\/wp-content\/uploads\/segundo_protocolo_facultativo_pacto_internacional_derechos_civiles_y_politicos_destinado_a_abolir_pena_muerteos_civiles_y_politicos.pdf\">Segundo Protocolo Facultativo del Pacto Internacional de Derechos Civiles y Pol\u00edticos, destinado a abolir la pena de muerte<\/a><\/li><li><a href=\"https:\/\/protect-lawyers.org\/wp-content\/uploads\/convencion_contra_tortura_y_otros_tratos_o_penas_crueles_inhumanos_o_degradantes.pdf\">Convenci\u00f3n contra la Tortura y Otros Tratos o Penas Crueles, Inhumanos o Degradantes<\/a><\/li><li><a href=\"https:\/\/protect-lawyers.org\/wp-content\/uploads\/protocolo_facultativo_convencion_contra_tortura_y_otros_tratos_o_penas_crueles_inhumanos_o_degradantes.pdf\">Protocolo Facultativo de la Convenci\u00f3n contra la Tortura y Otros Tratos o Penas Crueles, Inhumanos o Degradantes<\/a><\/li><li><a href=\"https:\/\/protect-lawyers.org\/wp-content\/uploads\/convencion_internacional_sobre_eliminacion_todas_formas_discriminacion_racial.pdf\">Convenci\u00f3n Internacional sobre la Eliminaci\u00f3n de todas las Formas de Discriminaci\u00f3n Racial<\/a><\/li><li><a href=\"https:\/\/protect-lawyers.org\/wp-content\/uploads\/convencion_internacional_sobre_proteccion_todas_personas_contra_desapariciones_forzadas.pdf\">Convenci\u00f3n Internacional para la protecci\u00f3n de todas las personas contra las desapariciones forzadas<\/a><\/li><\/ul><p><span style=\"color: #0272bb;\"><strong>General<\/strong><\/span><\/p><ul><li><a href=\"https:\/\/protect-lawyers.org\/wp-content\/uploads\/pacto_internacional_derechos_civiles_y_politicos.pdf\">Pacto Internacional de Derechos Civiles y Pol\u00edticos<\/a><\/li><li><a href=\"https:\/\/protect-lawyers.org\/wp-content\/uploads\/pacto_internacional_derechos_economicos_sociales_y_culturales.pdf\">Pacto Internacional de Derechos Econ\u00f3micos, Sociales y Culturales<\/a><\/li><li><a href=\"https:\/\/protect-lawyers.org\/wp-content\/uploads\/protocolo_facultativo_pacto_internacional_derechos_civiles_y_politicos.pdf\">Protocolo Facultativo del Pacto Internacional de Derechos Civiles y Pol\u00edticos<\/a><\/li><\/ul><\/div>\n\t\t\t\t<\/div>\n\t\t\t\t\t\t\t<div class=\"elementor-accordion-item\">\n\t\t\t\t\t<div id=\"elementor-tab-title-1305\" class=\"elementor-tab-title\" data-tab=\"5\" role=\"button\" aria-controls=\"elementor-tab-content-1305\" aria-expanded=\"false\">\n\t\t\t\t\t\t\t\t\t\t\t\t\t<span class=\"elementor-accordion-icon elementor-accordion-icon-left\" aria-hidden=\"true\">\n\t\t\t\t\t\t\t\t\t\t\t\t\t\t\t<span class=\"elementor-accordion-icon-closed\"><i class=\"fas fa-plus\"><\/i><\/span>\n\t\t\t\t\t\t\t\t<span class=\"elementor-accordion-icon-opened\"><i class=\"fas fa-minus\"><\/i><\/span>\n\t\t\t\t\t\t\t\t\t\t\t\t\t\t<\/span>\n\t\t\t\t\t\t\t\t\t\t\t\t<a class=\"elementor-accordion-title\" tabindex=\"0\">DERECHO INTERNACIONAL HUMANITARIO<\/a>\n\t\t\t\t\t<\/div>\n\t\t\t\t\t<div id=\"elementor-tab-content-1305\" class=\"elementor-tab-content elementor-clearfix\" data-tab=\"5\" role=\"region\" aria-labelledby=\"elementor-tab-title-1305\"><ul><li><a href=\"https:\/\/protect-lawyers.org\/wp-content\/uploads\/convencion_para_prevencion_y_sancion_delito_genocidio.pdf\">Convenci\u00f3n para Prevenci\u00f3n y Sanci\u00f3n Delito Genocidio<\/a><\/li><li><a href=\"https:\/\/protect-lawyers.org\/wp-content\/uploads\/protocolo_adicional_ii_convenios_ginebra_relativo_a_proteccion_-victimas_conflictos_armados_sin_caracter_internacional.pdf\">Protocolo adicional a los Convenios de Ginebra del 12 de agosto de 1949 relativo a la protecci\u00f3n de las v\u00edctimas de los conflictos armados sin car\u00e1cter internacional (Protocolo II)<\/a><\/li><li><a href=\"https:\/\/protect-lawyers.org\/wp-content\/uploads\/principios_cooperacion_internacional_en_identificacion_detencion_extradicion_y_castigo_culpables_crimenes_guerra_crimenes_lesa_humanidad.pdf\">Principios de cooperaci\u00f3n internacional en la identificaci\u00f3n, detenci\u00f3n, extradici\u00f3n y castigo de los culpables de cr\u00edmenes de guerra, o de cr\u00edmenes de lesa humanidad<\/a><\/li><li><a href=\"https:\/\/protect-lawyers.org\/wp-content\/uploads\/convenios_ginebra_articulo_iii.pdf\">Convenios de Ginebra Art\u00edculo 3 \u2013 Conflictos no internacionales <\/a><\/li><\/ul><\/div>\n\t\t\t\t<\/div>\n\t\t\t\t\t\t\t<div class=\"elementor-accordion-item\">\n\t\t\t\t\t<div id=\"elementor-tab-title-1306\" class=\"elementor-tab-title\" data-tab=\"6\" role=\"button\" aria-controls=\"elementor-tab-content-1306\" aria-expanded=\"false\">\n\t\t\t\t\t\t\t\t\t\t\t\t\t<span class=\"elementor-accordion-icon elementor-accordion-icon-left\" aria-hidden=\"true\">\n\t\t\t\t\t\t\t\t\t\t\t\t\t\t\t<span class=\"elementor-accordion-icon-closed\"><i class=\"fas fa-plus\"><\/i><\/span>\n\t\t\t\t\t\t\t\t<span class=\"elementor-accordion-icon-opened\"><i class=\"fas fa-minus\"><\/i><\/span>\n\t\t\t\t\t\t\t\t\t\t\t\t\t\t<\/span>\n\t\t\t\t\t\t\t\t\t\t\t\t<a class=\"elementor-accordion-title\" tabindex=\"0\">DERECHO PENAL INTERNACIONAL<\/a>\n\t\t\t\t\t<\/div>\n\t\t\t\t\t<div id=\"elementor-tab-content-1306\" class=\"elementor-tab-content elementor-clearfix\" data-tab=\"6\" role=\"region\" aria-labelledby=\"elementor-tab-title-1306\"><ul><li><a href=\"https:\/\/protect-lawyers.org\/wp-content\/uploads\/confirmacion_principios_derecho_internacional_reconocidos_por_estatuto_tribunal_nuremberg.pdf\">Confirmaci\u00f3n de los principios de Derecho Internacional reconocidos por el estatuto del Tribunal de Nuremberg<\/a><\/li><li><a href=\"https:\/\/protect-lawyers.org\/wp-content\/uploads\/reglamento_corte_cpi.pdf\">Reglamento Corte CPI<\/a><\/li><li><a href=\"https:\/\/protect-lawyers.org\/wp-content\/uploads\/elementos_crimenes_cpi.pdf\">Elementos Cr\u00edmenes CPI<\/a><\/li><li><a href=\"https:\/\/protect-lawyers.org\/wp-content\/uploads\/estatuto_corte_penal_internacional.pdf\">Estatuto Corte Penal Internacional<\/a><\/li><li><a href=\"https:\/\/protect-lawyers.org\/wp-content\/uploads\/principios_derecho_internacional_reconocidos_por_estatuto_tribunal_nuremberg.pdf\">Principios de Derecho Internacional reconocidos por el Estatuto y por las sentencias del Tribunal de Nuremberg<\/a><\/li><li><a href=\"https:\/\/protect-lawyers.org\/wp-content\/uploads\/estatuto_tribunal_penal_internacional_para_ruanda.pdf\">Estatuto del Tribunal Internacional para Ruanda Tomado de Resoluci\u00f3n 955 del Consejo de Seguridad de las Naciones Unidas, S\/RES\/955 (1994)<\/a><\/li><li><a href=\"https:\/\/protect-lawyers.org\/wp-content\/uploads\/estatuto_tribunal_penal_internacional_para_ex_yugoslavia.pdf\">Estatuto del Tribunal Internacional para la ex \u2013 Yugoslavia<\/a><\/li><\/ul><\/div>\n\t\t\t\t<\/div>\n\t\t\t\t\t\t\t<div class=\"elementor-accordion-item\">\n\t\t\t\t\t<div id=\"elementor-tab-title-1307\" class=\"elementor-tab-title\" data-tab=\"7\" role=\"button\" aria-controls=\"elementor-tab-content-1307\" aria-expanded=\"false\">\n\t\t\t\t\t\t\t\t\t\t\t\t\t<span class=\"elementor-accordion-icon elementor-accordion-icon-left\" aria-hidden=\"true\">\n\t\t\t\t\t\t\t\t\t\t\t\t\t\t\t<span class=\"elementor-accordion-icon-closed\"><i class=\"fas fa-plus\"><\/i><\/span>\n\t\t\t\t\t\t\t\t<span class=\"elementor-accordion-icon-opened\"><i class=\"fas fa-minus\"><\/i><\/span>\n\t\t\t\t\t\t\t\t\t\t\t\t\t\t<\/span>\n\t\t\t\t\t\t\t\t\t\t\t\t<a class=\"elementor-accordion-title\" tabindex=\"0\">JURISDICCI\u00d3N UNIVERSAL<\/a>\n\t\t\t\t\t<\/div>\n\t\t\t\t\t<div id=\"elementor-tab-content-1307\" class=\"elementor-tab-content elementor-clearfix\" data-tab=\"7\" role=\"region\" aria-labelledby=\"elementor-tab-title-1307\"><h4>Fuentes<\/h4><ul><li><a href=\"https:\/\/protect-lawyers.org\/wp-content\/uploads\/convencion_contra_tortura_y_otros_tratos__penas_crueles_inhumanos_o_degradantes_articulo_5_a_9.pdf\">Convenci\u00f3n Contra Tortura y Otros Tratos Penas Crueles Inhumanos o Degradantes articulo 5 a 9<\/a><\/li><\/ul><h4>\u00a0<\/h4><h4>Or\u00edgenes<\/h4><ul><li><a href=\"https:\/\/protect-lawyers.org\/wp-content\/uploads\/convencion_sobre_imprescriptibilidad_crimenes_guerra_y_crimenes_lesa_humanidad_preambulo_articulo_ii_y_iv.pdf\">Convenci\u00f3n sobre Imprescriptibilidad Cr\u00edmenes Guerra y Cr\u00edmenes lesa Humanidad pre\u00e1mbulo articulo II y IV<\/a><\/li><li><a href=\"https:\/\/protect-lawyers.org\/wp-content\/uploads\/convencion_para_prevencion_y_sancion_delito_genocidio_articulo_v_a_vii.pdf\">Convenci\u00f3n para la Prevenci\u00f3n y la Sanci\u00f3n del Delito de Genocidio<\/a><\/li><li><a href=\"https:\/\/protect-lawyers.org\/wp-content\/uploads\/convenios_ginebra_i_articulo_49_y_50_ii_articulo_50_iii_articulo_129_iv_articulo_146.pdf\">Convenio de Ginebra del 12 de Agosto de 1949 para Aliviar la Suerte que Corren los Heridos y los Enfermos de las Fuerzas Armadas en campa\u00f1a<\/a><\/li><li><a href=\"https:\/\/protect-lawyers.org\/wp-content\/uploads\/clausula_de_martens.pdf\">Cl\u00e1usula de Martens* (Convenciones de La Haya de 1899 y 1907) <\/a><\/li><\/ul><\/div>\n\t\t\t\t<\/div>\n\t\t\t\t\t\t\t<div class=\"elementor-accordion-item\">\n\t\t\t\t\t<div id=\"elementor-tab-title-1308\" class=\"elementor-tab-title\" data-tab=\"8\" role=\"button\" aria-controls=\"elementor-tab-content-1308\" aria-expanded=\"false\">\n\t\t\t\t\t\t\t\t\t\t\t\t\t<span class=\"elementor-accordion-icon elementor-accordion-icon-left\" aria-hidden=\"true\">\n\t\t\t\t\t\t\t\t\t\t\t\t\t\t\t<span class=\"elementor-accordion-icon-closed\"><i class=\"fas fa-plus\"><\/i><\/span>\n\t\t\t\t\t\t\t\t<span class=\"elementor-accordion-icon-opened\"><i class=\"fas fa-minus\"><\/i><\/span>\n\t\t\t\t\t\t\t\t\t\t\t\t\t\t<\/span>\n\t\t\t\t\t\t\t\t\t\t\t\t<a class=\"elementor-accordion-title\" tabindex=\"0\">PROTECCI\u00d3N A DETERMINADOS GRUPOS DE PERSONAS<\/a>\n\t\t\t\t\t<\/div>\n\t\t\t\t\t<div id=\"elementor-tab-content-1308\" class=\"elementor-tab-content elementor-clearfix\" data-tab=\"8\" role=\"region\" aria-labelledby=\"elementor-tab-title-1308\"><h4>Sistema universal de protecci\u00f3n de los derechos humanos<\/h4><p><span style=\"color: #0272bb;\"><strong>Defensoras y defensores de derechos humanos<\/strong><\/span><\/p><ul><li><a href=\"https:\/\/protect-lawyers.org\/wp-content\/uploads\/declaracion_sobre_defensores_derechos_humanos.pdf\">Declaraci\u00f3n sobre Defensores Derechos Humanos<\/a><\/li><\/ul><p><strong><span style=\"color: #0272bb;\">Mujeres<\/span><\/strong><\/p><ul><li><a href=\"https:\/\/protect-lawyers.org\/wp-content\/uploads\/protocolo_facultativo_convencion_sobre_eliminacion_todas_formas_discriminacion_contra_mujer.pdf\">Protocolo Facultativo Convenci\u00f3n sobre Eliminaci\u00f3n Todas Formas Discriminaci\u00f3n contra Mujer<\/a><\/li><\/ul><p><strong><span style=\"color: #0272bb;\">Ni\u00f1ez<\/span><\/strong><\/p><ul><li><a href=\"https:\/\/protect-lawyers.org\/wp-content\/uploads\/protocolo_facultativo_convencion_derechos_nino_relativo_a_venta_ninos_prostitucion_infantil_y_utilizacion_nino.pdf\">Protocolo facultativo de la Convenci\u00f3n sobre los Derechos del Ni\u00f1o relativo a la venta de ni\u00f1os, la prostituci\u00f3n infantil y la utilizaci\u00f3n de ni\u00f1os en la pornograf\u00eda<\/a><\/li><li><a href=\"https:\/\/protect-lawyers.org\/wp-content\/uploads\/protocolo_facultativo_convencion_derechos_nino_relativo_a_participacion_ninos_en_conflictos_armados.pdf\">Protocolo facultativo de la Convenci\u00f3n sobre los Derechos del Ni\u00f1o relativo a la participaci\u00f3n de ni\u00f1os en los conflictos armados<\/a><\/li><li><a href=\"https:\/\/protect-lawyers.org\/wp-content\/uploads\/convencion_sobre_derechos_nino.pdf\">Convenci\u00f3n sobre Derechos Nino<\/a><\/li><\/ul><p><span style=\"color: #0272bb;\"><strong>Pueblos ind\u00edgenas y otras minor\u00edas<\/strong><\/span><\/p><ul><li><a href=\"https:\/\/protect-lawyers.org\/wp-content\/uploads\/convenio_pueblos_indigenas_y_tribales_n_169.pdf\">Convenio Pueblos Ind\u00edgenas y Tribales N 169<\/a><\/li><\/ul><p><span style=\"color: #0272bb;\"><strong>Refugiados<\/strong><\/span><\/p><ul><li><a href=\"https:\/\/protect-lawyers.org\/wp-content\/uploads\/convencion_estatuto_refugiados.pdf\">Convenci\u00f3n sobre el Estatuto de los Refugiados<\/a><\/li><li><a href=\"https:\/\/protect-lawyers.org\/wp-content\/uploads\/protocolo_sobre_estatuto_refugiados.pdf\">Protocolo sobre Estatuto Refugiados<\/a><\/li><\/ul><p><span style=\"color: #0272bb;\"><strong>Trabajadores migrantes<\/strong><\/span><\/p><ul><li><a href=\"https:\/\/protect-lawyers.org\/wp-content\/uploads\/convencion_internacional_sobre_proteccion_de_derechos_todos_trabajadores_migrantes.pdf\">Convenci\u00f3n internacional sobre la protecci\u00f3n de los derechos de todos los trabajadores migratorios y de sus familiares<\/a><\/li><\/ul><\/div>\n\t\t\t\t<\/div>\n\t\t\t\t\t\t\t\t<\/div>\n\t\t\t\t\t\t<\/div>\n\t\t\t\t<\/div>\n\t\t\t\t\t<\/div>\n\t\t<\/div>\n\t\t\t\t\t<\/div>\n\t\t<\/section>\n\t\t\t\t<\/div>\n\t\t","protected":false},"excerpt":{"rendered":"<p>ADMINISTRACI\u00d3N DE JUSTICIA Reglas Naciones Unidas para protecci\u00f3n de menores privados de libertad Reglas m\u00ednimas para el tratamiento de los reclusos Reglas m\u00ednimas de las Naciones Unidas para la administraci\u00f3n de la justicia de menores (\u00abReglas de Beijing\u00bb) DEBIDO PROCESO Normas de derecho penal internacional Estatuto Tribunal Penal Internacional para ex Yugoslavia art\u00edculos 20 y [&hellip;]<\/p>\n","protected":false},"author":1,"featured_media":0,"parent":0,"menu_order":0,"comment_status":"closed","ping_status":"closed","template":"","meta":{"footnotes":""},"class_list":["post-1248","page","type-page","status-publish","hentry"],"_links":{"self":[{"href":"https:\/\/protect-lawyers.org\/es\/wp-json\/wp\/v2\/pages\/1248","targetHints":{"allow":["GET"]}}],"collection":[{"href":"https:\/\/protect-lawyers.org\/es\/wp-json\/wp\/v2\/pages"}],"about":[{"href":"https:\/\/protect-lawyers.org\/es\/wp-json\/wp\/v2\/types\/page"}],"author":[{"embeddable":true,"href":"https:\/\/protect-lawyers.org\/es\/wp-json\/wp\/v2\/users\/1"}],"replies":[{"embeddable":true,"href":"https:\/\/protect-lawyers.org\/es\/wp-json\/wp\/v2\/comments?post=1248"}],"version-history":[{"count":6,"href":"https:\/\/protect-lawyers.org\/es\/wp-json\/wp\/v2\/pages\/1248\/revisions"}],"predecessor-version":[{"id":15871,"href":"https:\/\/protect-lawyers.org\/es\/wp-json\/wp\/v2\/pages\/1248\/revisions\/15871"}],"wp:attachment":[{"href":"https:\/\/protect-lawyers.org\/es\/wp-json\/wp\/v2\/media?parent=1248"}],"curies":[{"name":"wp","href":"https:\/\/api.w.org\/{rel}","templated":true}]}}