{"id":1252,"date":"2021-10-25T08:47:44","date_gmt":"2021-10-25T08:47:44","guid":{"rendered":"https:\/\/protect-lawyers.org\/?page_id=1252"},"modified":"2024-02-29T11:05:59","modified_gmt":"2024-02-29T11:05:59","slug":"materiales-de-formacion","status":"publish","type":"page","link":"https:\/\/protect-lawyers.org\/es\/materiales-de-formacion\/","title":{"rendered":"Materiales de Formaci\u00f3n"},"content":{"rendered":"\t\t<div data-elementor-type=\"wp-page\" data-elementor-id=\"1252\" class=\"elementor elementor-1252\">\n\t\t\t\t\t\t<section class=\"elementor-section elementor-top-section elementor-element elementor-element-6870683d elementor-section-boxed elementor-section-height-default elementor-section-height-default\" data-id=\"6870683d\" data-element_type=\"section\" data-e-type=\"section\">\n\t\t\t\t\t\t<div class=\"elementor-container elementor-column-gap-default\">\n\t\t\t\t\t<div class=\"elementor-column elementor-col-100 elementor-top-column elementor-element elementor-element-17ec6798\" data-id=\"17ec6798\" data-element_type=\"column\" data-e-type=\"column\">\n\t\t\t<div class=\"elementor-widget-wrap elementor-element-populated\">\n\t\t\t\t\t\t<div class=\"elementor-element elementor-element-1d89f3bd elementor-widget elementor-widget-accordion\" data-id=\"1d89f3bd\" data-element_type=\"widget\" data-e-type=\"widget\" data-widget_type=\"accordion.default\">\n\t\t\t\t<div class=\"elementor-widget-container\">\n\t\t\t\t\t\t\t<div class=\"elementor-accordion\">\n\t\t\t\t\t\t\t<div class=\"elementor-accordion-item\">\n\t\t\t\t\t<div id=\"elementor-tab-title-4951\" class=\"elementor-tab-title\" data-tab=\"1\" role=\"button\" aria-controls=\"elementor-tab-content-4951\" aria-expanded=\"false\">\n\t\t\t\t\t\t\t\t\t\t\t\t\t<span class=\"elementor-accordion-icon elementor-accordion-icon-left\" aria-hidden=\"true\">\n\t\t\t\t\t\t\t\t\t\t\t\t\t\t\t<span class=\"elementor-accordion-icon-closed\"><i class=\"fas fa-plus\"><\/i><\/span>\n\t\t\t\t\t\t\t\t<span class=\"elementor-accordion-icon-opened\"><i class=\"fas fa-minus\"><\/i><\/span>\n\t\t\t\t\t\t\t\t\t\t\t\t\t\t<\/span>\n\t\t\t\t\t\t\t\t\t\t\t\t<a class=\"elementor-accordion-title\" tabindex=\"0\">CR\u00cdMENES INTERNACIONALES<\/a>\n\t\t\t\t\t<\/div>\n\t\t\t\t\t<div id=\"elementor-tab-content-4951\" class=\"elementor-tab-content elementor-clearfix\" data-tab=\"1\" role=\"region\" aria-labelledby=\"elementor-tab-title-4951\"><ul><li><a href=\"https:\/\/protect-lawyers.org\/wp-content\/uploads\/ficha_17_crimenes_de_agresion.pdf\">Cr\u00edmenes de Agresi\u00f3n<\/a><\/li><li><a href=\"https:\/\/protect-lawyers.org\/wp-content\/uploads\/ficha_16_crimenes_de_lesa_humanidad.pdf\">Cr\u00edmenes de Lesa Humanidad<\/a><\/li><li><a href=\"https:\/\/protect-lawyers.org\/wp-content\/uploads\/ficha_15_crimenes_de_guerra.pdf\">Cr\u00edmenes de Guerra<\/a><\/li><li><a href=\"https:\/\/protect-lawyers.org\/wp-content\/uploads\/ficha_14_genocidio.pdf\">El Genocidio<\/a><\/li><\/ul><\/div>\n\t\t\t\t<\/div>\n\t\t\t\t\t\t\t<div class=\"elementor-accordion-item\">\n\t\t\t\t\t<div id=\"elementor-tab-title-4952\" class=\"elementor-tab-title\" data-tab=\"2\" role=\"button\" aria-controls=\"elementor-tab-content-4952\" aria-expanded=\"false\">\n\t\t\t\t\t\t\t\t\t\t\t\t\t<span class=\"elementor-accordion-icon elementor-accordion-icon-left\" aria-hidden=\"true\">\n\t\t\t\t\t\t\t\t\t\t\t\t\t\t\t<span class=\"elementor-accordion-icon-closed\"><i class=\"fas fa-plus\"><\/i><\/span>\n\t\t\t\t\t\t\t\t<span class=\"elementor-accordion-icon-opened\"><i class=\"fas fa-minus\"><\/i><\/span>\n\t\t\t\t\t\t\t\t\t\t\t\t\t\t<\/span>\n\t\t\t\t\t\t\t\t\t\t\t\t<a class=\"elementor-accordion-title\" tabindex=\"0\">DEBIDO PROCESO<\/a>\n\t\t\t\t\t<\/div>\n\t\t\t\t\t<div id=\"elementor-tab-content-4952\" class=\"elementor-tab-content elementor-clearfix\" data-tab=\"2\" role=\"region\" aria-labelledby=\"elementor-tab-title-4952\"><ul><li><a href=\"https:\/\/protect-lawyers.org\/wp-content\/uploads\/ficha_21_proceso_equitativo_-_despues_del_juicio.pdf\">Proceso Equitativo \u2013 despu\u00e9s del juicio<\/a><\/li><li><a href=\"https:\/\/protect-lawyers.org\/wp-content\/uploads\/ficha_20_proceso_equitativo_durante_el_juicio.pdf\">Proceso Equitativo \u2013 durante el juicio<\/a><\/li><li><a href=\"https:\/\/protect-lawyers.org\/wp-content\/uploads\/ficha_19_proceso_equitativo_antes_del_juicio.pdf\">Proceso Equitativo \u2013 antes del juicio<\/a><\/li><li><a href=\"https:\/\/protect-lawyers.org\/wp-content\/uploads\/ficha_18_proceso_equitativo_presentacion_general.pdf\">Proceso Equitativo \u2013 presentaci\u00f3n general<\/a><\/li><\/ul><\/div>\n\t\t\t\t<\/div>\n\t\t\t\t\t\t\t<div class=\"elementor-accordion-item\">\n\t\t\t\t\t<div id=\"elementor-tab-title-4953\" class=\"elementor-tab-title\" data-tab=\"3\" role=\"button\" aria-controls=\"elementor-tab-content-4953\" aria-expanded=\"false\">\n\t\t\t\t\t\t\t\t\t\t\t\t\t<span class=\"elementor-accordion-icon elementor-accordion-icon-left\" aria-hidden=\"true\">\n\t\t\t\t\t\t\t\t\t\t\t\t\t\t\t<span class=\"elementor-accordion-icon-closed\"><i class=\"fas fa-plus\"><\/i><\/span>\n\t\t\t\t\t\t\t\t<span class=\"elementor-accordion-icon-opened\"><i class=\"fas fa-minus\"><\/i><\/span>\n\t\t\t\t\t\t\t\t\t\t\t\t\t\t<\/span>\n\t\t\t\t\t\t\t\t\t\t\t\t<a class=\"elementor-accordion-title\" tabindex=\"0\">DEFENSORAS Y DEFENSORES DE DERECHOS HUMANOS<\/a>\n\t\t\t\t\t<\/div>\n\t\t\t\t\t<div id=\"elementor-tab-content-4953\" class=\"elementor-tab-content elementor-clearfix\" data-tab=\"3\" role=\"region\" aria-labelledby=\"elementor-tab-title-4953\"><ul><li><a href=\"https:\/\/protect-lawyers.org\/wp-content\/uploads\/ficha_29_defensores_de_los_derechos_humanos_y_su_proteccion.pdf\">Los defensores de los Derechos Humanos y su protecci\u00f3n<\/a><\/li><\/ul><\/div>\n\t\t\t\t<\/div>\n\t\t\t\t\t\t\t<div class=\"elementor-accordion-item\">\n\t\t\t\t\t<div id=\"elementor-tab-title-4954\" class=\"elementor-tab-title\" data-tab=\"4\" role=\"button\" aria-controls=\"elementor-tab-content-4954\" aria-expanded=\"false\">\n\t\t\t\t\t\t\t\t\t\t\t\t\t<span class=\"elementor-accordion-icon elementor-accordion-icon-left\" aria-hidden=\"true\">\n\t\t\t\t\t\t\t\t\t\t\t\t\t\t\t<span class=\"elementor-accordion-icon-closed\"><i class=\"fas fa-plus\"><\/i><\/span>\n\t\t\t\t\t\t\t\t<span class=\"elementor-accordion-icon-opened\"><i class=\"fas fa-minus\"><\/i><\/span>\n\t\t\t\t\t\t\t\t\t\t\t\t\t\t<\/span>\n\t\t\t\t\t\t\t\t\t\t\t\t<a class=\"elementor-accordion-title\" tabindex=\"0\">FUNCI\u00d3N DE LAS Y LOS ABOGADOS Y LAS ASOCIACIONES DE ABOGADOS EN SU PROTECCI\u00d3N<\/a>\n\t\t\t\t\t<\/div>\n\t\t\t\t\t<div id=\"elementor-tab-content-4954\" class=\"elementor-tab-content elementor-clearfix\" data-tab=\"4\" role=\"region\" aria-labelledby=\"elementor-tab-title-4954\"><ul><li><a href=\"https:\/\/protect-lawyers.org\/wp-content\/uploads\/ficha_30_funcion_del_abogado_y_de_los_colegios_de_abogados_y_su_proteccion.pdf\">La funci\u00f3n de los abogados y los colegios de abogados, y su protecci\u00f3n<\/a><\/li><\/ul><\/div>\n\t\t\t\t<\/div>\n\t\t\t\t\t\t\t<div class=\"elementor-accordion-item\">\n\t\t\t\t\t<div id=\"elementor-tab-title-4955\" class=\"elementor-tab-title\" data-tab=\"5\" role=\"button\" aria-controls=\"elementor-tab-content-4955\" aria-expanded=\"false\">\n\t\t\t\t\t\t\t\t\t\t\t\t\t<span class=\"elementor-accordion-icon elementor-accordion-icon-left\" aria-hidden=\"true\">\n\t\t\t\t\t\t\t\t\t\t\t\t\t\t\t<span class=\"elementor-accordion-icon-closed\"><i class=\"fas fa-plus\"><\/i><\/span>\n\t\t\t\t\t\t\t\t<span class=\"elementor-accordion-icon-opened\"><i class=\"fas fa-minus\"><\/i><\/span>\n\t\t\t\t\t\t\t\t\t\t\t\t\t\t<\/span>\n\t\t\t\t\t\t\t\t\t\t\t\t<a class=\"elementor-accordion-title\" tabindex=\"0\">GLOSARIO<\/a>\n\t\t\t\t\t<\/div>\n\t\t\t\t\t<div id=\"elementor-tab-content-4955\" class=\"elementor-tab-content elementor-clearfix\" data-tab=\"5\" role=\"region\" aria-labelledby=\"elementor-tab-title-4955\"><ul><li><a href=\"https:\/\/protect-lawyers.org\/wp-content\/uploads\/glosario_de_las_siglas.pdf\">Glosario de Las Siglas<\/a><\/li><\/ul><\/div>\n\t\t\t\t<\/div>\n\t\t\t\t\t\t\t<div class=\"elementor-accordion-item\">\n\t\t\t\t\t<div id=\"elementor-tab-title-4956\" class=\"elementor-tab-title\" data-tab=\"6\" role=\"button\" aria-controls=\"elementor-tab-content-4956\" aria-expanded=\"false\">\n\t\t\t\t\t\t\t\t\t\t\t\t\t<span class=\"elementor-accordion-icon elementor-accordion-icon-left\" aria-hidden=\"true\">\n\t\t\t\t\t\t\t\t\t\t\t\t\t\t\t<span class=\"elementor-accordion-icon-closed\"><i class=\"fas fa-plus\"><\/i><\/span>\n\t\t\t\t\t\t\t\t<span class=\"elementor-accordion-icon-opened\"><i class=\"fas fa-minus\"><\/i><\/span>\n\t\t\t\t\t\t\t\t\t\t\t\t\t\t<\/span>\n\t\t\t\t\t\t\t\t\t\t\t\t<a class=\"elementor-accordion-title\" tabindex=\"0\">INTRODUCCI\u00d3N AL ESTUDIO DE LOS DERECHOS HUMANOS Y LA LEGISLACI\u00d3N APLICABLE<\/a>\n\t\t\t\t\t<\/div>\n\t\t\t\t\t<div id=\"elementor-tab-content-4956\" class=\"elementor-tab-content elementor-clearfix\" data-tab=\"6\" role=\"region\" aria-labelledby=\"elementor-tab-title-4956\"><ul><li><a href=\"https:\/\/protect-lawyers.org\/wp-content\/uploads\/ficha_6_aplicacion_del__derecho_internacional_de_los_derechos_humanos.pdf\">Aplicaci\u00f3n del Derecho Internacional de los Derechos Humanos en derecho interno<\/a><\/li><li><a href=\"https:\/\/protect-lawyers.org\/wp-content\/uploads\/ficha_5_derecho_penal_internacional.pdf\">\u00bfQu\u00e9 es el Derecho Penal Internacional?<\/a><\/li><li><a href=\"https:\/\/protect-lawyers.org\/wp-content\/uploads\/ficha_4_derecho_internacional_humanitario.pdf\">El Derecho Internacional Humanitario<\/a><\/li><li><a href=\"https:\/\/protect-lawyers.org\/wp-content\/uploads\/ficha_3_derecho_internacional_de_los_derechos_humanos.pdf\">Abogados al servicio de Abogados<\/a><\/li><li><a href=\"https:\/\/protect-lawyers.org\/wp-content\/uploads\/ficha_2_derecho_internacional_publico__fuentes_y_principios.pdf\">El Derecho Internacional P\u00fablico: Fuentes y Principios<\/a><\/li><li><a href=\"https:\/\/protect-lawyers.org\/wp-content\/uploads\/ficha_1_el_concepto_de_derechos_humanos.pdf\">Abogados al Servicio de Abogados<\/a><\/li><\/ul><\/div>\n\t\t\t\t<\/div>\n\t\t\t\t\t\t\t<div class=\"elementor-accordion-item\">\n\t\t\t\t\t<div id=\"elementor-tab-title-4957\" class=\"elementor-tab-title\" data-tab=\"7\" role=\"button\" aria-controls=\"elementor-tab-content-4957\" aria-expanded=\"false\">\n\t\t\t\t\t\t\t\t\t\t\t\t\t<span class=\"elementor-accordion-icon elementor-accordion-icon-left\" aria-hidden=\"true\">\n\t\t\t\t\t\t\t\t\t\t\t\t\t\t\t<span class=\"elementor-accordion-icon-closed\"><i class=\"fas fa-plus\"><\/i><\/span>\n\t\t\t\t\t\t\t\t<span class=\"elementor-accordion-icon-opened\"><i class=\"fas fa-minus\"><\/i><\/span>\n\t\t\t\t\t\t\t\t\t\t\t\t\t\t<\/span>\n\t\t\t\t\t\t\t\t\t\t\t\t<a class=\"elementor-accordion-title\" tabindex=\"0\">LA TORTURA Y LOS TRATOS CRUELES, INHUMANOS O DEGRADANTES<\/a>\n\t\t\t\t\t<\/div>\n\t\t\t\t\t<div id=\"elementor-tab-content-4957\" class=\"elementor-tab-content elementor-clearfix\" data-tab=\"7\" role=\"region\" aria-labelledby=\"elementor-tab-title-4957\"><ul><li><a href=\"https:\/\/protect-lawyers.org\/wp-content\/uploads\/ficha_13_tortura_y_tratos_inhumanos_y_degradantes.pdf\">Tortura y tratos inhumanos y degradantes<\/a><\/li><\/ul><\/div>\n\t\t\t\t<\/div>\n\t\t\t\t\t\t\t<div class=\"elementor-accordion-item\">\n\t\t\t\t\t<div id=\"elementor-tab-title-4958\" class=\"elementor-tab-title\" data-tab=\"8\" role=\"button\" aria-controls=\"elementor-tab-content-4958\" aria-expanded=\"false\">\n\t\t\t\t\t\t\t\t\t\t\t\t\t<span class=\"elementor-accordion-icon elementor-accordion-icon-left\" aria-hidden=\"true\">\n\t\t\t\t\t\t\t\t\t\t\t\t\t\t\t<span class=\"elementor-accordion-icon-closed\"><i class=\"fas fa-plus\"><\/i><\/span>\n\t\t\t\t\t\t\t\t<span class=\"elementor-accordion-icon-opened\"><i class=\"fas fa-minus\"><\/i><\/span>\n\t\t\t\t\t\t\t\t\t\t\t\t\t\t<\/span>\n\t\t\t\t\t\t\t\t\t\t\t\t<a class=\"elementor-accordion-title\" tabindex=\"0\">LUCHAS CONTRA LAS DISCRIMINACIONES<\/a>\n\t\t\t\t\t<\/div>\n\t\t\t\t\t<div id=\"elementor-tab-content-4958\" class=\"elementor-tab-content elementor-clearfix\" data-tab=\"8\" role=\"region\" aria-labelledby=\"elementor-tab-title-4958\"><ul><li><a href=\"https:\/\/protect-lawyers.org\/wp-content\/uploads\/ficha_33_discriminaciones.pdf\">Las Discriminaciones<\/a><\/li><\/ul><\/div>\n\t\t\t\t<\/div>\n\t\t\t\t\t\t\t<div class=\"elementor-accordion-item\">\n\t\t\t\t\t<div id=\"elementor-tab-title-4959\" class=\"elementor-tab-title\" data-tab=\"9\" role=\"button\" aria-controls=\"elementor-tab-content-4959\" aria-expanded=\"false\">\n\t\t\t\t\t\t\t\t\t\t\t\t\t<span class=\"elementor-accordion-icon elementor-accordion-icon-left\" aria-hidden=\"true\">\n\t\t\t\t\t\t\t\t\t\t\t\t\t\t\t<span class=\"elementor-accordion-icon-closed\"><i class=\"fas fa-plus\"><\/i><\/span>\n\t\t\t\t\t\t\t\t<span class=\"elementor-accordion-icon-opened\"><i class=\"fas fa-minus\"><\/i><\/span>\n\t\t\t\t\t\t\t\t\t\t\t\t\t\t<\/span>\n\t\t\t\t\t\t\t\t\t\t\t\t<a class=\"elementor-accordion-title\" tabindex=\"0\">JURISDICCI\u00d3N INTERNACIONAL<\/a>\n\t\t\t\t\t<\/div>\n\t\t\t\t\t<div id=\"elementor-tab-content-4959\" class=\"elementor-tab-content elementor-clearfix\" data-tab=\"9\" role=\"region\" aria-labelledby=\"elementor-tab-title-4959\"><ul><li><a href=\"https:\/\/protect-lawyers.org\/wp-content\/uploads\/ficha_28_estatuto_de_las_victimas.pdf\">El Estatuto de las v\u00edctimas en las Jurisdicciones Internacionales y Regionales<\/a><\/li><li><a href=\"https:\/\/protect-lawyers.org\/wp-content\/uploads\/ficha_27_inmunidad_en_el_derecho_internacional.pdf\">La inmunidad en el Derecho Internacional<\/a><\/li><li><a href=\"https:\/\/protect-lawyers.org\/wp-content\/uploads\/ficha_26_competencia_universal.pdf\">El principio de competencia universal<\/a><\/li><li><a href=\"https:\/\/protect-lawyers.org\/wp-content\/uploads\/ficha_25_normas_de_competencia_y_legislacion_aplicable.pdf\">Normas de competencia y legislaci\u00f3n aplicable en Derecho Internacional Penal<\/a><\/li><li><a href=\"https:\/\/protect-lawyers.org\/wp-content\/uploads\/ficha_24_corte_penal_internacional.pdf\">La Corte Penal Internacional<\/a><\/li><li><a href=\"https:\/\/protect-lawyers.org\/wp-content\/uploads\/ficha_23_jurisdicciones_penales_internacionales_presentacion_general.pdf\">Las jurisdicciones penales internacionales \u2013 presentaci\u00f3n general<\/a><\/li><li><a href=\"https:\/\/protect-lawyers.org\/wp-content\/uploads\/ficha_22_corte_internacional_de_justicia.pdf\">\u00bfQu\u00e9 es la Corte Internacional de justicia?<\/a><\/li><\/ul><\/div>\n\t\t\t\t<\/div>\n\t\t\t\t\t\t\t<div class=\"elementor-accordion-item\">\n\t\t\t\t\t<div id=\"elementor-tab-title-49510\" class=\"elementor-tab-title\" data-tab=\"10\" role=\"button\" aria-controls=\"elementor-tab-content-49510\" aria-expanded=\"false\">\n\t\t\t\t\t\t\t\t\t\t\t\t\t<span class=\"elementor-accordion-icon elementor-accordion-icon-left\" aria-hidden=\"true\">\n\t\t\t\t\t\t\t\t\t\t\t\t\t\t\t<span class=\"elementor-accordion-icon-closed\"><i class=\"fas fa-plus\"><\/i><\/span>\n\t\t\t\t\t\t\t\t<span class=\"elementor-accordion-icon-opened\"><i class=\"fas fa-minus\"><\/i><\/span>\n\t\t\t\t\t\t\t\t\t\t\t\t\t\t<\/span>\n\t\t\t\t\t\t\t\t\t\t\t\t<a class=\"elementor-accordion-title\" tabindex=\"0\">MECANISMOS NO JUDICIALES DE PROTECCI\u00d3N Y DEFENSA DE DERECHOS HUMANOS<\/a>\n\t\t\t\t\t<\/div>\n\t\t\t\t\t<div id=\"elementor-tab-content-49510\" class=\"elementor-tab-content elementor-clearfix\" data-tab=\"10\" role=\"region\" aria-labelledby=\"elementor-tab-title-49510\"><ul><li><a href=\"https:\/\/protect-lawyers.org\/wp-content\/uploads\/ficha_32_autoridades_autonomas_nacionales_de_defensa_de_los_derechos_humanos.pdf\">Las Autoridades Aut\u00f3nomas Nacionales de defensa de los Derechos Humanos<\/a><\/li><li><a href=\"https:\/\/protect-lawyers.org\/wp-content\/uploads\/ficha_31_relatores_especiales_relacionados_con_los_derechos_humanos.pdf\">Los Relatores Especiales relacionados con los Derechos Humanos<\/a><\/li><\/ul><\/div>\n\t\t\t\t<\/div>\n\t\t\t\t\t\t\t<div class=\"elementor-accordion-item\">\n\t\t\t\t\t<div id=\"elementor-tab-title-49511\" class=\"elementor-tab-title\" data-tab=\"11\" role=\"button\" aria-controls=\"elementor-tab-content-49511\" aria-expanded=\"false\">\n\t\t\t\t\t\t\t\t\t\t\t\t\t<span class=\"elementor-accordion-icon elementor-accordion-icon-left\" aria-hidden=\"true\">\n\t\t\t\t\t\t\t\t\t\t\t\t\t\t\t<span class=\"elementor-accordion-icon-closed\"><i class=\"fas fa-plus\"><\/i><\/span>\n\t\t\t\t\t\t\t\t<span class=\"elementor-accordion-icon-opened\"><i class=\"fas fa-minus\"><\/i><\/span>\n\t\t\t\t\t\t\t\t\t\t\t\t\t\t<\/span>\n\t\t\t\t\t\t\t\t\t\t\t\t<a class=\"elementor-accordion-title\" tabindex=\"0\">SISTEMA REGIONAL DE PROTECCI\u00d3N DE LOS DERECHOS HUMANOS<\/a>\n\t\t\t\t\t<\/div>\n\t\t\t\t\t<div id=\"elementor-tab-content-49511\" class=\"elementor-tab-content elementor-clearfix\" data-tab=\"11\" role=\"region\" aria-labelledby=\"elementor-tab-title-49511\"><ul><li><a href=\"https:\/\/protect-lawyers.org\/wp-content\/uploads\/ficha_12_carta_arabe_de_derechos_humanos.pdf\">La Carta \u00c1rabe de Derechos Humanos<\/a><\/li><li><a href=\"https:\/\/protect-lawyers.org\/wp-content\/uploads\/ficha_11_carta_africana_de_los_derechos_humanos_y_de_los_pueblos.pdf\">La Carta Africana de los Derechos Humanos y de los Pueblos<\/a><\/li><li>El Sistema Africano de Protecci\u00f3n de Derechos Humanos<\/li><li><a href=\"https:\/\/protect-lawyers.org\/wp-content\/uploads\/ficha_9_sistema_interamericano_de_proteccion_de_los_derechos_humanos.pdf\">El Sistema Interamericano de Protecci\u00f3n de Derechos Humanos<\/a><\/li><li><a href=\"https:\/\/protect-lawyers.org\/wp-content\/uploads\/ficha_8_proteccion_de_los_derechos_humanos_en_el_marco_de_la_union_europea.pdf\">La Protecci\u00f3n de Los Derechos Humanos en el marco de la Uni\u00f3n Europea<\/a><\/li><li><a href=\"https:\/\/protect-lawyers.org\/wp-content\/uploads\/ficha_7_sistema_europeo_de_proteccion_de_los_derechos_humanos.pdf\">El Sistema Europeo de Protecci\u00f3n de Los Derechos Humanos en el marco del Consejo de Europa<\/a><\/li><\/ul><\/div>\n\t\t\t\t<\/div>\n\t\t\t\t\t\t\t\t<\/div>\n\t\t\t\t\t\t<\/div>\n\t\t\t\t<\/div>\n\t\t\t\t\t<\/div>\n\t\t<\/div>\n\t\t\t\t\t<\/div>\n\t\t<\/section>\n\t\t\t\t<\/div>\n\t\t","protected":false},"excerpt":{"rendered":"<p>CR\u00cdMENES INTERNACIONALES Cr\u00edmenes de Agresi\u00f3n Cr\u00edmenes de Lesa Humanidad Cr\u00edmenes de Guerra El Genocidio DEBIDO PROCESO Proceso Equitativo \u2013 despu\u00e9s del juicio Proceso Equitativo \u2013 durante el juicio Proceso Equitativo \u2013 antes del juicio Proceso Equitativo \u2013 presentaci\u00f3n general DEFENSORAS Y DEFENSORES DE DERECHOS HUMANOS Los defensores de los Derechos Humanos y su protecci\u00f3n FUNCI\u00d3N [&hellip;]<\/p>\n","protected":false},"author":1,"featured_media":0,"parent":0,"menu_order":0,"comment_status":"closed","ping_status":"closed","template":"","meta":{"footnotes":""},"class_list":["post-1252","page","type-page","status-publish","hentry"],"_links":{"self":[{"href":"https:\/\/protect-lawyers.org\/es\/wp-json\/wp\/v2\/pages\/1252","targetHints":{"allow":["GET"]}}],"collection":[{"href":"https:\/\/protect-lawyers.org\/es\/wp-json\/wp\/v2\/pages"}],"about":[{"href":"https:\/\/protect-lawyers.org\/es\/wp-json\/wp\/v2\/types\/page"}],"author":[{"embeddable":true,"href":"https:\/\/protect-lawyers.org\/es\/wp-json\/wp\/v2\/users\/1"}],"replies":[{"embeddable":true,"href":"https:\/\/protect-lawyers.org\/es\/wp-json\/wp\/v2\/comments?post=1252"}],"version-history":[{"count":4,"href":"https:\/\/protect-lawyers.org\/es\/wp-json\/wp\/v2\/pages\/1252\/revisions"}],"predecessor-version":[{"id":15877,"href":"https:\/\/protect-lawyers.org\/es\/wp-json\/wp\/v2\/pages\/1252\/revisions\/15877"}],"wp:attachment":[{"href":"https:\/\/protect-lawyers.org\/es\/wp-json\/wp\/v2\/media?parent=1252"}],"curies":[{"name":"wp","href":"https:\/\/api.w.org\/{rel}","templated":true}]}}