{"id":1262,"date":"2021-10-25T08:49:21","date_gmt":"2021-10-25T08:49:21","guid":{"rendered":"https:\/\/protect-lawyers.org\/?page_id=1262"},"modified":"2025-03-12T15:09:49","modified_gmt":"2025-03-12T15:09:49","slug":"informes","status":"publish","type":"page","link":"https:\/\/protect-lawyers.org\/es\/informes\/","title":{"rendered":"Informes"},"content":{"rendered":"\t\t<div data-elementor-type=\"wp-page\" data-elementor-id=\"1262\" class=\"elementor elementor-1262\">\n\t\t\t\t\t\t<section class=\"elementor-section elementor-top-section elementor-element elementor-element-4a250f62 elementor-section-full_width elementor-section-height-default elementor-section-height-default\" data-id=\"4a250f62\" data-element_type=\"section\" data-e-type=\"section\">\n\t\t\t\t\t\t<div class=\"elementor-container elementor-column-gap-default\">\n\t\t\t\t\t<div class=\"elementor-column elementor-col-100 elementor-top-column elementor-element elementor-element-575b1e32\" data-id=\"575b1e32\" data-element_type=\"column\" data-e-type=\"column\">\n\t\t\t<div class=\"elementor-widget-wrap elementor-element-populated\">\n\t\t\t\t\t\t<div class=\"elementor-element elementor-element-44d8ecaf premium-blog-align-left elementor-widget elementor-widget-premium-addon-blog\" data-id=\"44d8ecaf\" data-element_type=\"widget\" data-e-type=\"widget\" data-settings=\"{&quot;force_height&quot;:&quot;true&quot;,&quot;premium_blog_columns_number&quot;:&quot;25%&quot;,&quot;premium_blog_grid&quot;:&quot;yes&quot;,&quot;premium_blog_layout&quot;:&quot;even&quot;,&quot;premium_blog_columns_number_tablet&quot;:&quot;50%&quot;,&quot;premium_blog_columns_number_mobile&quot;:&quot;100%&quot;,&quot;scroll_to_offset&quot;:&quot;yes&quot;}\" data-widget_type=\"premium-addon-blog.default\">\n\t\t\t\t<div class=\"elementor-widget-container\">\n\t\t\t\t\t\n\t\t\n\n\t\t\t\t<div class=\"premium-blog-wrap  premium-blog-even\" data-page=\"1262\" data-pagination=\"true\">\n\t\t\t\t\t\t\t\t\t<div class=\"premium-blog-post-outer-container\" data-total=\"5\">\n\t\t\t<div class=\"premium-blog-post-container premium-blog-skin-classic\">\n\t\t\t\t\t\t\t\t\t<div class=\"premium-blog-thumb-effect-wrapper\">\n\t\t\t\t\t\t<div class=\"premium-blog-thumbnail-container premium-blog-zoomin-effect\">\n\t\t\t\t\t\t\t<img fetchpriority=\"high\" decoding=\"async\" width=\"520\" height=\"327\" src=\"https:\/\/protect-lawyers.org\/wp-content\/uploads\/Bandera-de-Tunez-520x327.jpg\" class=\"attachment-listeo-listing-grid size-listeo-listing-grid wp-image-16123\" alt=\"\" \/>\t\t\t\t\t\t<\/div>\n\t\t\t\t\t\t\t\t\t\t\t\t\t<div class=\"premium-blog-thumbnail-overlay\">\n\t\t\t\t\t\t\t\t<a class=\"elementor-icon\" href=\"https:\/\/protect-lawyers.org\/es\/mision-de-observacion-judicial-juicio-de-ahmed-souab\/\" target=\"_self\"><\/a>\n\t\t\t\t\t\t\t<\/div>\n\n\t\t\t\t\t\t\t\t\t\t\t\t\t\t\t\t\t\t<\/div>\n\t\t\t\t\t\t\t\t\t\t\t\t<div class=\"premium-blog-content-wrapper \">\n\n\t\t\t\t\t<div class=\"premium-blog-inner-container\">\n\n\t\t\t\t\t\t\t\t\t\t\t\t\t\t<h2 class=\"premium-blog-entry-title\">\n\t\t\t<a href=\"https:\/\/protect-lawyers.org\/es\/mision-de-observacion-judicial-juicio-de-ahmed-souab\/\" target=\"_self\">\n\t\t\t\tMisi\u00f3n de observaci\u00f3n judicial \u2013 juicio de Ahmed Souab\t\t\t<\/a>\n\t\t<\/h2>\n\t\t\t\t<div class=\"premium-blog-entry-meta\">\n\t\t\t\n\t\t\t\n\t\t\t\n\t\t\t\t\t<\/div>\n\t\t\n\t\t\t\t\t<\/div>\n\n\t\t\t\t\t\t\t<div class=\"premium-blog-content-inner-wrapper\">\n\t\t<p class=\"premium-blog-post-content\">Observaci\u00f3n del juicio de: Ahmed Souab Fecha de la audiencia: 23 de febrero de 2026 Fecha del informe: marzo de \u2026<\/p>\t\t<\/div>\n\t\t\t\t\t\t\t\n\t\t\t\t<\/div>\n\t\t\t<\/div>\n\t\t<\/div>\n\n\t\t\t\t<div class=\"premium-blog-post-outer-container\" data-total=\"5\">\n\t\t\t<div class=\"premium-blog-post-container premium-blog-skin-classic\">\n\t\t\t\t\t\t\t\t\t<div class=\"premium-blog-thumb-effect-wrapper\">\n\t\t\t\t\t\t<div class=\"premium-blog-thumbnail-container premium-blog-zoomin-effect\">\n\t\t\t\t\t\t\t<img decoding=\"async\" width=\"520\" height=\"397\" src=\"https:\/\/protect-lawyers.org\/wp-content\/uploads\/GUATEMALA-Rapport-de-la-Mission-internationale-520x397.png\" class=\"attachment-listeo-listing-grid size-listeo-listing-grid wp-image-25276\" alt=\"\" \/>\t\t\t\t\t\t<\/div>\n\t\t\t\t\t\t\t\t\t\t\t\t\t<div class=\"premium-blog-thumbnail-overlay\">\n\t\t\t\t\t\t\t\t<a class=\"elementor-icon\" href=\"https:\/\/protect-lawyers.org\/es\/guatemala-informe-de-la-mision-internacional-de-juristas-por-guatemala\/\" target=\"_self\"><\/a>\n\t\t\t\t\t\t\t<\/div>\n\n\t\t\t\t\t\t\t\t\t\t\t\t\t\t\t\t\t\t<\/div>\n\t\t\t\t\t\t\t\t\t\t\t\t<div class=\"premium-blog-content-wrapper \">\n\n\t\t\t\t\t<div class=\"premium-blog-inner-container\">\n\n\t\t\t\t\t\t\t\t\t\t\t\t\t\t<h2 class=\"premium-blog-entry-title\">\n\t\t\t<a href=\"https:\/\/protect-lawyers.org\/es\/guatemala-informe-de-la-mision-internacional-de-juristas-por-guatemala\/\" target=\"_self\">\n\t\t\t\tGUATEMALA \/ Informe de la Misi\u00f3n Internacional de Juristas por Guatemala\t\t\t<\/a>\n\t\t<\/h2>\n\t\t\t\t<div class=\"premium-blog-entry-meta\">\n\t\t\t\n\t\t\t\n\t\t\t\n\t\t\t\t\t<\/div>\n\t\t\n\t\t\t\t\t<\/div>\n\n\t\t\t\t\t\t\t<div class=\"premium-blog-content-inner-wrapper\">\n\t\t<p class=\"premium-blog-post-content\">T\u00edtulo del informe: Clima de temor: abogac\u00eda e independencia judicial en riesgo Fecha del informe: Marzo 2026 Descripci\u00f3n: El informe \u2026<\/p>\t\t<\/div>\n\t\t\t\t\t\t\t\n\t\t\t\t<\/div>\n\t\t\t<\/div>\n\t\t<\/div>\n\n\t\t\t\t<div class=\"premium-blog-post-outer-container\" data-total=\"5\">\n\t\t\t<div class=\"premium-blog-post-container premium-blog-skin-classic\">\n\t\t\t\t\t\t\t\t\t<div class=\"premium-blog-thumb-effect-wrapper\">\n\t\t\t\t\t\t<div class=\"premium-blog-thumbnail-container premium-blog-zoomin-effect\">\n\t\t\t\t\t\t\t<img fetchpriority=\"high\" decoding=\"async\" width=\"520\" height=\"327\" src=\"https:\/\/protect-lawyers.org\/wp-content\/uploads\/Bandera-de-Tunez-520x327.jpg\" class=\"attachment-listeo-listing-grid size-listeo-listing-grid wp-image-16123\" alt=\"\" \/>\t\t\t\t\t\t<\/div>\n\t\t\t\t\t\t\t\t\t\t\t\t\t<div class=\"premium-blog-thumbnail-overlay\">\n\t\t\t\t\t\t\t\t<a class=\"elementor-icon\" href=\"https:\/\/protect-lawyers.org\/es\/tunez-mision-de-observacion-judicial-juicio-de-sonia-dahmani\/\" target=\"_self\"><\/a>\n\t\t\t\t\t\t\t<\/div>\n\n\t\t\t\t\t\t\t\t\t\t\t\t\t\t\t\t\t\t<\/div>\n\t\t\t\t\t\t\t\t\t\t\t\t<div class=\"premium-blog-content-wrapper \">\n\n\t\t\t\t\t<div class=\"premium-blog-inner-container\">\n\n\t\t\t\t\t\t\t\t\t\t\t\t\t\t<h2 class=\"premium-blog-entry-title\">\n\t\t\t<a href=\"https:\/\/protect-lawyers.org\/es\/tunez-mision-de-observacion-judicial-juicio-de-sonia-dahmani\/\" target=\"_self\">\n\t\t\t\tT\u00daNEZ: Misi\u00f3n de observaci\u00f3n judicial &#8211; Juicio de Sonia Dahmani\t\t\t<\/a>\n\t\t<\/h2>\n\t\t\t\t<div class=\"premium-blog-entry-meta\">\n\t\t\t\n\t\t\t\n\t\t\t\n\t\t\t\t\t<\/div>\n\t\t\n\t\t\t\t\t<\/div>\n\n\t\t\t\t\t\t\t<div class=\"premium-blog-content-inner-wrapper\">\n\t\t<p class=\"premium-blog-post-content\">Observaci\u00f3n del juicio de: Sonia Dahmani Fecha de la vista: 6 de febrero de 2026 Fecha del informe: 11 de \u2026<\/p>\t\t<\/div>\n\t\t\t\t\t\t\t\n\t\t\t\t<\/div>\n\t\t\t<\/div>\n\t\t<\/div>\n\n\t\t\t\t<div class=\"premium-blog-post-outer-container\" data-total=\"5\">\n\t\t\t<div class=\"premium-blog-post-container premium-blog-skin-classic\">\n\t\t\t\t\t\t\t\t\t<div class=\"premium-blog-thumb-effect-wrapper\">\n\t\t\t\t\t\t<div class=\"premium-blog-thumbnail-container premium-blog-zoomin-effect\">\n\t\t\t\t\t\t\t<img decoding=\"async\" width=\"520\" height=\"397\" src=\"https:\/\/protect-lawyers.org\/wp-content\/uploads\/ebru-520x397.jpg\" class=\"attachment-listeo-listing-grid size-listeo-listing-grid wp-image-25167\" alt=\"\" \/>\t\t\t\t\t\t<\/div>\n\t\t\t\t\t\t\t\t\t\t\t\t\t<div class=\"premium-blog-thumbnail-overlay\">\n\t\t\t\t\t\t\t\t<a class=\"elementor-icon\" href=\"https:\/\/protect-lawyers.org\/es\/informe-sobre-el-dia-internacional-del-juicio-justo-2025-y-el-premio-ebru-timtik\/\" target=\"_self\"><\/a>\n\t\t\t\t\t\t\t<\/div>\n\n\t\t\t\t\t\t\t\t\t\t\t\t\t\t\t\t\t\t<\/div>\n\t\t\t\t\t\t\t\t\t\t\t\t<div class=\"premium-blog-content-wrapper \">\n\n\t\t\t\t\t<div class=\"premium-blog-inner-container\">\n\n\t\t\t\t\t\t\t\t\t\t\t\t\t\t<h2 class=\"premium-blog-entry-title\">\n\t\t\t<a href=\"https:\/\/protect-lawyers.org\/es\/informe-sobre-el-dia-internacional-del-juicio-justo-2025-y-el-premio-ebru-timtik\/\" target=\"_self\">\n\t\t\t\tInforme sobre el D\u00eda Internacional del Juicio Justo 2025 y el Premio Ebru Timtik\t\t\t<\/a>\n\t\t<\/h2>\n\t\t\t\t<div class=\"premium-blog-entry-meta\">\n\t\t\t\n\t\t\t\n\t\t\t\n\t\t\t\t\t<\/div>\n\t\t\n\t\t\t\t\t<\/div>\n\n\t\t\t\t\t\t\t<div class=\"premium-blog-content-inner-wrapper\">\n\t\t<p class=\"premium-blog-post-content\">Fecha del informe: Febrero 2026 Descripci\u00f3n: El presente informe resume las conclusiones del D\u00eda Internacional del Juicio Justo 2025, celebrado \u2026<\/p>\t\t<\/div>\n\t\t\t\t\t\t\t\n\t\t\t\t<\/div>\n\t\t\t<\/div>\n\t\t<\/div>\n\n\t\t\t\t<div class=\"premium-blog-post-outer-container\" data-total=\"5\">\n\t\t\t<div class=\"premium-blog-post-container premium-blog-skin-classic\">\n\t\t\t\t\t\t\t\t\t<div class=\"premium-blog-thumb-effect-wrapper\">\n\t\t\t\t\t\t<div class=\"premium-blog-thumbnail-container premium-blog-zoomin-effect\">\n\t\t\t\t\t\t\t<img loading=\"lazy\" decoding=\"async\" width=\"520\" height=\"397\" src=\"https:\/\/protect-lawyers.org\/wp-content\/uploads\/Turquia-post-II-520x397.jpg\" class=\"attachment-listeo-listing-grid size-listeo-listing-grid wp-image-17130\" alt=\"\" \/>\t\t\t\t\t\t<\/div>\n\t\t\t\t\t\t\t\t\t\t\t\t\t<div class=\"premium-blog-thumbnail-overlay\">\n\t\t\t\t\t\t\t\t<a class=\"elementor-icon\" href=\"https:\/\/protect-lawyers.org\/es\/turquia-penas-de-prision-prolongadas-impuestas-a-abogados-de-ohd-y-miembros-de-tuad-por-sus-actividades-profesionales-y-su-compromiso-con-los-derechos-humanos\/\" target=\"_self\"><\/a>\n\t\t\t\t\t\t\t<\/div>\n\n\t\t\t\t\t\t\t\t\t\t\t\t\t\t\t\t\t\t<\/div>\n\t\t\t\t\t\t\t\t\t\t\t\t<div class=\"premium-blog-content-wrapper \">\n\n\t\t\t\t\t<div class=\"premium-blog-inner-container\">\n\n\t\t\t\t\t\t\t\t\t\t\t\t\t\t<h2 class=\"premium-blog-entry-title\">\n\t\t\t<a href=\"https:\/\/protect-lawyers.org\/es\/turquia-penas-de-prision-prolongadas-impuestas-a-abogados-de-ohd-y-miembros-de-tuad-por-sus-actividades-profesionales-y-su-compromiso-con-los-derechos-humanos\/\" target=\"_self\">\n\t\t\t\tTurqu\u00eda: penas de prisi\u00f3n prolongadas impuestas a abogados de \u00d6HD y miembros de TUAD por sus actividades profesionales y su compromiso con los derechos humanos\t\t\t<\/a>\n\t\t<\/h2>\n\t\t\t\t<div class=\"premium-blog-entry-meta\">\n\t\t\t\n\t\t\t\n\t\t\t\n\t\t\t\t\t<\/div>\n\t\t\n\t\t\t\t\t<\/div>\n\n\t\t\t\t\t\t\t<div class=\"premium-blog-content-inner-wrapper\">\n\t\t<p class=\"premium-blog-post-content\">El OIAD se ha unido a 33 organizaciones y colegios de la abogac\u00eda para denunciar las severas penas de prisi\u00f3n \u2026<\/p>\t\t<\/div>\n\t\t\t\t\t\t\t\n\t\t\t\t<\/div>\n\t\t\t<\/div>\n\t\t<\/div>\n\n\t\t\t\t<div class=\"premium-blog-post-outer-container\" data-total=\"5\">\n\t\t\t<div class=\"premium-blog-post-container premium-blog-skin-classic\">\n\t\t\t\t\t\t\t\t\t<div class=\"premium-blog-thumb-effect-wrapper\">\n\t\t\t\t\t\t<div class=\"premium-blog-thumbnail-container premium-blog-zoomin-effect\">\n\t\t\t\t\t\t\t<img loading=\"lazy\" decoding=\"async\" width=\"520\" height=\"397\" src=\"https:\/\/protect-lawyers.org\/wp-content\/uploads\/2026_02_Ficha-Pais-El-Salvador-OIAD-es-foto-520x397.jpg\" class=\"attachment-listeo-listing-grid size-listeo-listing-grid wp-image-25105\" alt=\"\" \/>\t\t\t\t\t\t<\/div>\n\t\t\t\t\t\t\t\t\t\t\t\t\t<div class=\"premium-blog-thumbnail-overlay\">\n\t\t\t\t\t\t\t\t<a class=\"elementor-icon\" href=\"https:\/\/protect-lawyers.org\/es\/el-salvador-la-abogacia-bajo-asedio-en-un-contexto-de-erosion-del-estado-de-derecho\/\" target=\"_self\"><\/a>\n\t\t\t\t\t\t\t<\/div>\n\n\t\t\t\t\t\t\t\t\t\t\t\t\t\t\t\t\t\t<\/div>\n\t\t\t\t\t\t\t\t\t\t\t\t<div class=\"premium-blog-content-wrapper \">\n\n\t\t\t\t\t<div class=\"premium-blog-inner-container\">\n\n\t\t\t\t\t\t\t\t\t\t\t\t\t\t<h2 class=\"premium-blog-entry-title\">\n\t\t\t<a href=\"https:\/\/protect-lawyers.org\/es\/el-salvador-la-abogacia-bajo-asedio-en-un-contexto-de-erosion-del-estado-de-derecho\/\" target=\"_self\">\n\t\t\t\tEl Salvador: La abogac\u00eda bajo asedio en un contexto de erosi\u00f3n del Estado de derecho\t\t\t<\/a>\n\t\t<\/h2>\n\t\t\t\t<div class=\"premium-blog-entry-meta\">\n\t\t\t\n\t\t\t\n\t\t\t\n\t\t\t\t\t<\/div>\n\t\t\n\t\t\t\t\t<\/div>\n\n\t\t\t\t\t\t\t<div class=\"premium-blog-content-inner-wrapper\">\n\t\t<p class=\"premium-blog-post-content\">Fecha del informe: Febrero 2026 Descripci\u00f3n: El presente informe elaborado por el Observatorio Internacional de la Abogac\u00eda en Riesgo (OIAD) \u2026<\/p>\t\t<\/div>\n\t\t\t\t\t\t\t\n\t\t\t\t<\/div>\n\t\t\t<\/div>\n\t\t<\/div>\n\n\t\t\t\t<div class=\"premium-blog-post-outer-container\" data-total=\"5\">\n\t\t\t<div class=\"premium-blog-post-container premium-blog-skin-classic\">\n\t\t\t\t\t\t\t\t\t<div class=\"premium-blog-thumb-effect-wrapper\">\n\t\t\t\t\t\t<div class=\"premium-blog-thumbnail-container premium-blog-zoomin-effect\">\n\t\t\t\t\t\t\t<img loading=\"lazy\" decoding=\"async\" width=\"520\" height=\"397\" src=\"https:\/\/protect-lawyers.org\/wp-content\/uploads\/flag_filipinas-520x397.jpg\" class=\"attachment-listeo-listing-grid size-listeo-listing-grid wp-image-17105\" alt=\"\" \/>\t\t\t\t\t\t<\/div>\n\t\t\t\t\t\t\t\t\t\t\t\t\t<div class=\"premium-blog-thumbnail-overlay\">\n\t\t\t\t\t\t\t\t<a class=\"elementor-icon\" href=\"https:\/\/protect-lawyers.org\/es\/filipinas-informe-de-medio-termino-sobre-el-epu-de-filipinas\/\" target=\"_self\"><\/a>\n\t\t\t\t\t\t\t<\/div>\n\n\t\t\t\t\t\t\t\t\t\t\t\t\t\t\t\t\t\t<\/div>\n\t\t\t\t\t\t\t\t\t\t\t\t<div class=\"premium-blog-content-wrapper \">\n\n\t\t\t\t\t<div class=\"premium-blog-inner-container\">\n\n\t\t\t\t\t\t\t\t\t\t\t\t\t\t<h2 class=\"premium-blog-entry-title\">\n\t\t\t<a href=\"https:\/\/protect-lawyers.org\/es\/filipinas-informe-de-medio-termino-sobre-el-epu-de-filipinas\/\" target=\"_self\">\n\t\t\t\tFILIPINAS: Informe de medio t\u00e9rmino sobre el EPU de Filipinas\t\t\t<\/a>\n\t\t<\/h2>\n\t\t\t\t<div class=\"premium-blog-entry-meta\">\n\t\t\t\n\t\t\t\n\t\t\t\n\t\t\t\t\t<\/div>\n\t\t\n\t\t\t\t\t<\/div>\n\n\t\t\t\t\t\t\t<div class=\"premium-blog-content-inner-wrapper\">\n\t\t<p class=\"premium-blog-post-content\">Fecha del informe: febrero de 2026 Descripci\u00f3n: El Observatorio Internacional de la Abogac\u00eda en Riesgo (OIAD), junto con Lawyers for \u2026<\/p>\t\t<\/div>\n\t\t\t\t\t\t\t\n\t\t\t\t<\/div>\n\t\t\t<\/div>\n\t\t<\/div>\n\n\t\t\t\t<div class=\"premium-blog-post-outer-container\" data-total=\"5\">\n\t\t\t<div class=\"premium-blog-post-container premium-blog-skin-classic\">\n\t\t\t\t\t\t\t\t\t<div class=\"premium-blog-thumb-effect-wrapper\">\n\t\t\t\t\t\t<div class=\"premium-blog-thumbnail-container premium-blog-zoomin-effect\">\n\t\t\t\t\t\t\t<img fetchpriority=\"high\" decoding=\"async\" width=\"520\" height=\"327\" src=\"https:\/\/protect-lawyers.org\/wp-content\/uploads\/Bandera-de-Tunez-520x327.jpg\" class=\"attachment-listeo-listing-grid size-listeo-listing-grid wp-image-16123\" alt=\"\" \/>\t\t\t\t\t\t<\/div>\n\t\t\t\t\t\t\t\t\t\t\t\t\t<div class=\"premium-blog-thumbnail-overlay\">\n\t\t\t\t\t\t\t\t<a class=\"elementor-icon\" href=\"https:\/\/protect-lawyers.org\/es\/mision-de-observacion-judicial-juicio-de-sonia-dahmani-2\/\" target=\"_self\"><\/a>\n\t\t\t\t\t\t\t<\/div>\n\n\t\t\t\t\t\t\t\t\t\t\t\t\t\t\t\t\t\t<\/div>\n\t\t\t\t\t\t\t\t\t\t\t\t<div class=\"premium-blog-content-wrapper \">\n\n\t\t\t\t\t<div class=\"premium-blog-inner-container\">\n\n\t\t\t\t\t\t\t\t\t\t\t\t\t\t<h2 class=\"premium-blog-entry-title\">\n\t\t\t<a href=\"https:\/\/protect-lawyers.org\/es\/mision-de-observacion-judicial-juicio-de-sonia-dahmani-2\/\" target=\"_self\">\n\t\t\t\tMisi\u00f3n de observaci\u00f3n judicial &#8211; Juicio de Sonia Dahmani\t\t\t<\/a>\n\t\t<\/h2>\n\t\t\t\t<div class=\"premium-blog-entry-meta\">\n\t\t\t\n\t\t\t\n\t\t\t\n\t\t\t\t\t<\/div>\n\t\t\n\t\t\t\t\t<\/div>\n\n\t\t\t\t\t\t\t<div class=\"premium-blog-content-inner-wrapper\">\n\t\t<p class=\"premium-blog-post-content\">Observaci\u00f3n del juicio de: Sonia Dahmani (audiencia penal relativa a las declaraciones sobre las condiciones carcelarias) Fecha de la vista: \u2026<\/p>\t\t<\/div>\n\t\t\t\t\t\t\t\n\t\t\t\t<\/div>\n\t\t\t<\/div>\n\t\t<\/div>\n\n\t\t\t\t<div class=\"premium-blog-post-outer-container\" data-total=\"5\">\n\t\t\t<div class=\"premium-blog-post-container premium-blog-skin-classic\">\n\t\t\t\t\t\t\t\t\t<div class=\"premium-blog-thumb-effect-wrapper\">\n\t\t\t\t\t\t<div class=\"premium-blog-thumbnail-container premium-blog-zoomin-effect\">\n\t\t\t\t\t\t\t<img loading=\"lazy\" decoding=\"async\" width=\"520\" height=\"397\" src=\"https:\/\/protect-lawyers.org\/wp-content\/uploads\/Turquia-post-II-520x397.jpg\" class=\"attachment-listeo-listing-grid size-listeo-listing-grid wp-image-17130\" alt=\"\" \/>\t\t\t\t\t\t<\/div>\n\t\t\t\t\t\t\t\t\t\t\t\t\t<div class=\"premium-blog-thumbnail-overlay\">\n\t\t\t\t\t\t\t\t<a class=\"elementor-icon\" href=\"https:\/\/protect-lawyers.org\/es\/mision-de-observacion-judicial-proceso-penal-contra-el-decano-del-colegio-de-la-abogacia-de-estambul-y-su-junta-de-gobierno\/\" target=\"_self\"><\/a>\n\t\t\t\t\t\t\t<\/div>\n\n\t\t\t\t\t\t\t\t\t\t\t\t\t\t\t\t\t\t<\/div>\n\t\t\t\t\t\t\t\t\t\t\t\t<div class=\"premium-blog-content-wrapper \">\n\n\t\t\t\t\t<div class=\"premium-blog-inner-container\">\n\n\t\t\t\t\t\t\t\t\t\t\t\t\t\t<h2 class=\"premium-blog-entry-title\">\n\t\t\t<a href=\"https:\/\/protect-lawyers.org\/es\/mision-de-observacion-judicial-proceso-penal-contra-el-decano-del-colegio-de-la-abogacia-de-estambul-y-su-junta-de-gobierno\/\" target=\"_self\">\n\t\t\t\tMisi\u00f3n de observaci\u00f3n judicial \u2013 proceso penal contra el Decano del Colegio de la Abogac\u00eda de Estambul y su Junta de Gobierno\t\t\t<\/a>\n\t\t<\/h2>\n\t\t\t\t<div class=\"premium-blog-entry-meta\">\n\t\t\t\n\t\t\t\n\t\t\t\n\t\t\t\t\t<\/div>\n\t\t\n\t\t\t\t\t<\/div>\n\n\t\t\t\t\t\t\t<div class=\"premium-blog-content-inner-wrapper\">\n\t\t<p class=\"premium-blog-post-content\">Observaci\u00f3n del juicio de:\u00a0Decano del Colegio de la Abogac\u00eda de Estambul y del su Junta de Gobierno Fecha de la \u2026<\/p>\t\t<\/div>\n\t\t\t\t\t\t\t\n\t\t\t\t<\/div>\n\t\t\t<\/div>\n\t\t<\/div>\n\n\t\t\t\t<div class=\"premium-blog-post-outer-container\" data-total=\"5\">\n\t\t\t<div class=\"premium-blog-post-container premium-blog-skin-classic\">\n\t\t\t\t\t\t\t\t\t<div class=\"premium-blog-thumb-effect-wrapper\">\n\t\t\t\t\t\t<div class=\"premium-blog-thumbnail-container premium-blog-zoomin-effect\">\n\t\t\t\t\t\t\t<img loading=\"lazy\" decoding=\"async\" width=\"520\" height=\"397\" src=\"https:\/\/protect-lawyers.org\/wp-content\/uploads\/Bandera_Guatemala-520x397.jpeg\" class=\"attachment-listeo-listing-grid size-listeo-listing-grid wp-image-19500\" alt=\"\" \/>\t\t\t\t\t\t<\/div>\n\t\t\t\t\t\t\t\t\t\t\t\t\t<div class=\"premium-blog-thumbnail-overlay\">\n\t\t\t\t\t\t\t\t<a class=\"elementor-icon\" href=\"https:\/\/protect-lawyers.org\/es\/guatemala-informe-de-medio-termino-sobre-el-epu-de-guatemala\/\" target=\"_self\"><\/a>\n\t\t\t\t\t\t\t<\/div>\n\n\t\t\t\t\t\t\t\t\t\t\t\t\t\t\t\t\t\t<\/div>\n\t\t\t\t\t\t\t\t\t\t\t\t<div class=\"premium-blog-content-wrapper \">\n\n\t\t\t\t\t<div class=\"premium-blog-inner-container\">\n\n\t\t\t\t\t\t\t\t\t\t\t\t\t\t<h2 class=\"premium-blog-entry-title\">\n\t\t\t<a href=\"https:\/\/protect-lawyers.org\/es\/guatemala-informe-de-medio-termino-sobre-el-epu-de-guatemala\/\" target=\"_self\">\n\t\t\t\tGUATEMALA: Informe de medio t\u00e9rmino sobre el EPU de Guatemala\t\t\t<\/a>\n\t\t<\/h2>\n\t\t\t\t<div class=\"premium-blog-entry-meta\">\n\t\t\t\n\t\t\t\n\t\t\t\n\t\t\t\t\t<\/div>\n\t\t\n\t\t\t\t\t<\/div>\n\n\t\t\t\t\t\t\t<div class=\"premium-blog-content-inner-wrapper\">\n\t\t<p class=\"premium-blog-post-content\">Fecha del informe: Enero de 2026 Descripci\u00f3n: El Observatorio Internacional de la Abogac\u00eda en Riesgo (OIAD), junto con LawyersforLawyers y \u2026<\/p>\t\t<\/div>\n\t\t\t\t\t\t\t\n\t\t\t\t<\/div>\n\t\t\t<\/div>\n\t\t<\/div>\n\n\t\t\t\t<div class=\"premium-blog-post-outer-container\" data-total=\"5\">\n\t\t\t<div class=\"premium-blog-post-container premium-blog-skin-classic\">\n\t\t\t\t\t\t\t\t\t<div class=\"premium-blog-thumb-effect-wrapper\">\n\t\t\t\t\t\t<div class=\"premium-blog-thumbnail-container premium-blog-zoomin-effect\">\n\t\t\t\t\t\t\t<img fetchpriority=\"high\" decoding=\"async\" width=\"520\" height=\"327\" src=\"https:\/\/protect-lawyers.org\/wp-content\/uploads\/Bandera-de-Tunez-520x327.jpg\" class=\"attachment-listeo-listing-grid size-listeo-listing-grid wp-image-16123\" alt=\"\" \/>\t\t\t\t\t\t<\/div>\n\t\t\t\t\t\t\t\t\t\t\t\t\t<div class=\"premium-blog-thumbnail-overlay\">\n\t\t\t\t\t\t\t\t<a class=\"elementor-icon\" href=\"https:\/\/protect-lawyers.org\/es\/mision-de-observacion-judicial-juicio-de-sonia-dahmani\/\" target=\"_self\"><\/a>\n\t\t\t\t\t\t\t<\/div>\n\n\t\t\t\t\t\t\t\t\t\t\t\t\t\t\t\t\t\t<\/div>\n\t\t\t\t\t\t\t\t\t\t\t\t<div class=\"premium-blog-content-wrapper \">\n\n\t\t\t\t\t<div class=\"premium-blog-inner-container\">\n\n\t\t\t\t\t\t\t\t\t\t\t\t\t\t<h2 class=\"premium-blog-entry-title\">\n\t\t\t<a href=\"https:\/\/protect-lawyers.org\/es\/mision-de-observacion-judicial-juicio-de-sonia-dahmani\/\" target=\"_self\">\n\t\t\t\tMisi\u00f3n de observaci\u00f3n judicial &#8211; Juicio de Sonia Dahmani\t\t\t<\/a>\n\t\t<\/h2>\n\t\t\t\t<div class=\"premium-blog-entry-meta\">\n\t\t\t\n\t\t\t\n\t\t\t\n\t\t\t\t\t<\/div>\n\t\t\n\t\t\t\t\t<\/div>\n\n\t\t\t\t\t\t\t<div class=\"premium-blog-content-inner-wrapper\">\n\t\t<p class=\"premium-blog-post-content\">Observaci\u00f3n del juicio de: Sonia Dahmani: vista de apelaci\u00f3n en el caso \u00abRacismo II\u00bb Fecha de la vista: 28 de \u2026<\/p>\t\t<\/div>\n\t\t\t\t\t\t\t\n\t\t\t\t<\/div>\n\t\t\t<\/div>\n\t\t<\/div>\n\n\t\t\t\t<div class=\"premium-blog-post-outer-container\" data-total=\"5\">\n\t\t\t<div class=\"premium-blog-post-container premium-blog-skin-classic\">\n\t\t\t\t\t\t\t\t\t<div class=\"premium-blog-thumb-effect-wrapper\">\n\t\t\t\t\t\t<div class=\"premium-blog-thumbnail-container premium-blog-zoomin-effect\">\n\t\t\t\t\t\t\t<img fetchpriority=\"high\" decoding=\"async\" width=\"520\" height=\"327\" src=\"https:\/\/protect-lawyers.org\/wp-content\/uploads\/Bandera-de-Tunez-520x327.jpg\" class=\"attachment-listeo-listing-grid size-listeo-listing-grid wp-image-16123\" alt=\"\" \/>\t\t\t\t\t\t<\/div>\n\t\t\t\t\t\t\t\t\t\t\t\t\t<div class=\"premium-blog-thumbnail-overlay\">\n\t\t\t\t\t\t\t\t<a class=\"elementor-icon\" href=\"https:\/\/protect-lawyers.org\/es\/mission-dobservation-judiciaire-audience-dahmed-souab-tunisie\/\" target=\"_self\"><\/a>\n\t\t\t\t\t\t\t<\/div>\n\n\t\t\t\t\t\t\t\t\t\t\t\t\t\t\t\t\t\t<\/div>\n\t\t\t\t\t\t\t\t\t\t\t\t<div class=\"premium-blog-content-wrapper \">\n\n\t\t\t\t\t<div class=\"premium-blog-inner-container\">\n\n\t\t\t\t\t\t\t\t\t\t\t\t\t\t<h2 class=\"premium-blog-entry-title\">\n\t\t\t<a href=\"https:\/\/protect-lawyers.org\/es\/mission-dobservation-judiciaire-audience-dahmed-souab-tunisie\/\" target=\"_self\">\n\t\t\t\tMission d\u2019observation judiciaire \u2013 audience d\u2019Ahmed Souab (Tunisie)\t\t\t<\/a>\n\t\t<\/h2>\n\t\t\t\t<div class=\"premium-blog-entry-meta\">\n\t\t\t\n\t\t\t\n\t\t\t\n\t\t\t\t\t<\/div>\n\t\t\n\t\t\t\t\t<\/div>\n\n\t\t\t\t\t\t\t<div class=\"premium-blog-content-inner-wrapper\">\n\t\t<p class=\"premium-blog-post-content\">Observation du proc\u00e8s de\u00a0: Ahmed Souab Date de la mission\u00a0: 30 octobre \u2013 1er novembre 2025 Date du rapport\u00a0: novembre \u2026<\/p>\t\t<\/div>\n\t\t\t\t\t\t\t\n\t\t\t\t<\/div>\n\t\t\t<\/div>\n\t\t<\/div>\n\n\t\t\t\t\t\t\t<\/div>\n\n\t\t\t\t\t<div class=\"premium-blog-footer\">\n\t\t\t\t\t\t\t<nav class=\"premium-blog-pagination-container\" role=\"navigation\" aria-label=\"Paginaci\u00f3n\">\n\t\t\t\t<span aria-current=\"page\" class=\"page-numbers current\">1<\/span>\n<a class=\"page-numbers\" href=\"https:\/\/protect-lawyers.org\/es\/wp-json\/wp\/v2\/pages\/1262\/page\/2\/\">2<\/a>\n<a class=\"page-numbers\" href=\"https:\/\/protect-lawyers.org\/es\/wp-json\/wp\/v2\/pages\/1262\/page\/3\/\">3<\/a>\n<span class=\"page-numbers dots\">&hellip;<\/span>\n<a class=\"page-numbers\" href=\"https:\/\/protect-lawyers.org\/es\/wp-json\/wp\/v2\/pages\/1262\/page\/5\/\">5<\/a>\n<a class=\"next page-numbers\" href=\"https:\/\/protect-lawyers.org\/es\/wp-json\/wp\/v2\/pages\/1262\/page\/2\/\">Prochain \u00bb<\/a>\t\t\t<\/nav>\n\t\t\t\t\t\t<\/div>\n\t\t\n\t\t\n\t\t\t\t\t\t<\/div>\n\t\t\t\t<\/div>\n\t\t\t\t\t<\/div>\n\t\t<\/div>\n\t\t\t\t\t<\/div>\n\t\t<\/section>\n\t\t\t\t<\/div>\n\t\t","protected":false},"excerpt":{"rendered":"<p>TURQUIE : Rapport d\u2019observation judiciaire (proc\u00e8s de l\u2019assassinat du B\u00e2tonnier Tahir El\u00e7i, 6 mars 2024) TURQUIE : Rapport d\u2019observation judiciaire (proc\u00e8s de l\u2019assassinat du B\u00e2tonnier Tahir El\u00e7i, 6 mars 2024) Date du rapport : Mars 2024 Le Ba\u0302tonnier du barreau de Diyarbakir, Me Tahir El\u00e7i, a e\u0301te\u0301 assassine\u0301 le 28 \u2026 TURQUIE : Rapport conjoint [&hellip;]<\/p>\n","protected":false},"author":1,"featured_media":0,"parent":0,"menu_order":0,"comment_status":"closed","ping_status":"closed","template":"","meta":{"footnotes":""},"class_list":["post-1262","page","type-page","status-publish","hentry"],"_links":{"self":[{"href":"https:\/\/protect-lawyers.org\/es\/wp-json\/wp\/v2\/pages\/1262","targetHints":{"allow":["GET"]}}],"collection":[{"href":"https:\/\/protect-lawyers.org\/es\/wp-json\/wp\/v2\/pages"}],"about":[{"href":"https:\/\/protect-lawyers.org\/es\/wp-json\/wp\/v2\/types\/page"}],"author":[{"embeddable":true,"href":"https:\/\/protect-lawyers.org\/es\/wp-json\/wp\/v2\/users\/1"}],"replies":[{"embeddable":true,"href":"https:\/\/protect-lawyers.org\/es\/wp-json\/wp\/v2\/comments?post=1262"}],"version-history":[{"count":19,"href":"https:\/\/protect-lawyers.org\/es\/wp-json\/wp\/v2\/pages\/1262\/revisions"}],"predecessor-version":[{"id":21161,"href":"https:\/\/protect-lawyers.org\/es\/wp-json\/wp\/v2\/pages\/1262\/revisions\/21161"}],"wp:attachment":[{"href":"https:\/\/protect-lawyers.org\/es\/wp-json\/wp\/v2\/media?parent=1262"}],"curies":[{"name":"wp","href":"https:\/\/api.w.org\/{rel}","templated":true}]}}