{"id":1400,"date":"2021-10-25T08:47:17","date_gmt":"2021-10-25T08:47:17","guid":{"rendered":"https:\/\/protect-lawyers.org\/herramientas-practicas\/"},"modified":"2024-02-29T11:13:38","modified_gmt":"2024-02-29T11:13:38","slug":"strumenti-pratici","status":"publish","type":"page","link":"https:\/\/protect-lawyers.org\/it\/strumenti-pratici\/","title":{"rendered":"Strumenti Pratici"},"content":{"rendered":"\t\t<div data-elementor-type=\"wp-page\" data-elementor-id=\"1400\" class=\"elementor elementor-1400 elementor-1250\">\n\t\t\t\t\t\t<section class=\"elementor-section elementor-top-section elementor-element elementor-element-2e555b7d elementor-section-boxed elementor-section-height-default elementor-section-height-default\" data-id=\"2e555b7d\" data-element_type=\"section\" data-e-type=\"section\">\n\t\t\t\t\t\t<div class=\"elementor-container elementor-column-gap-default\">\n\t\t\t\t\t<div class=\"elementor-column elementor-col-100 elementor-top-column elementor-element elementor-element-1f809ea8\" data-id=\"1f809ea8\" data-element_type=\"column\" data-e-type=\"column\">\n\t\t\t<div class=\"elementor-widget-wrap elementor-element-populated\">\n\t\t\t\t\t\t<div class=\"elementor-element elementor-element-52f8f95f elementor-widget elementor-widget-accordion\" data-id=\"52f8f95f\" data-element_type=\"widget\" data-e-type=\"widget\" data-widget_type=\"accordion.default\">\n\t\t\t\t<div class=\"elementor-widget-container\">\n\t\t\t\t\t\t\t<div class=\"elementor-accordion\">\n\t\t\t\t\t\t\t<div class=\"elementor-accordion-item\">\n\t\t\t\t\t<div id=\"elementor-tab-title-1391\" class=\"elementor-tab-title\" data-tab=\"1\" role=\"button\" aria-controls=\"elementor-tab-content-1391\" aria-expanded=\"false\">\n\t\t\t\t\t\t\t\t\t\t\t\t\t<span class=\"elementor-accordion-icon elementor-accordion-icon-left\" aria-hidden=\"true\">\n\t\t\t\t\t\t\t\t\t\t\t\t\t\t\t<span class=\"elementor-accordion-icon-closed\"><i class=\"fas fa-plus\"><\/i><\/span>\n\t\t\t\t\t\t\t\t<span class=\"elementor-accordion-icon-opened\"><i class=\"fas fa-minus\"><\/i><\/span>\n\t\t\t\t\t\t\t\t\t\t\t\t\t\t<\/span>\n\t\t\t\t\t\t\t\t\t\t\t\t<a class=\"elementor-accordion-title\" tabindex=\"0\">SISTEMA UNIVERSALE DI PROTEZIONE DEI DIRITTI UMANI<\/a>\n\t\t\t\t\t<\/div>\n\t\t\t\t\t<div id=\"elementor-tab-content-1391\" class=\"elementor-tab-content elementor-clearfix\" data-tab=\"1\" role=\"region\" aria-labelledby=\"elementor-tab-title-1391\"><ul><li><a href=\"https:\/\/protect-lawyers.org\/wp-content\/uploads\/14.pdf\">Groupes de travail sur les disparitions forc\u00e9es ou involontaires<\/a><\/li><li><a href=\"https:\/\/protect-lawyers.org\/wp-content\/uploads\/13.pdf\">Rapporteur sp\u00e9cial sur les formes contemporaines d\u2019esclavage<\/a><\/li><li><a href=\"https:\/\/protect-lawyers.org\/wp-content\/uploads\/12.pdf\">Rapporteur sp\u00e9cial charg\u00e9 d\u2019examiner les questions relatives \u00e0 la torture<\/a><\/li><li><a href=\"https:\/\/protect-lawyers.org\/wp-content\/uploads\/11.pdf\">Rapporteur sp\u00e9cial sur les droits de l\u2019Homme des migrants<\/a><\/li><li><a href=\"https:\/\/protect-lawyers.org\/wp-content\/uploads\/10.pdf\">Groupe de travail sur l\u2019utilisation de mercenaires comme moyen de violer les droits de l\u2019Homme et d\u2019emp\u00eacher l\u2019exercice du droit des peuples \u00e0 disposer d\u2019eux-m\u00eame<\/a><\/li><li><a href=\"https:\/\/protect-lawyers.org\/wp-content\/uploads\/9.pdf\">Rapporteur sp\u00e9cial sur la promotion et la protection du droit \u00e0 la libert\u00e9 d\u2019opinion et d\u2019expression<\/a><\/li><li><a href=\"https:\/\/protect-lawyers.org\/wp-content\/uploads\/8.pdf\">Rapporteur sp\u00e9cial sur la libert\u00e9 de religion et de conviction<\/a><\/li><li><a href=\"https:\/\/protect-lawyers.org\/wp-content\/uploads\/7.pdf\">Rapporteur sp\u00e9cial sur les ex\u00e9cutions extrajudiciaires, sommaires ou arbitraires<\/a><\/li><li><a href=\"https:\/\/protect-lawyers.org\/wp-content\/uploads\/6.pdf\">Groupe de travail sur l\u2019arrestation ou la d\u00e9tention arbitraire<\/a><\/li><li><a href=\"https:\/\/protect-lawyers.org\/wp-content\/uploads\/5-1.pdf\">Rapporteur sp\u00e9cial charg\u00e9 de la question de la violence contre les femmes<\/a><\/li><li><a href=\"https:\/\/protect-lawyers.org\/wp-content\/uploads\/4-1.pdf\">Rapporteur sp\u00e9cial sur la vente d\u2019enfants, la prostitution d\u2019enfants et la pornographie impliquant des enfants (UK)<\/a><\/li><li><a href=\"https:\/\/protect-lawyers.org\/wp-content\/uploads\/3-1.pdf\">Rapporteur sp\u00e9cial sur la situation des d\u00e9fenseurs des droits de l\u2019Homme<\/a><\/li><li><a href=\"https:\/\/protect-lawyers.org\/wp-content\/uploads\/2-1.pdf\">Comunications proc\u00e9dures sp\u00e9ciales, informations minimums<\/a><\/li><li><a href=\"https:\/\/protect-lawyers.org\/wp-content\/uploads\/1-1.pdf\">Discrimination \u00e0 l\u2019\u00e9gard des femmes (CEDAW)<\/a><\/li><li><a href=\"https:\/\/protect-lawyers.org\/wp-content\/uploads\/0-2.pdf\">Droits civils et politiques (ICCPR), Torture (CAT),\u00a0Discrimination raciale (ICERD) <\/a><\/li><\/ul><\/div>\n\t\t\t\t<\/div>\n\t\t\t\t\t\t\t<div class=\"elementor-accordion-item\">\n\t\t\t\t\t<div id=\"elementor-tab-title-1392\" class=\"elementor-tab-title\" data-tab=\"2\" role=\"button\" aria-controls=\"elementor-tab-content-1392\" aria-expanded=\"false\">\n\t\t\t\t\t\t\t\t\t\t\t\t\t<span class=\"elementor-accordion-icon elementor-accordion-icon-left\" aria-hidden=\"true\">\n\t\t\t\t\t\t\t\t\t\t\t\t\t\t\t<span class=\"elementor-accordion-icon-closed\"><i class=\"fas fa-plus\"><\/i><\/span>\n\t\t\t\t\t\t\t\t<span class=\"elementor-accordion-icon-opened\"><i class=\"fas fa-minus\"><\/i><\/span>\n\t\t\t\t\t\t\t\t\t\t\t\t\t\t<\/span>\n\t\t\t\t\t\t\t\t\t\t\t\t<a class=\"elementor-accordion-title\" tabindex=\"0\">SISTEMA REGIONALE DI PROTEZIONE DEI DIRITTI UMANI<\/a>\n\t\t\t\t\t<\/div>\n\t\t\t\t\t<div id=\"elementor-tab-content-1392\" class=\"elementor-tab-content elementor-clearfix\" data-tab=\"2\" role=\"region\" aria-labelledby=\"elementor-tab-title-1392\"><ul><li><a href=\"https:\/\/protect-lawyers.org\/wp-content\/uploads\/1-2.pdf\">Commission africaine des droits de l\u2019Homme et des Peuples<\/a><\/li><li><a href=\"https:\/\/protect-lawyers.org\/wp-content\/uploads\/0.pdf\">Commission interam\u00e9ricaine des droits de l\u2019Homme <\/a><\/li><\/ul><\/div>\n\t\t\t\t<\/div>\n\t\t\t\t\t\t\t<div class=\"elementor-accordion-item\">\n\t\t\t\t\t<div id=\"elementor-tab-title-1393\" class=\"elementor-tab-title\" data-tab=\"3\" role=\"button\" aria-controls=\"elementor-tab-content-1393\" aria-expanded=\"false\">\n\t\t\t\t\t\t\t\t\t\t\t\t\t<span class=\"elementor-accordion-icon elementor-accordion-icon-left\" aria-hidden=\"true\">\n\t\t\t\t\t\t\t\t\t\t\t\t\t\t\t<span class=\"elementor-accordion-icon-closed\"><i class=\"fas fa-plus\"><\/i><\/span>\n\t\t\t\t\t\t\t\t<span class=\"elementor-accordion-icon-opened\"><i class=\"fas fa-minus\"><\/i><\/span>\n\t\t\t\t\t\t\t\t\t\t\t\t\t\t<\/span>\n\t\t\t\t\t\t\t\t\t\t\t\t<a class=\"elementor-accordion-title\" tabindex=\"0\">GIORNATA DELL\u2019AVVOCATO IN PERICOLO<\/a>\n\t\t\t\t\t<\/div>\n\t\t\t\t\t<div id=\"elementor-tab-content-1393\" class=\"elementor-tab-content elementor-clearfix\" data-tab=\"3\" role=\"region\" aria-labelledby=\"elementor-tab-title-1393\"><ul><li><a href=\"https:\/\/protect-lawyers.org\/wp-content\/uploads\/Leaflet-JM-2021-Web-IT.pdf\">Leaflet Giornata dell\u2019avvocato inpericolo Azerbaigan 2021<\/a><\/li><li><a href=\"https:\/\/protect-lawyers.org\/wp-content\/uploads\/Trifold-print-JM-2021-IT.pdf\">Trifold Giornata dell\u2019avvocato inpericolo Azerbaigan 2021<\/a><\/li><\/ul><\/div>\n\t\t\t\t<\/div>\n\t\t\t\t\t\t\t\t<\/div>\n\t\t\t\t\t\t<\/div>\n\t\t\t\t<\/div>\n\t\t\t\t\t<\/div>\n\t\t<\/div>\n\t\t\t\t\t<\/div>\n\t\t<\/section>\n\t\t\t\t<\/div>\n\t\t","protected":false},"excerpt":{"rendered":"<p>SISTEMA UNIVERSALE DI PROTEZIONE DEI DIRITTI UMANI Groupes de travail sur les disparitions forc\u00e9es ou involontaires Rapporteur sp\u00e9cial sur les formes contemporaines d\u2019esclavage Rapporteur sp\u00e9cial charg\u00e9 d\u2019examiner les questions relatives \u00e0 la torture Rapporteur sp\u00e9cial sur les droits de l\u2019Homme des migrants Groupe de travail sur l\u2019utilisation de mercenaires comme moyen de violer les droits [&hellip;]<\/p>\n","protected":false},"author":1,"featured_media":0,"parent":0,"menu_order":0,"comment_status":"closed","ping_status":"closed","template":"","meta":{"footnotes":""},"class_list":["post-1400","page","type-page","status-publish","hentry"],"_links":{"self":[{"href":"https:\/\/protect-lawyers.org\/it\/wp-json\/wp\/v2\/pages\/1400","targetHints":{"allow":["GET"]}}],"collection":[{"href":"https:\/\/protect-lawyers.org\/it\/wp-json\/wp\/v2\/pages"}],"about":[{"href":"https:\/\/protect-lawyers.org\/it\/wp-json\/wp\/v2\/types\/page"}],"author":[{"embeddable":true,"href":"https:\/\/protect-lawyers.org\/it\/wp-json\/wp\/v2\/users\/1"}],"replies":[{"embeddable":true,"href":"https:\/\/protect-lawyers.org\/it\/wp-json\/wp\/v2\/comments?post=1400"}],"version-history":[{"count":3,"href":"https:\/\/protect-lawyers.org\/it\/wp-json\/wp\/v2\/pages\/1400\/revisions"}],"predecessor-version":[{"id":15895,"href":"https:\/\/protect-lawyers.org\/it\/wp-json\/wp\/v2\/pages\/1400\/revisions\/15895"}],"wp:attachment":[{"href":"https:\/\/protect-lawyers.org\/it\/wp-json\/wp\/v2\/media?parent=1400"}],"curies":[{"name":"wp","href":"https:\/\/api.w.org\/{rel}","templated":true}]}}