{"id":2581,"date":"2021-10-25T08:49:21","date_gmt":"2021-10-25T08:49:21","guid":{"rendered":"https:\/\/protect-lawyers.org\/publicaciones\/"},"modified":"2025-03-12T12:39:10","modified_gmt":"2025-03-12T12:39:10","slug":"report","status":"publish","type":"page","link":"https:\/\/protect-lawyers.org\/it\/report\/","title":{"rendered":"Report"},"content":{"rendered":"\t\t<div data-elementor-type=\"wp-page\" data-elementor-id=\"2581\" class=\"elementor elementor-2581 elementor-1262\">\n\t\t\t\t\t\t<section class=\"elementor-section elementor-top-section elementor-element elementor-element-4a250f62 elementor-section-full_width elementor-section-height-default elementor-section-height-default\" data-id=\"4a250f62\" data-element_type=\"section\" data-e-type=\"section\">\n\t\t\t\t\t\t<div class=\"elementor-container elementor-column-gap-default\">\n\t\t\t\t\t<div class=\"elementor-column elementor-col-100 elementor-top-column elementor-element elementor-element-575b1e32\" data-id=\"575b1e32\" data-element_type=\"column\" data-e-type=\"column\">\n\t\t\t<div class=\"elementor-widget-wrap elementor-element-populated\">\n\t\t\t\t\t\t<div class=\"elementor-element elementor-element-44d8ecaf premium-blog-align-left elementor-widget elementor-widget-premium-addon-blog\" data-id=\"44d8ecaf\" data-element_type=\"widget\" data-e-type=\"widget\" data-settings=\"{&quot;force_height&quot;:&quot;true&quot;,&quot;premium_blog_columns_number&quot;:&quot;25%&quot;,&quot;premium_blog_grid&quot;:&quot;yes&quot;,&quot;premium_blog_layout&quot;:&quot;even&quot;,&quot;premium_blog_columns_number_tablet&quot;:&quot;50%&quot;,&quot;premium_blog_columns_number_mobile&quot;:&quot;100%&quot;,&quot;scroll_to_offset&quot;:&quot;yes&quot;}\" data-widget_type=\"premium-addon-blog.default\">\n\t\t\t\t<div class=\"elementor-widget-container\">\n\t\t\t\t\t\n\t\t\n\n\t\t\t\t<div class=\"premium-blog-wrap  premium-blog-even\" data-page=\"2581\" data-pagination=\"true\">\n\t\t\t\t\t\t\t\t\t<div class=\"premium-blog-post-outer-container\" data-total=\"5\">\n\t\t\t<div class=\"premium-blog-post-container premium-blog-skin-classic\">\n\t\t\t\t\t\t\t\t\t<div class=\"premium-blog-thumb-effect-wrapper\">\n\t\t\t\t\t\t<div class=\"premium-blog-thumbnail-container premium-blog-zoomin-effect\">\n\t\t\t\t\t\t\t<img fetchpriority=\"high\" decoding=\"async\" width=\"520\" height=\"327\" src=\"https:\/\/protect-lawyers.org\/wp-content\/uploads\/Bandera-de-Tunez-520x327.jpg\" class=\"attachment-listeo-listing-grid size-listeo-listing-grid wp-image-16122\" alt=\"\" \/>\t\t\t\t\t\t<\/div>\n\t\t\t\t\t\t\t\t\t\t\t\t\t<div class=\"premium-blog-thumbnail-overlay\">\n\t\t\t\t\t\t\t\t<a class=\"elementor-icon\" href=\"https:\/\/protect-lawyers.org\/it\/mission-dobservation-judiciaire-proces-dahmed-souab\/\" target=\"_self\"><\/a>\n\t\t\t\t\t\t\t<\/div>\n\n\t\t\t\t\t\t\t\t\t\t\t\t\t\t\t\t\t\t<\/div>\n\t\t\t\t\t\t\t\t\t\t\t\t<div class=\"premium-blog-content-wrapper \">\n\n\t\t\t\t\t<div class=\"premium-blog-inner-container\">\n\n\t\t\t\t\t\t\t\t\t\t\t\t\t\t<h2 class=\"premium-blog-entry-title\">\n\t\t\t<a href=\"https:\/\/protect-lawyers.org\/it\/mission-dobservation-judiciaire-proces-dahmed-souab\/\" target=\"_self\">\n\t\t\t\tMission d\u2019observation judiciaire \u2013 proc\u00e8s d\u2019Ahmed Souab\t\t\t<\/a>\n\t\t<\/h2>\n\t\t\t\t<div class=\"premium-blog-entry-meta\">\n\t\t\t\n\t\t\t\n\t\t\t\n\t\t\t\t\t<\/div>\n\t\t\n\t\t\t\t\t<\/div>\n\n\t\t\t\t\t\t\t<div class=\"premium-blog-content-inner-wrapper\">\n\t\t<p class=\"premium-blog-post-content\">Observation du proc\u00e8s de\u00a0: Ahmed Souab Date de l\u2019audience\u00a0: 23 f\u00e9vrier 2026 Date du rapport\u00a0: mars 2026 Description\u00a0: Alessandro Magoni \u2026<\/p>\t\t<\/div>\n\t\t\t\t\t\t\t\n\t\t\t\t<\/div>\n\t\t\t<\/div>\n\t\t<\/div>\n\n\t\t\t\t<div class=\"premium-blog-post-outer-container\" data-total=\"5\">\n\t\t\t<div class=\"premium-blog-post-container premium-blog-skin-classic\">\n\t\t\t\t\t\t\t\t\t<div class=\"premium-blog-thumb-effect-wrapper\">\n\t\t\t\t\t\t<div class=\"premium-blog-thumbnail-container premium-blog-zoomin-effect\">\n\t\t\t\t\t\t\t<img decoding=\"async\" width=\"520\" height=\"397\" src=\"https:\/\/protect-lawyers.org\/wp-content\/uploads\/GUATEMALA-Rapport-de-la-Mission-internationale-520x397.png\" class=\"attachment-listeo-listing-grid size-listeo-listing-grid wp-image-25275\" alt=\"\" \/>\t\t\t\t\t\t<\/div>\n\t\t\t\t\t\t\t\t\t\t\t\t\t<div class=\"premium-blog-thumbnail-overlay\">\n\t\t\t\t\t\t\t\t<a class=\"elementor-icon\" href=\"https:\/\/protect-lawyers.org\/it\/guatemala-rapport-de-la-mission-internationale-de-juristes-pour-le-guatemala\/\" target=\"_self\"><\/a>\n\t\t\t\t\t\t\t<\/div>\n\n\t\t\t\t\t\t\t\t\t\t\t\t\t\t\t\t\t\t<\/div>\n\t\t\t\t\t\t\t\t\t\t\t\t<div class=\"premium-blog-content-wrapper \">\n\n\t\t\t\t\t<div class=\"premium-blog-inner-container\">\n\n\t\t\t\t\t\t\t\t\t\t\t\t\t\t<h2 class=\"premium-blog-entry-title\">\n\t\t\t<a href=\"https:\/\/protect-lawyers.org\/it\/guatemala-rapport-de-la-mission-internationale-de-juristes-pour-le-guatemala\/\" target=\"_self\">\n\t\t\t\tGUATEMALA \/ Rapport de la Mission internationale de juristes pour le Guatemala\t\t\t<\/a>\n\t\t<\/h2>\n\t\t\t\t<div class=\"premium-blog-entry-meta\">\n\t\t\t\n\t\t\t\n\t\t\t\n\t\t\t\t\t<\/div>\n\t\t\n\t\t\t\t\t<\/div>\n\n\t\t\t\t\t\t\t<div class=\"premium-blog-content-inner-wrapper\">\n\t\t<p class=\"premium-blog-post-content\">Titre du rapport : Climat de peur : la profession d&#8217;avocat et l&#8217;ind\u00e9pendance judiciaire en danger Date du rapport : \u2026<\/p>\t\t<\/div>\n\t\t\t\t\t\t\t\n\t\t\t\t<\/div>\n\t\t\t<\/div>\n\t\t<\/div>\n\n\t\t\t\t<div class=\"premium-blog-post-outer-container\" data-total=\"5\">\n\t\t\t<div class=\"premium-blog-post-container premium-blog-skin-classic\">\n\t\t\t\t\t\t\t\t\t<div class=\"premium-blog-thumb-effect-wrapper\">\n\t\t\t\t\t\t<div class=\"premium-blog-thumbnail-container premium-blog-zoomin-effect\">\n\t\t\t\t\t\t\t<img fetchpriority=\"high\" decoding=\"async\" width=\"520\" height=\"327\" src=\"https:\/\/protect-lawyers.org\/wp-content\/uploads\/Bandera-de-Tunez-520x327.jpg\" class=\"attachment-listeo-listing-grid size-listeo-listing-grid wp-image-16122\" alt=\"\" \/>\t\t\t\t\t\t<\/div>\n\t\t\t\t\t\t\t\t\t\t\t\t\t<div class=\"premium-blog-thumbnail-overlay\">\n\t\t\t\t\t\t\t\t<a class=\"elementor-icon\" href=\"https:\/\/protect-lawyers.org\/it\/tunisie-mission-dobservation-judiciaire-proces-de-sonia-dahmani\/\" target=\"_self\"><\/a>\n\t\t\t\t\t\t\t<\/div>\n\n\t\t\t\t\t\t\t\t\t\t\t\t\t\t\t\t\t\t<\/div>\n\t\t\t\t\t\t\t\t\t\t\t\t<div class=\"premium-blog-content-wrapper \">\n\n\t\t\t\t\t<div class=\"premium-blog-inner-container\">\n\n\t\t\t\t\t\t\t\t\t\t\t\t\t\t<h2 class=\"premium-blog-entry-title\">\n\t\t\t<a href=\"https:\/\/protect-lawyers.org\/it\/tunisie-mission-dobservation-judiciaire-proces-de-sonia-dahmani\/\" target=\"_self\">\n\t\t\t\tTUNISIE : Mission d\u2019observation judiciaire \u2013 proc\u00e8s de Sonia Dahmani\t\t\t<\/a>\n\t\t<\/h2>\n\t\t\t\t<div class=\"premium-blog-entry-meta\">\n\t\t\t\n\t\t\t\n\t\t\t\n\t\t\t\t\t<\/div>\n\t\t\n\t\t\t\t\t<\/div>\n\n\t\t\t\t\t\t\t<div class=\"premium-blog-content-inner-wrapper\">\n\t\t<p class=\"premium-blog-post-content\">Observation du proc\u00e8s de\u00a0: Sonia Dahmani Date de l\u2019audience\u00a0: 6 f\u00e9vrier 2026 Date du rapport\u00a0: 11 mars 2026 Description\u00a0: Ce \u2026<\/p>\t\t<\/div>\n\t\t\t\t\t\t\t\n\t\t\t\t<\/div>\n\t\t\t<\/div>\n\t\t<\/div>\n\n\t\t\t\t<div class=\"premium-blog-post-outer-container\" data-total=\"5\">\n\t\t\t<div class=\"premium-blog-post-container premium-blog-skin-classic\">\n\t\t\t\t\t\t\t\t\t<div class=\"premium-blog-thumb-effect-wrapper\">\n\t\t\t\t\t\t<div class=\"premium-blog-thumbnail-container premium-blog-zoomin-effect\">\n\t\t\t\t\t\t\t<img decoding=\"async\" width=\"520\" height=\"397\" src=\"https:\/\/protect-lawyers.org\/wp-content\/uploads\/ebru-520x397.jpg\" class=\"attachment-listeo-listing-grid size-listeo-listing-grid wp-image-25166\" alt=\"\" \/>\t\t\t\t\t\t<\/div>\n\t\t\t\t\t\t\t\t\t\t\t\t\t<div class=\"premium-blog-thumbnail-overlay\">\n\t\t\t\t\t\t\t\t<a class=\"elementor-icon\" href=\"https:\/\/protect-lawyers.org\/it\/rapport-sur-la-journee-internationale-du-proces-equitable-2025-et-le-prix-ebru-timtik\/\" target=\"_self\"><\/a>\n\t\t\t\t\t\t\t<\/div>\n\n\t\t\t\t\t\t\t\t\t\t\t\t\t\t\t\t\t\t<\/div>\n\t\t\t\t\t\t\t\t\t\t\t\t<div class=\"premium-blog-content-wrapper \">\n\n\t\t\t\t\t<div class=\"premium-blog-inner-container\">\n\n\t\t\t\t\t\t\t\t\t\t\t\t\t\t<h2 class=\"premium-blog-entry-title\">\n\t\t\t<a href=\"https:\/\/protect-lawyers.org\/it\/rapport-sur-la-journee-internationale-du-proces-equitable-2025-et-le-prix-ebru-timtik\/\" target=\"_self\">\n\t\t\t\tRapport sur la Journ\u00e9e internationale du proc\u00e8s \u00e9quitable 2025 et le prix Ebru Timtik\t\t\t<\/a>\n\t\t<\/h2>\n\t\t\t\t<div class=\"premium-blog-entry-meta\">\n\t\t\t\n\t\t\t\n\t\t\t\n\t\t\t\t\t<\/div>\n\t\t\n\t\t\t\t\t<\/div>\n\n\t\t\t\t\t\t\t<div class=\"premium-blog-content-inner-wrapper\">\n\t\t<p class=\"premium-blog-post-content\">Date du rapport : f\u00e9vrier 2026 Description : Le pr\u00e9sent rapport r\u00e9sume les conclusions de la Journ\u00e9e internationale du proc\u00e8s \u2026<\/p>\t\t<\/div>\n\t\t\t\t\t\t\t\n\t\t\t\t<\/div>\n\t\t\t<\/div>\n\t\t<\/div>\n\n\t\t\t\t<div class=\"premium-blog-post-outer-container\" data-total=\"5\">\n\t\t\t<div class=\"premium-blog-post-container premium-blog-skin-classic\">\n\t\t\t\t\t\t\t\t\t<div class=\"premium-blog-thumb-effect-wrapper\">\n\t\t\t\t\t\t<div class=\"premium-blog-thumbnail-container premium-blog-zoomin-effect\">\n\t\t\t\t\t\t\t<img loading=\"lazy\" decoding=\"async\" width=\"520\" height=\"397\" src=\"https:\/\/protect-lawyers.org\/wp-content\/uploads\/Turquia-post-II-520x397.jpg\" class=\"attachment-listeo-listing-grid size-listeo-listing-grid wp-image-17129\" alt=\"\" \/>\t\t\t\t\t\t<\/div>\n\t\t\t\t\t\t\t\t\t\t\t\t\t<div class=\"premium-blog-thumbnail-overlay\">\n\t\t\t\t\t\t\t\t<a class=\"elementor-icon\" href=\"https:\/\/protect-lawyers.org\/it\/turquie-de-lourdes-peines-de-prison-infligees-a-des-avocats-de-lohd-et-a-des-membres-de-la-tuad-pour-leurs-activites-professionnelles-et-leur-engagement-en-faveur-des-droits-humains\/\" target=\"_self\"><\/a>\n\t\t\t\t\t\t\t<\/div>\n\n\t\t\t\t\t\t\t\t\t\t\t\t\t\t\t\t\t\t<\/div>\n\t\t\t\t\t\t\t\t\t\t\t\t<div class=\"premium-blog-content-wrapper \">\n\n\t\t\t\t\t<div class=\"premium-blog-inner-container\">\n\n\t\t\t\t\t\t\t\t\t\t\t\t\t\t<h2 class=\"premium-blog-entry-title\">\n\t\t\t<a href=\"https:\/\/protect-lawyers.org\/it\/turquie-de-lourdes-peines-de-prison-infligees-a-des-avocats-de-lohd-et-a-des-membres-de-la-tuad-pour-leurs-activites-professionnelles-et-leur-engagement-en-faveur-des-droits-humains\/\" target=\"_self\">\n\t\t\t\tTurquie : de lourdes peines de prison inflig\u00e9es \u00e0 des avocats de l&#8217;\u00d6HD et \u00e0 des membres de la TUAD pour leurs activit\u00e9s professionnelles et leur engagement en faveur des droits humains\t\t\t<\/a>\n\t\t<\/h2>\n\t\t\t\t<div class=\"premium-blog-entry-meta\">\n\t\t\t\n\t\t\t\n\t\t\t\n\t\t\t\t\t<\/div>\n\t\t\n\t\t\t\t\t<\/div>\n\n\t\t\t\t\t\t\t<div class=\"premium-blog-content-inner-wrapper\">\n\t\t<p class=\"premium-blog-post-content\">L\u2019OIAD s\u2019est associ\u00e9 \u00e0 33 organisations et Barreaux pour d\u00e9noncer les longues peines d&#8217;emprisonnement prononc\u00e9es \u00e0 l\u2019encontre d\u2019avocats membres de \u2026<\/p>\t\t<\/div>\n\t\t\t\t\t\t\t\n\t\t\t\t<\/div>\n\t\t\t<\/div>\n\t\t<\/div>\n\n\t\t\t\t<div class=\"premium-blog-post-outer-container\" data-total=\"5\">\n\t\t\t<div class=\"premium-blog-post-container premium-blog-skin-classic\">\n\t\t\t\t\t\t\t\t\t<div class=\"premium-blog-thumb-effect-wrapper\">\n\t\t\t\t\t\t<div class=\"premium-blog-thumbnail-container premium-blog-zoomin-effect\">\n\t\t\t\t\t\t\t<img loading=\"lazy\" decoding=\"async\" width=\"520\" height=\"397\" src=\"https:\/\/protect-lawyers.org\/wp-content\/uploads\/2026_02_Ficha-Pais-El-Salvador-OIAD-foto-520x397.jpg\" class=\"attachment-listeo-listing-grid size-listeo-listing-grid wp-image-25104\" alt=\"\" \/>\t\t\t\t\t\t<\/div>\n\t\t\t\t\t\t\t\t\t\t\t\t\t<div class=\"premium-blog-thumbnail-overlay\">\n\t\t\t\t\t\t\t\t<a class=\"elementor-icon\" href=\"https:\/\/protect-lawyers.org\/it\/el-salvador-la-profession-davocat-sous-le-feu-des-critiques-dans-un-contexte-derosion-de-letat-de-droit\/\" target=\"_self\"><\/a>\n\t\t\t\t\t\t\t<\/div>\n\n\t\t\t\t\t\t\t\t\t\t\t\t\t\t\t\t\t\t<\/div>\n\t\t\t\t\t\t\t\t\t\t\t\t<div class=\"premium-blog-content-wrapper \">\n\n\t\t\t\t\t<div class=\"premium-blog-inner-container\">\n\n\t\t\t\t\t\t\t\t\t\t\t\t\t\t<h2 class=\"premium-blog-entry-title\">\n\t\t\t<a href=\"https:\/\/protect-lawyers.org\/it\/el-salvador-la-profession-davocat-sous-le-feu-des-critiques-dans-un-contexte-derosion-de-letat-de-droit\/\" target=\"_self\">\n\t\t\t\tEl Salvador : la profession d&#8217;avocat sous le feu des critiques dans un contexte d&#8217;\u00e9rosion de l&#8217;\u00c9tat de droit\t\t\t<\/a>\n\t\t<\/h2>\n\t\t\t\t<div class=\"premium-blog-entry-meta\">\n\t\t\t\n\t\t\t\n\t\t\t\n\t\t\t\t\t<\/div>\n\t\t\n\t\t\t\t\t<\/div>\n\n\t\t\t\t\t\t\t<div class=\"premium-blog-content-inner-wrapper\">\n\t\t<p class=\"premium-blog-post-content\">Date du rapport : f\u00e9vrier 2026 Description : Le pr\u00e9sent rapport, \u00e9labor\u00e9 par l&#8217;OIAD et Lawyers for Lawyers (L4L), analyse \u2026<\/p>\t\t<\/div>\n\t\t\t\t\t\t\t\n\t\t\t\t<\/div>\n\t\t\t<\/div>\n\t\t<\/div>\n\n\t\t\t\t<div class=\"premium-blog-post-outer-container\" data-total=\"5\">\n\t\t\t<div class=\"premium-blog-post-container premium-blog-skin-classic\">\n\t\t\t\t\t\t\t\t\t<div class=\"premium-blog-thumb-effect-wrapper\">\n\t\t\t\t\t\t<div class=\"premium-blog-thumbnail-container premium-blog-zoomin-effect\">\n\t\t\t\t\t\t\t<img loading=\"lazy\" decoding=\"async\" width=\"520\" height=\"397\" src=\"https:\/\/protect-lawyers.org\/wp-content\/uploads\/flag_filipinas-520x397.jpg\" class=\"attachment-listeo-listing-grid size-listeo-listing-grid wp-image-17104\" alt=\"\" \/>\t\t\t\t\t\t<\/div>\n\t\t\t\t\t\t\t\t\t\t\t\t\t<div class=\"premium-blog-thumbnail-overlay\">\n\t\t\t\t\t\t\t\t<a class=\"elementor-icon\" href=\"https:\/\/protect-lawyers.org\/it\/philippines-rapport-intermediaire-sur-lepu-des-philippines\/\" target=\"_self\"><\/a>\n\t\t\t\t\t\t\t<\/div>\n\n\t\t\t\t\t\t\t\t\t\t\t\t\t\t\t\t\t\t<\/div>\n\t\t\t\t\t\t\t\t\t\t\t\t<div class=\"premium-blog-content-wrapper \">\n\n\t\t\t\t\t<div class=\"premium-blog-inner-container\">\n\n\t\t\t\t\t\t\t\t\t\t\t\t\t\t<h2 class=\"premium-blog-entry-title\">\n\t\t\t<a href=\"https:\/\/protect-lawyers.org\/it\/philippines-rapport-intermediaire-sur-lepu-des-philippines\/\" target=\"_self\">\n\t\t\t\tPHILIPPINES : Rapport interm\u00e9diaire sur l&#8217;EPU des Philippines\t\t\t<\/a>\n\t\t<\/h2>\n\t\t\t\t<div class=\"premium-blog-entry-meta\">\n\t\t\t\n\t\t\t\n\t\t\t\n\t\t\t\t\t<\/div>\n\t\t\n\t\t\t\t\t<\/div>\n\n\t\t\t\t\t\t\t<div class=\"premium-blog-content-inner-wrapper\">\n\t\t<p class=\"premium-blog-post-content\">Date du rapport : f\u00e9vrier 2026 Description : L&#8217;Observatoire international des avocats en danger (OIAD), en collaboration avec Lawyers for \u2026<\/p>\t\t<\/div>\n\t\t\t\t\t\t\t\n\t\t\t\t<\/div>\n\t\t\t<\/div>\n\t\t<\/div>\n\n\t\t\t\t<div class=\"premium-blog-post-outer-container\" data-total=\"5\">\n\t\t\t<div class=\"premium-blog-post-container premium-blog-skin-classic\">\n\t\t\t\t\t\t\t\t\t<div class=\"premium-blog-thumb-effect-wrapper\">\n\t\t\t\t\t\t<div class=\"premium-blog-thumbnail-container premium-blog-zoomin-effect\">\n\t\t\t\t\t\t\t<img fetchpriority=\"high\" decoding=\"async\" width=\"520\" height=\"327\" src=\"https:\/\/protect-lawyers.org\/wp-content\/uploads\/Bandera-de-Tunez-520x327.jpg\" class=\"attachment-listeo-listing-grid size-listeo-listing-grid wp-image-16122\" alt=\"\" \/>\t\t\t\t\t\t<\/div>\n\t\t\t\t\t\t\t\t\t\t\t\t\t<div class=\"premium-blog-thumbnail-overlay\">\n\t\t\t\t\t\t\t\t<a class=\"elementor-icon\" href=\"https:\/\/protect-lawyers.org\/it\/mission-dobservation-judiciaire-proces-de-sonia-dahmani-2\/\" target=\"_self\"><\/a>\n\t\t\t\t\t\t\t<\/div>\n\n\t\t\t\t\t\t\t\t\t\t\t\t\t\t\t\t\t\t<\/div>\n\t\t\t\t\t\t\t\t\t\t\t\t<div class=\"premium-blog-content-wrapper \">\n\n\t\t\t\t\t<div class=\"premium-blog-inner-container\">\n\n\t\t\t\t\t\t\t\t\t\t\t\t\t\t<h2 class=\"premium-blog-entry-title\">\n\t\t\t<a href=\"https:\/\/protect-lawyers.org\/it\/mission-dobservation-judiciaire-proces-de-sonia-dahmani-2\/\" target=\"_self\">\n\t\t\t\tMissione di osservazione processuale &#8211; Processo di Sonia Dahmani\t\t\t<\/a>\n\t\t<\/h2>\n\t\t\t\t<div class=\"premium-blog-entry-meta\">\n\t\t\t\n\t\t\t\n\t\t\t\n\t\t\t\t\t<\/div>\n\t\t\n\t\t\t\t\t<\/div>\n\n\t\t\t\t\t\t\t<div class=\"premium-blog-content-inner-wrapper\">\n\t\t<p class=\"premium-blog-post-content\">Osservazione del processo di: Sonia Dahmani (udienza penale relativa alle dichiarazioni sulle condizioni carcerarie) Data dell&#8217;udienza: 26 dicembre 2025 Data \u2026<\/p>\t\t<\/div>\n\t\t\t\t\t\t\t\n\t\t\t\t<\/div>\n\t\t\t<\/div>\n\t\t<\/div>\n\n\t\t\t\t<div class=\"premium-blog-post-outer-container\" data-total=\"5\">\n\t\t\t<div class=\"premium-blog-post-container premium-blog-skin-classic\">\n\t\t\t\t\t\t\t\t\t<div class=\"premium-blog-thumb-effect-wrapper\">\n\t\t\t\t\t\t<div class=\"premium-blog-thumbnail-container premium-blog-zoomin-effect\">\n\t\t\t\t\t\t\t<img loading=\"lazy\" decoding=\"async\" width=\"520\" height=\"397\" src=\"https:\/\/protect-lawyers.org\/wp-content\/uploads\/Turquia-post-II-520x397.jpg\" class=\"attachment-listeo-listing-grid size-listeo-listing-grid wp-image-17129\" alt=\"\" \/>\t\t\t\t\t\t<\/div>\n\t\t\t\t\t\t\t\t\t\t\t\t\t<div class=\"premium-blog-thumbnail-overlay\">\n\t\t\t\t\t\t\t\t<a class=\"elementor-icon\" href=\"https:\/\/protect-lawyers.org\/it\/mission-dobservation-judiciaire-proces-penal-du-batonnier-distanbul-et-du-conseil-de-lordre-du-barreau-2\/\" target=\"_self\"><\/a>\n\t\t\t\t\t\t\t<\/div>\n\n\t\t\t\t\t\t\t\t\t\t\t\t\t\t\t\t\t\t<\/div>\n\t\t\t\t\t\t\t\t\t\t\t\t<div class=\"premium-blog-content-wrapper \">\n\n\t\t\t\t\t<div class=\"premium-blog-inner-container\">\n\n\t\t\t\t\t\t\t\t\t\t\t\t\t\t<h2 class=\"premium-blog-entry-title\">\n\t\t\t<a href=\"https:\/\/protect-lawyers.org\/it\/mission-dobservation-judiciaire-proces-penal-du-batonnier-distanbul-et-du-conseil-de-lordre-du-barreau-2\/\" target=\"_self\">\n\t\t\t\tMission d\u2019observation judiciaire \u2013 proc\u00e8s p\u00e9nal du B\u00e2tonnier d\u2019Istanbul et du Conseil de l\u2019Ordre du Barreau\t\t\t<\/a>\n\t\t<\/h2>\n\t\t\t\t<div class=\"premium-blog-entry-meta\">\n\t\t\t\n\t\t\t\n\t\t\t\n\t\t\t\t\t<\/div>\n\t\t\n\t\t\t\t\t<\/div>\n\n\t\t\t\t\t\t\t<div class=\"premium-blog-content-inner-wrapper\">\n\t\t<p class=\"premium-blog-post-content\">Observation du proc\u00e8s de\u00a0: B\u00e2tonnier d\u2019Istanbul et du Conseil de l\u2019Ordre du Barreau (p\u00e9nal) Date de la mission\u00a0: 5 &#8211; \u2026<\/p>\t\t<\/div>\n\t\t\t\t\t\t\t\n\t\t\t\t<\/div>\n\t\t\t<\/div>\n\t\t<\/div>\n\n\t\t\t\t<div class=\"premium-blog-post-outer-container\" data-total=\"5\">\n\t\t\t<div class=\"premium-blog-post-container premium-blog-skin-classic\">\n\t\t\t\t\t\t\t\t\t<div class=\"premium-blog-thumb-effect-wrapper\">\n\t\t\t\t\t\t<div class=\"premium-blog-thumbnail-container premium-blog-zoomin-effect\">\n\t\t\t\t\t\t\t<img loading=\"lazy\" decoding=\"async\" width=\"520\" height=\"397\" src=\"https:\/\/protect-lawyers.org\/wp-content\/uploads\/Bandera_Guatemala-520x397.jpeg\" class=\"attachment-listeo-listing-grid size-listeo-listing-grid wp-image-19499\" alt=\"\" \/>\t\t\t\t\t\t<\/div>\n\t\t\t\t\t\t\t\t\t\t\t\t\t<div class=\"premium-blog-thumbnail-overlay\">\n\t\t\t\t\t\t\t\t<a class=\"elementor-icon\" href=\"https:\/\/protect-lawyers.org\/it\/guatemala-rapport-intermediaire-sur-lepu-du-guatemala\/\" target=\"_self\"><\/a>\n\t\t\t\t\t\t\t<\/div>\n\n\t\t\t\t\t\t\t\t\t\t\t\t\t\t\t\t\t\t<\/div>\n\t\t\t\t\t\t\t\t\t\t\t\t<div class=\"premium-blog-content-wrapper \">\n\n\t\t\t\t\t<div class=\"premium-blog-inner-container\">\n\n\t\t\t\t\t\t\t\t\t\t\t\t\t\t<h2 class=\"premium-blog-entry-title\">\n\t\t\t<a href=\"https:\/\/protect-lawyers.org\/it\/guatemala-rapport-intermediaire-sur-lepu-du-guatemala\/\" target=\"_self\">\n\t\t\t\tGUATEMALA : Rapport interm\u00e9diaire sur l&#8217;EPU du Guatemala\t\t\t<\/a>\n\t\t<\/h2>\n\t\t\t\t<div class=\"premium-blog-entry-meta\">\n\t\t\t\n\t\t\t\n\t\t\t\n\t\t\t\t\t<\/div>\n\t\t\n\t\t\t\t\t<\/div>\n\n\t\t\t\t\t\t\t<div class=\"premium-blog-content-inner-wrapper\">\n\t\t<p class=\"premium-blog-post-content\">Date du rapport: Janvier 2026 Description: L&#8217;Observatoire international des avocats en danger (OIAD), en collaboration avec Lawyers for Lawyers et \u2026<\/p>\t\t<\/div>\n\t\t\t\t\t\t\t\n\t\t\t\t<\/div>\n\t\t\t<\/div>\n\t\t<\/div>\n\n\t\t\t\t<div class=\"premium-blog-post-outer-container\" data-total=\"5\">\n\t\t\t<div class=\"premium-blog-post-container premium-blog-skin-classic\">\n\t\t\t\t\t\t\t\t\t<div class=\"premium-blog-thumb-effect-wrapper\">\n\t\t\t\t\t\t<div class=\"premium-blog-thumbnail-container premium-blog-zoomin-effect\">\n\t\t\t\t\t\t\t<img fetchpriority=\"high\" decoding=\"async\" width=\"520\" height=\"327\" src=\"https:\/\/protect-lawyers.org\/wp-content\/uploads\/Bandera-de-Tunez-520x327.jpg\" class=\"attachment-listeo-listing-grid size-listeo-listing-grid wp-image-16122\" alt=\"\" \/>\t\t\t\t\t\t<\/div>\n\t\t\t\t\t\t\t\t\t\t\t\t\t<div class=\"premium-blog-thumbnail-overlay\">\n\t\t\t\t\t\t\t\t<a class=\"elementor-icon\" href=\"https:\/\/protect-lawyers.org\/it\/missione-di-osservazione-giudiziaria-processo-di-sonia-dahmani\/\" target=\"_self\"><\/a>\n\t\t\t\t\t\t\t<\/div>\n\n\t\t\t\t\t\t\t\t\t\t\t\t\t\t\t\t\t\t<\/div>\n\t\t\t\t\t\t\t\t\t\t\t\t<div class=\"premium-blog-content-wrapper \">\n\n\t\t\t\t\t<div class=\"premium-blog-inner-container\">\n\n\t\t\t\t\t\t\t\t\t\t\t\t\t\t<h2 class=\"premium-blog-entry-title\">\n\t\t\t<a href=\"https:\/\/protect-lawyers.org\/it\/missione-di-osservazione-giudiziaria-processo-di-sonia-dahmani\/\" target=\"_self\">\n\t\t\t\tMissione di osservazione giudiziaria &#8211; Processo di Sonia Dahmani\t\t\t<\/a>\n\t\t<\/h2>\n\t\t\t\t<div class=\"premium-blog-entry-meta\">\n\t\t\t\n\t\t\t\n\t\t\t\n\t\t\t\t\t<\/div>\n\t\t\n\t\t\t\t\t<\/div>\n\n\t\t\t\t\t\t\t<div class=\"premium-blog-content-inner-wrapper\">\n\t\t<p class=\"premium-blog-post-content\">Osservazione del processo di: Sonia Dahmani: udienza di appello nel caso \u00abRazzismo II\u00bb Data dell&#8217;udienza: 28 novembre 2025 Data del \u2026<\/p>\t\t<\/div>\n\t\t\t\t\t\t\t\n\t\t\t\t<\/div>\n\t\t\t<\/div>\n\t\t<\/div>\n\n\t\t\t\t<div class=\"premium-blog-post-outer-container\" data-total=\"5\">\n\t\t\t<div class=\"premium-blog-post-container premium-blog-skin-classic\">\n\t\t\t\t\t\t\t\t\t<div class=\"premium-blog-thumb-effect-wrapper\">\n\t\t\t\t\t\t<div class=\"premium-blog-thumbnail-container premium-blog-zoomin-effect\">\n\t\t\t\t\t\t\t<img fetchpriority=\"high\" decoding=\"async\" width=\"520\" height=\"327\" src=\"https:\/\/protect-lawyers.org\/wp-content\/uploads\/Bandera-de-Tunez-520x327.jpg\" class=\"attachment-listeo-listing-grid size-listeo-listing-grid wp-image-16122\" alt=\"\" \/>\t\t\t\t\t\t<\/div>\n\t\t\t\t\t\t\t\t\t\t\t\t\t<div class=\"premium-blog-thumbnail-overlay\">\n\t\t\t\t\t\t\t\t<a class=\"elementor-icon\" href=\"https:\/\/protect-lawyers.org\/it\/mission-dobservation-judiciaire-audience-dahmed-souab-tunisie\/\" target=\"_self\"><\/a>\n\t\t\t\t\t\t\t<\/div>\n\n\t\t\t\t\t\t\t\t\t\t\t\t\t\t\t\t\t\t<\/div>\n\t\t\t\t\t\t\t\t\t\t\t\t<div class=\"premium-blog-content-wrapper \">\n\n\t\t\t\t\t<div class=\"premium-blog-inner-container\">\n\n\t\t\t\t\t\t\t\t\t\t\t\t\t\t<h2 class=\"premium-blog-entry-title\">\n\t\t\t<a href=\"https:\/\/protect-lawyers.org\/it\/mission-dobservation-judiciaire-audience-dahmed-souab-tunisie\/\" target=\"_self\">\n\t\t\t\tMission d\u2019observation judiciaire \u2013 audience d\u2019Ahmed Souab (Tunisie)\t\t\t<\/a>\n\t\t<\/h2>\n\t\t\t\t<div class=\"premium-blog-entry-meta\">\n\t\t\t\n\t\t\t\n\t\t\t\n\t\t\t\t\t<\/div>\n\t\t\n\t\t\t\t\t<\/div>\n\n\t\t\t\t\t\t\t<div class=\"premium-blog-content-inner-wrapper\">\n\t\t<p class=\"premium-blog-post-content\">Observation du proc\u00e8s de\u00a0: Ahmed Souab Date de la mission\u00a0: 30 octobre \u2013 1er novembre 2025 Date du rapport\u00a0: novembre \u2026<\/p>\t\t<\/div>\n\t\t\t\t\t\t\t\n\t\t\t\t<\/div>\n\t\t\t<\/div>\n\t\t<\/div>\n\n\t\t\t\t\t\t\t<\/div>\n\n\t\t\t\t\t<div class=\"premium-blog-footer\">\n\t\t\t\t\t\t\t<nav class=\"premium-blog-pagination-container\" role=\"navigation\" aria-label=\"Pagination\">\n\t\t\t\t<span aria-current=\"page\" class=\"page-numbers current\">1<\/span>\n<a class=\"page-numbers\" href=\"https:\/\/protect-lawyers.org\/it\/wp-json\/wp\/v2\/pages\/2581\/page\/2\/\">2<\/a>\n<a class=\"page-numbers\" href=\"https:\/\/protect-lawyers.org\/it\/wp-json\/wp\/v2\/pages\/2581\/page\/3\/\">3<\/a>\n<span class=\"page-numbers dots\">&hellip;<\/span>\n<a class=\"page-numbers\" href=\"https:\/\/protect-lawyers.org\/it\/wp-json\/wp\/v2\/pages\/2581\/page\/5\/\">5<\/a>\n<a class=\"next page-numbers\" href=\"https:\/\/protect-lawyers.org\/it\/wp-json\/wp\/v2\/pages\/2581\/page\/2\/\">Prossimo \u00bb<\/a>\t\t\t<\/nav>\n\t\t\t\t\t\t<\/div>\n\t\t\n\t\t\n\t\t\t\t\t\t<\/div>\n\t\t\t\t<\/div>\n\t\t\t\t\t<\/div>\n\t\t<\/div>\n\t\t\t\t\t<\/div>\n\t\t<\/section>\n\t\t\t\t<\/div>\n\t\t","protected":false},"excerpt":{"rendered":"<p>Mission d\u2019observation judiciaire \u2013 proc\u00e8s de Bet\u00fcl Vang\u00f6l\u00fc Koza\u011fa\u00e7l\u0131 (Istanbul, 6 d\u00e9cembre 2024) Mission d\u2019observation judiciaire \u2013 proc\u00e8s de Bet\u00fcl Vang\u00f6l\u00fc Koza\u011fa\u00e7l\u0131 (Istanbul, 6 d\u00e9cembre 2024) Date du rapport\u00a0: janvier 2025 En d\u00e9cembre 2024, Me Helin K\u00f6se, Secr\u00e9taire de la Conf\u00e9rence des Avocats du Barreau de \u2026 TURQUIE : Observation des audiences de Bet\u00fcl Vang\u00f6l\u00fc [&hellip;]<\/p>\n","protected":false},"author":1,"featured_media":0,"parent":0,"menu_order":0,"comment_status":"closed","ping_status":"closed","template":"","meta":{"footnotes":""},"class_list":["post-2581","page","type-page","status-publish","hentry"],"_links":{"self":[{"href":"https:\/\/protect-lawyers.org\/it\/wp-json\/wp\/v2\/pages\/2581","targetHints":{"allow":["GET"]}}],"collection":[{"href":"https:\/\/protect-lawyers.org\/it\/wp-json\/wp\/v2\/pages"}],"about":[{"href":"https:\/\/protect-lawyers.org\/it\/wp-json\/wp\/v2\/types\/page"}],"author":[{"embeddable":true,"href":"https:\/\/protect-lawyers.org\/it\/wp-json\/wp\/v2\/users\/1"}],"replies":[{"embeddable":true,"href":"https:\/\/protect-lawyers.org\/it\/wp-json\/wp\/v2\/comments?post=2581"}],"version-history":[{"count":16,"href":"https:\/\/protect-lawyers.org\/it\/wp-json\/wp\/v2\/pages\/2581\/revisions"}],"predecessor-version":[{"id":21138,"href":"https:\/\/protect-lawyers.org\/it\/wp-json\/wp\/v2\/pages\/2581\/revisions\/21138"}],"wp:attachment":[{"href":"https:\/\/protect-lawyers.org\/it\/wp-json\/wp\/v2\/media?parent=2581"}],"curies":[{"name":"wp","href":"https:\/\/api.w.org\/{rel}","templated":true}]}}