{"id":4528,"date":"2021-10-25T08:47:44","date_gmt":"2021-10-25T08:47:44","guid":{"rendered":"https:\/\/protect-lawyers.org\/materiales-de-formacion\/"},"modified":"2024-02-29T11:14:16","modified_gmt":"2024-02-29T11:14:16","slug":"materiali-di-formazione","status":"publish","type":"page","link":"https:\/\/protect-lawyers.org\/it\/materiali-di-formazione\/","title":{"rendered":"Materiali di Formazione"},"content":{"rendered":"\t\t<div data-elementor-type=\"wp-page\" data-elementor-id=\"4528\" class=\"elementor elementor-4528 elementor-1252\">\n\t\t\t\t\t\t<section class=\"elementor-section elementor-top-section elementor-element elementor-element-3f501e3d elementor-section-boxed elementor-section-height-default elementor-section-height-default\" data-id=\"3f501e3d\" data-element_type=\"section\" data-e-type=\"section\">\n\t\t\t\t\t\t<div class=\"elementor-container elementor-column-gap-default\">\n\t\t\t\t\t<div class=\"elementor-column elementor-col-100 elementor-top-column elementor-element elementor-element-3fbbd994\" data-id=\"3fbbd994\" data-element_type=\"column\" data-e-type=\"column\">\n\t\t\t<div class=\"elementor-widget-wrap elementor-element-populated\">\n\t\t\t\t\t\t<div class=\"elementor-element elementor-element-4d01eb5d elementor-widget elementor-widget-accordion\" data-id=\"4d01eb5d\" data-element_type=\"widget\" data-e-type=\"widget\" data-widget_type=\"accordion.default\">\n\t\t\t\t<div class=\"elementor-widget-container\">\n\t\t\t\t\t\t\t<div class=\"elementor-accordion\">\n\t\t\t\t\t\t\t<div class=\"elementor-accordion-item\">\n\t\t\t\t\t<div id=\"elementor-tab-title-1291\" class=\"elementor-tab-title\" data-tab=\"1\" role=\"button\" aria-controls=\"elementor-tab-content-1291\" aria-expanded=\"false\">\n\t\t\t\t\t\t\t\t\t\t\t\t\t<span class=\"elementor-accordion-icon elementor-accordion-icon-left\" aria-hidden=\"true\">\n\t\t\t\t\t\t\t\t\t\t\t\t\t\t\t<span class=\"elementor-accordion-icon-closed\"><i class=\"fas fa-plus\"><\/i><\/span>\n\t\t\t\t\t\t\t\t<span class=\"elementor-accordion-icon-opened\"><i class=\"fas fa-minus\"><\/i><\/span>\n\t\t\t\t\t\t\t\t\t\t\t\t\t\t<\/span>\n\t\t\t\t\t\t\t\t\t\t\t\t<a class=\"elementor-accordion-title\" tabindex=\"0\">I CRIMINI INTERNAZIONALI<\/a>\n\t\t\t\t\t<\/div>\n\t\t\t\t\t<div id=\"elementor-tab-content-1291\" class=\"elementor-tab-content elementor-clearfix\" data-tab=\"1\" role=\"region\" aria-labelledby=\"elementor-tab-title-1291\"><ul><li><a href=\"https:\/\/protect-lawyers.org\/wp-content\/uploads\/fiche_17_crime_d_agression.pdf\">Fiche 17 Crime d\u2019agression<\/a><\/li><li><a href=\"https:\/\/protect-lawyers.org\/wp-content\/uploads\/fiche_16_crime_contre_lhumanite.pdf\">Fiche 16 Crime contre l\u2019Humanit\u00e9<\/a><\/li><li><a href=\"https:\/\/protect-lawyers.org\/wp-content\/uploads\/fiche_15_crime_de_guerre.pdf\">Fiche 15 Crime de guerre<\/a><\/li><li><a href=\"https:\/\/protect-lawyers.org\/wp-content\/uploads\/fiche_14_genocide.pdf\">Fiche 14 G\u00e9nocide <\/a><\/li><\/ul><\/div>\n\t\t\t\t<\/div>\n\t\t\t\t\t\t\t<div class=\"elementor-accordion-item\">\n\t\t\t\t\t<div id=\"elementor-tab-title-1292\" class=\"elementor-tab-title\" data-tab=\"2\" role=\"button\" aria-controls=\"elementor-tab-content-1292\" aria-expanded=\"false\">\n\t\t\t\t\t\t\t\t\t\t\t\t\t<span class=\"elementor-accordion-icon elementor-accordion-icon-left\" aria-hidden=\"true\">\n\t\t\t\t\t\t\t\t\t\t\t\t\t\t\t<span class=\"elementor-accordion-icon-closed\"><i class=\"fas fa-plus\"><\/i><\/span>\n\t\t\t\t\t\t\t\t<span class=\"elementor-accordion-icon-opened\"><i class=\"fas fa-minus\"><\/i><\/span>\n\t\t\t\t\t\t\t\t\t\t\t\t\t\t<\/span>\n\t\t\t\t\t\t\t\t\t\t\t\t<a class=\"elementor-accordion-title\" tabindex=\"0\">IL PROCESSO EQUO<\/a>\n\t\t\t\t\t<\/div>\n\t\t\t\t\t<div id=\"elementor-tab-content-1292\" class=\"elementor-tab-content elementor-clearfix\" data-tab=\"2\" role=\"region\" aria-labelledby=\"elementor-tab-title-1292\"><ul class=\"ait-sc-lists line style1 layout-full\"><li class=\"resource\"><a href=\"https:\/\/protect-lawyers.org\/wp-content\/uploads\/fiche_21_proces_equitable_apres_le_proces.pdf\">Fiche 21 Proc\u00e8s \u00e9quitable \u2013 Apr\u00e8s le proc\u00e8s<\/a><\/li><li class=\"resource\"><a href=\"https:\/\/protect-lawyers.org\/wp-content\/uploads\/fiche_20_proces_equitable_pendant_le_proces.pdf\">Fiche 20 Le proc\u00e8s \u00e9quitable pendant le proc\u00e8s\u00a0<\/a><\/li><li><a href=\"https:\/\/protect-lawyers.org\/wp-content\/uploads\/fiche_19_proces_equitable_avant_le_proces.pdf\">Fiche 19 Proc\u00e8s \u00e9quitable \u2013 Avant le proc\u00e8s\u00a0<\/a><\/li><li><a href=\"https:\/\/protect-lawyers.org\/wp-content\/uploads\/fiche_18_proces_equitable_presentation_generale.pdf\">Fiche 18 Proc\u00e8s \u00e9quitable \u2013 Pr\u00e9sentation g\u00e9n\u00e9rale\u00a0<\/a><\/li><\/ul><\/div>\n\t\t\t\t<\/div>\n\t\t\t\t\t\t\t<div class=\"elementor-accordion-item\">\n\t\t\t\t\t<div id=\"elementor-tab-title-1293\" class=\"elementor-tab-title\" data-tab=\"3\" role=\"button\" aria-controls=\"elementor-tab-content-1293\" aria-expanded=\"false\">\n\t\t\t\t\t\t\t\t\t\t\t\t\t<span class=\"elementor-accordion-icon elementor-accordion-icon-left\" aria-hidden=\"true\">\n\t\t\t\t\t\t\t\t\t\t\t\t\t\t\t<span class=\"elementor-accordion-icon-closed\"><i class=\"fas fa-plus\"><\/i><\/span>\n\t\t\t\t\t\t\t\t<span class=\"elementor-accordion-icon-opened\"><i class=\"fas fa-minus\"><\/i><\/span>\n\t\t\t\t\t\t\t\t\t\t\t\t\t\t<\/span>\n\t\t\t\t\t\t\t\t\t\t\t\t<a class=\"elementor-accordion-title\" tabindex=\"0\">I DIFENSORI DEI DIRITTI UMANI<\/a>\n\t\t\t\t\t<\/div>\n\t\t\t\t\t<div id=\"elementor-tab-content-1293\" class=\"elementor-tab-content elementor-clearfix\" data-tab=\"3\" role=\"region\" aria-labelledby=\"elementor-tab-title-1293\"><ul class=\"ait-sc-lists line style1 layout-full\">\n \t<li class=\"resource\"><a href=\"https:\/\/protect-lawyers.org\/wp-content\/uploads\/fiche_29_defenseurs_des_droits_de_l_homme_et_leur_protection.pdf\">Fiche 29 D\u00e9fenseurs des droits de l\u2019Homme et leur protection\u00a0<\/a><\/li>\n<\/ul><\/div>\n\t\t\t\t<\/div>\n\t\t\t\t\t\t\t<div class=\"elementor-accordion-item\">\n\t\t\t\t\t<div id=\"elementor-tab-title-1294\" class=\"elementor-tab-title\" data-tab=\"4\" role=\"button\" aria-controls=\"elementor-tab-content-1294\" aria-expanded=\"false\">\n\t\t\t\t\t\t\t\t\t\t\t\t\t<span class=\"elementor-accordion-icon elementor-accordion-icon-left\" aria-hidden=\"true\">\n\t\t\t\t\t\t\t\t\t\t\t\t\t\t\t<span class=\"elementor-accordion-icon-closed\"><i class=\"fas fa-plus\"><\/i><\/span>\n\t\t\t\t\t\t\t\t<span class=\"elementor-accordion-icon-opened\"><i class=\"fas fa-minus\"><\/i><\/span>\n\t\t\t\t\t\t\t\t\t\t\t\t\t\t<\/span>\n\t\t\t\t\t\t\t\t\t\t\t\t<a class=\"elementor-accordion-title\" tabindex=\"0\">IL RUOLO DEGLI AVVOCATI E DEGLI ORDINI E LA LORO PROTEZIONE<\/a>\n\t\t\t\t\t<\/div>\n\t\t\t\t\t<div id=\"elementor-tab-content-1294\" class=\"elementor-tab-content elementor-clearfix\" data-tab=\"4\" role=\"region\" aria-labelledby=\"elementor-tab-title-1294\"><ul class=\"ait-sc-lists line style1 layout-full\"><li class=\"resource\"><a href=\"https:\/\/protect-lawyers.org\/wp-content\/uploads\/fiche_30_role_des_avocats_et_des_barreaux_et_leur_protection.pdf\">Fiche 30 R\u00f4le des avocats et des barreaux et leur protection<\/a><\/li><\/ul><\/div>\n\t\t\t\t<\/div>\n\t\t\t\t\t\t\t<div class=\"elementor-accordion-item\">\n\t\t\t\t\t<div id=\"elementor-tab-title-1295\" class=\"elementor-tab-title\" data-tab=\"5\" role=\"button\" aria-controls=\"elementor-tab-content-1295\" aria-expanded=\"false\">\n\t\t\t\t\t\t\t\t\t\t\t\t\t<span class=\"elementor-accordion-icon elementor-accordion-icon-left\" aria-hidden=\"true\">\n\t\t\t\t\t\t\t\t\t\t\t\t\t\t\t<span class=\"elementor-accordion-icon-closed\"><i class=\"fas fa-plus\"><\/i><\/span>\n\t\t\t\t\t\t\t\t<span class=\"elementor-accordion-icon-opened\"><i class=\"fas fa-minus\"><\/i><\/span>\n\t\t\t\t\t\t\t\t\t\t\t\t\t\t<\/span>\n\t\t\t\t\t\t\t\t\t\t\t\t<a class=\"elementor-accordion-title\" tabindex=\"0\">GLOSSARIO<\/a>\n\t\t\t\t\t<\/div>\n\t\t\t\t\t<div id=\"elementor-tab-content-1295\" class=\"elementor-tab-content elementor-clearfix\" data-tab=\"5\" role=\"region\" aria-labelledby=\"elementor-tab-title-1295\"><ul><li><a href=\"https:\/\/protect-lawyers.org\/wp-content\/uploads\/glossaire_des_sigles.pdf\">Glossaire des sigles<\/a><\/li><\/ul><\/div>\n\t\t\t\t<\/div>\n\t\t\t\t\t\t\t<div class=\"elementor-accordion-item\">\n\t\t\t\t\t<div id=\"elementor-tab-title-1296\" class=\"elementor-tab-title\" data-tab=\"6\" role=\"button\" aria-controls=\"elementor-tab-content-1296\" aria-expanded=\"false\">\n\t\t\t\t\t\t\t\t\t\t\t\t\t<span class=\"elementor-accordion-icon elementor-accordion-icon-left\" aria-hidden=\"true\">\n\t\t\t\t\t\t\t\t\t\t\t\t\t\t\t<span class=\"elementor-accordion-icon-closed\"><i class=\"fas fa-plus\"><\/i><\/span>\n\t\t\t\t\t\t\t\t<span class=\"elementor-accordion-icon-opened\"><i class=\"fas fa-minus\"><\/i><\/span>\n\t\t\t\t\t\t\t\t\t\t\t\t\t\t<\/span>\n\t\t\t\t\t\t\t\t\t\t\t\t<a class=\"elementor-accordion-title\" tabindex=\"0\">INTRODUZIONI AI DIRITTI UMANI E DIRITTO APPLICABILE<\/a>\n\t\t\t\t\t<\/div>\n\t\t\t\t\t<div id=\"elementor-tab-content-1296\" class=\"elementor-tab-content elementor-clearfix\" data-tab=\"6\" role=\"region\" aria-labelledby=\"elementor-tab-title-1296\"><ul class=\"ait-sc-lists line style1 layout-full\">\n \t<li><a href=\"https:\/\/protect-lawyers.org\/wp-content\/uploads\/fiche_6_application_du_droit_international_des_droits_de_l_homme_en_droit_interne.pdf\">Fiche 6 Application du droit international des droits de l\u2019Homme en droit interne<\/a><\/li>\n \t<li><a href=\"https:\/\/protect-lawyers.org\/wp-content\/uploads\/fiche_5_droit_penal_international.pdf\">Fiche 5 Qu\u2019est-ce que le droit p\u00e9nal international ?\u00a0<\/a><\/li>\n \t<li><a href=\"https:\/\/protect-lawyers.org\/wp-content\/uploads\/fiche_4_droit_international_humanitaire.pdf\">Fiche 4 Droit international humanitaire\u00a0<\/a><\/li>\n \t<li><a href=\"https:\/\/protect-lawyers.org\/wp-content\/uploads\/fiche_3_droit_international_des_droits_de_l_homme.pdf\">Fiche 3 Droit international des droits de l\u2019Homme\u00a0<\/a><\/li>\n \t<li><a href=\"https:\/\/protect-lawyers.org\/wp-content\/uploads\/fiche_2_droit_international_public_sources_et_principes.pdf\">Fiche 2 Droit international public \u2013 sources et principes\u00a0<\/a><\/li>\n \t<li><a href=\"https:\/\/protect-lawyers.org\/wp-content\/uploads\/fiche_1_point_sur_la_notion_de_droits_de_l_homme.pdf\">Fiche 1 Point sur la notion de droits de l\u2019Homme\u00a0<\/a><\/li>\n<\/ul><\/div>\n\t\t\t\t<\/div>\n\t\t\t\t\t\t\t<div class=\"elementor-accordion-item\">\n\t\t\t\t\t<div id=\"elementor-tab-title-1297\" class=\"elementor-tab-title\" data-tab=\"7\" role=\"button\" aria-controls=\"elementor-tab-content-1297\" aria-expanded=\"false\">\n\t\t\t\t\t\t\t\t\t\t\t\t\t<span class=\"elementor-accordion-icon elementor-accordion-icon-left\" aria-hidden=\"true\">\n\t\t\t\t\t\t\t\t\t\t\t\t\t\t\t<span class=\"elementor-accordion-icon-closed\"><i class=\"fas fa-plus\"><\/i><\/span>\n\t\t\t\t\t\t\t\t<span class=\"elementor-accordion-icon-opened\"><i class=\"fas fa-minus\"><\/i><\/span>\n\t\t\t\t\t\t\t\t\t\t\t\t\t\t<\/span>\n\t\t\t\t\t\t\t\t\t\t\t\t<a class=\"elementor-accordion-title\" tabindex=\"0\">LA TORTURA E I TRATTAMENTI INUMANI O DEGRADANTI<\/a>\n\t\t\t\t\t<\/div>\n\t\t\t\t\t<div id=\"elementor-tab-content-1297\" class=\"elementor-tab-content elementor-clearfix\" data-tab=\"7\" role=\"region\" aria-labelledby=\"elementor-tab-title-1297\"><ul class=\"ait-sc-lists line style1 layout-full\">\n \t<li class=\"resource\"><a href=\"https:\/\/protect-lawyers.org\/wp-content\/uploads\/fiche_13_torture_et_traitements_inhumains_et_degradants.pdf\">Fiche 13 Torture et traitements inhumains et d\u00e9gradants\u00a0<\/a><\/li>\n<\/ul><\/div>\n\t\t\t\t<\/div>\n\t\t\t\t\t\t\t<div class=\"elementor-accordion-item\">\n\t\t\t\t\t<div id=\"elementor-tab-title-1298\" class=\"elementor-tab-title\" data-tab=\"8\" role=\"button\" aria-controls=\"elementor-tab-content-1298\" aria-expanded=\"false\">\n\t\t\t\t\t\t\t\t\t\t\t\t\t<span class=\"elementor-accordion-icon elementor-accordion-icon-left\" aria-hidden=\"true\">\n\t\t\t\t\t\t\t\t\t\t\t\t\t\t\t<span class=\"elementor-accordion-icon-closed\"><i class=\"fas fa-plus\"><\/i><\/span>\n\t\t\t\t\t\t\t\t<span class=\"elementor-accordion-icon-opened\"><i class=\"fas fa-minus\"><\/i><\/span>\n\t\t\t\t\t\t\t\t\t\t\t\t\t\t<\/span>\n\t\t\t\t\t\t\t\t\t\t\t\t<a class=\"elementor-accordion-title\" tabindex=\"0\">LA LOTTA CONTRO LE DISCRIMINAZIONI<\/a>\n\t\t\t\t\t<\/div>\n\t\t\t\t\t<div id=\"elementor-tab-content-1298\" class=\"elementor-tab-content elementor-clearfix\" data-tab=\"8\" role=\"region\" aria-labelledby=\"elementor-tab-title-1298\"><ul>\n \t<li><a href=\"https:\/\/protect-lawyers.org\/wp-content\/uploads\/fiche_33_discriminations.pdf\">Fiche 33 Discriminatoire<\/a><\/li>\n<\/ul><\/div>\n\t\t\t\t<\/div>\n\t\t\t\t\t\t\t<div class=\"elementor-accordion-item\">\n\t\t\t\t\t<div id=\"elementor-tab-title-1299\" class=\"elementor-tab-title\" data-tab=\"9\" role=\"button\" aria-controls=\"elementor-tab-content-1299\" aria-expanded=\"false\">\n\t\t\t\t\t\t\t\t\t\t\t\t\t<span class=\"elementor-accordion-icon elementor-accordion-icon-left\" aria-hidden=\"true\">\n\t\t\t\t\t\t\t\t\t\t\t\t\t\t\t<span class=\"elementor-accordion-icon-closed\"><i class=\"fas fa-plus\"><\/i><\/span>\n\t\t\t\t\t\t\t\t<span class=\"elementor-accordion-icon-opened\"><i class=\"fas fa-minus\"><\/i><\/span>\n\t\t\t\t\t\t\t\t\t\t\t\t\t\t<\/span>\n\t\t\t\t\t\t\t\t\t\t\t\t<a class=\"elementor-accordion-title\" tabindex=\"0\">LE GIURISDIZIONI INTERNAZIONALI<\/a>\n\t\t\t\t\t<\/div>\n\t\t\t\t\t<div id=\"elementor-tab-content-1299\" class=\"elementor-tab-content elementor-clearfix\" data-tab=\"9\" role=\"region\" aria-labelledby=\"elementor-tab-title-1299\"><ul class=\"ait-sc-lists line style1 layout-full\"><li><a href=\"https:\/\/protect-lawyers.org\/wp-content\/uploads\/fiche_28_statut_des_victimes_dans_les_juridictions_internationales_et_regionales.pdf\">Fiche 28 Statut des victimes dans les juridictions internationales et r\u00e9gionales\u00a0<\/a><\/li><li><a href=\"https:\/\/protect-lawyers.org\/wp-content\/uploads\/fiche_27_immunites_en_droit_international.pdf\">Fiche 27 Immunit\u00e9s en droit international\u00a0<\/a><\/li><li><a href=\"https:\/\/protect-lawyers.org\/wp-content\/uploads\/fiche_26_competence_universelle.pdf\">Fiche 26 Le principe de comp\u00e9tence universelle<\/a><\/li><li><a href=\"https:\/\/protect-lawyers.org\/wp-content\/uploads\/fiche_25_regles_de_competence_et_droit_applicable_en_droit_international_penal.pdf\">Fiche 25 R\u00e8gles de comp\u00e9tence et droit applicable en droit international p\u00e9nal<\/a><\/li><li><a href=\"https:\/\/protect-lawyers.org\/wp-content\/uploads\/fiche_24_cour_penale_internationale.pdf\">Fiche 24 Cour p\u00e9nale internationale\u00a0<\/a><\/li><li><a href=\"https:\/\/protect-lawyers.org\/wp-content\/uploads\/fiche_23_juridictions_penales_internationales_presentation_generale.pdf\">Fiche 23 Juridictions p\u00e9nales internationales \u2013 pr\u00e9sentation g\u00e9n\u00e9rale<\/a><\/li><li><a href=\"https:\/\/protect-lawyers.org\/wp-content\/uploads\/fiche_22_qu_est_ce_que_la_cour_internationale_de_justice.pdf\">Fiche 22 Qu\u2019est-ce que la Cour internationale de justice?\u00a0<\/a><\/li><\/ul><\/div>\n\t\t\t\t<\/div>\n\t\t\t\t\t\t\t<div class=\"elementor-accordion-item\">\n\t\t\t\t\t<div id=\"elementor-tab-title-12910\" class=\"elementor-tab-title\" data-tab=\"10\" role=\"button\" aria-controls=\"elementor-tab-content-12910\" aria-expanded=\"false\">\n\t\t\t\t\t\t\t\t\t\t\t\t\t<span class=\"elementor-accordion-icon elementor-accordion-icon-left\" aria-hidden=\"true\">\n\t\t\t\t\t\t\t\t\t\t\t\t\t\t\t<span class=\"elementor-accordion-icon-closed\"><i class=\"fas fa-plus\"><\/i><\/span>\n\t\t\t\t\t\t\t\t<span class=\"elementor-accordion-icon-opened\"><i class=\"fas fa-minus\"><\/i><\/span>\n\t\t\t\t\t\t\t\t\t\t\t\t\t\t<\/span>\n\t\t\t\t\t\t\t\t\t\t\t\t<a class=\"elementor-accordion-title\" tabindex=\"0\">I MECCANISMI EXTRAGIUDIZIALI DI PROTEZIONE E DIFESA DEI DIRITTI UMANI<\/a>\n\t\t\t\t\t<\/div>\n\t\t\t\t\t<div id=\"elementor-tab-content-12910\" class=\"elementor-tab-content elementor-clearfix\" data-tab=\"10\" role=\"region\" aria-labelledby=\"elementor-tab-title-12910\"><ul class=\"ait-sc-lists line style1 layout-full\"><li><a href=\"https:\/\/protect-lawyers.org\/wp-content\/uploads\/fiche_32_autorites_autonomes_nationales_de_defense_des_droits_de_l_homme.pdf\">Fiche 32 Autorit\u00e9s autonomes nationales de d\u00e9fense des droits de l\u2019Homme\u00a0<\/a><\/li><li><a href=\"https:\/\/protect-lawyers.org\/wp-content\/uploads\/fiche_31_rapporteurs_speciaux_en_lien_avec_les_droits_de_l_homme.pdf\">Fiche 31 Les rapporteurs sp\u00e9ciaux internationaux et r\u00e9gionaux en relation avec les droits de l\u2019Homme\u00a0<\/a><\/li><\/ul><\/div>\n\t\t\t\t<\/div>\n\t\t\t\t\t\t\t<div class=\"elementor-accordion-item\">\n\t\t\t\t\t<div id=\"elementor-tab-title-12911\" class=\"elementor-tab-title\" data-tab=\"11\" role=\"button\" aria-controls=\"elementor-tab-content-12911\" aria-expanded=\"false\">\n\t\t\t\t\t\t\t\t\t\t\t\t\t<span class=\"elementor-accordion-icon elementor-accordion-icon-left\" aria-hidden=\"true\">\n\t\t\t\t\t\t\t\t\t\t\t\t\t\t\t<span class=\"elementor-accordion-icon-closed\"><i class=\"fas fa-plus\"><\/i><\/span>\n\t\t\t\t\t\t\t\t<span class=\"elementor-accordion-icon-opened\"><i class=\"fas fa-minus\"><\/i><\/span>\n\t\t\t\t\t\t\t\t\t\t\t\t\t\t<\/span>\n\t\t\t\t\t\t\t\t\t\t\t\t<a class=\"elementor-accordion-title\" tabindex=\"0\">I SISTEMI REGIONALI DI PROTEZIONE DEI DIRITTI UMANI<\/a>\n\t\t\t\t\t<\/div>\n\t\t\t\t\t<div id=\"elementor-tab-content-12911\" class=\"elementor-tab-content elementor-clearfix\" data-tab=\"11\" role=\"region\" aria-labelledby=\"elementor-tab-title-12911\"><ul class=\"ait-sc-lists line style1 layout-full\">\n \t<li><a href=\"https:\/\/protect-lawyers.org\/wp-content\/uploads\/fiche_12_charte_arabe_des_droits_de_l_homme.pdf\">Fiche 12 Charte arabe des droits de l\u2019Homme<\/a><\/li>\n \t<li><a href=\"https:\/\/protect-lawyers.org\/wp-content\/uploads\/fiche_11_charte_africaine_des_droits_de_l_homme.pdf\">Fiche 11 La Charte africaine des droits de l\u2019Homme et des Peuples<\/a><\/li>\n \t<li><a href=\"https:\/\/protect-lawyers.org\/wp-content\/uploads\/fiche_10_systeme_africain_de_protection_des_droits_de_l_homme.pdf\">Fiche 10 Syst\u00e8me africain de protection des droits de l\u2019Homme<\/a><\/li>\n \t<li><a href=\"https:\/\/protect-lawyers.org\/wp-content\/uploads\/fiche_9_systeme_interamericain_de_protection_des_droits_de_l_homme.pdf\">Fiche 9 Syst\u00e8me interam\u00e9ricain de protection des droits de l\u2019Homme<\/a><\/li>\n \t<li><a href=\"https:\/\/protect-lawyers.org\/wp-content\/uploads\/fiche_8_protection_des_droits_de_l_homme_dans_le_cadre_de_l_union_europeenne.pdf\">Fiche 8 Protection des droits de l\u2019Homme dans le cadre de l\u2019Union europ\u00e9enne<\/a><\/li>\n \t<li><a href=\"https:\/\/protect-lawyers.org\/wp-content\/uploads\/fiche_7_systeme_europeen_de_protection_des_droits_de_l_homme.pdf\">Fiche 7 Syst\u00e8me europ\u00e9en de protection des droits de l\u2019Homme dans le cadre du Conseil de l\u2019Europe<\/a><\/li>\n<\/ul><\/div>\n\t\t\t\t<\/div>\n\t\t\t\t\t\t\t\t<\/div>\n\t\t\t\t\t\t<\/div>\n\t\t\t\t<\/div>\n\t\t\t\t\t<\/div>\n\t\t<\/div>\n\t\t\t\t\t<\/div>\n\t\t<\/section>\n\t\t\t\t<\/div>\n\t\t","protected":false},"excerpt":{"rendered":"<p>I CRIMINI INTERNAZIONALI Fiche 17 Crime d\u2019agression Fiche 16 Crime contre l\u2019Humanit\u00e9 Fiche 15 Crime de guerre Fiche 14 G\u00e9nocide IL PROCESSO EQUO Fiche 21 Proc\u00e8s \u00e9quitable \u2013 Apr\u00e8s le proc\u00e8s Fiche 20 Le proc\u00e8s \u00e9quitable pendant le proc\u00e8s\u00a0 Fiche 19 Proc\u00e8s \u00e9quitable \u2013 Avant le proc\u00e8s\u00a0 Fiche 18 Proc\u00e8s \u00e9quitable \u2013 Pr\u00e9sentation g\u00e9n\u00e9rale\u00a0 I [&hellip;]<\/p>\n","protected":false},"author":1,"featured_media":0,"parent":0,"menu_order":0,"comment_status":"closed","ping_status":"closed","template":"","meta":{"footnotes":""},"class_list":["post-4528","page","type-page","status-publish","hentry"],"_links":{"self":[{"href":"https:\/\/protect-lawyers.org\/it\/wp-json\/wp\/v2\/pages\/4528","targetHints":{"allow":["GET"]}}],"collection":[{"href":"https:\/\/protect-lawyers.org\/it\/wp-json\/wp\/v2\/pages"}],"about":[{"href":"https:\/\/protect-lawyers.org\/it\/wp-json\/wp\/v2\/types\/page"}],"author":[{"embeddable":true,"href":"https:\/\/protect-lawyers.org\/it\/wp-json\/wp\/v2\/users\/1"}],"replies":[{"embeddable":true,"href":"https:\/\/protect-lawyers.org\/it\/wp-json\/wp\/v2\/comments?post=4528"}],"version-history":[{"count":3,"href":"https:\/\/protect-lawyers.org\/it\/wp-json\/wp\/v2\/pages\/4528\/revisions"}],"predecessor-version":[{"id":15898,"href":"https:\/\/protect-lawyers.org\/it\/wp-json\/wp\/v2\/pages\/4528\/revisions\/15898"}],"wp:attachment":[{"href":"https:\/\/protect-lawyers.org\/it\/wp-json\/wp\/v2\/media?parent=4528"}],"curies":[{"name":"wp","href":"https:\/\/api.w.org\/{rel}","templated":true}]}}